{"id":33745,"date":"2026-02-27T00:22:37","date_gmt":"2026-02-27T00:22:37","guid":{"rendered":"https:\/\/nordicmart.andreevmaster.com\/product\/vasagle-konsolipoyta-moderni-sohvapoyta-kultainen-lapinakyva\/"},"modified":"2026-02-27T09:43:01","modified_gmt":"2026-02-27T09:43:01","slug":"vasagle-konsolipoyta-moderni-sohvapoyta-kultainen-lapinakyva","status":"publish","type":"product","link":"https:\/\/nordicmart.andreevmaster.com\/fi\/tuote\/vasagle-konsolipoyta-moderni-sohvapoyta-kultainen-lapinakyva\/","title":{"rendered":"VASAGLE konsolip\u00f6yt\u00e4 moderni sohvap\u00f6yt\u00e4 kultainen-l\u00e4pin\u00e4kyv\u00e4"},"content":{"rendered":"<p>VASAGLE konsolip\u00f6yt\u00e4, sivup\u00f6yt\u00e4 karkaistusta lasista, moderni sohvap\u00f6yt\u00e4, vakaa, helppo koota, s\u00e4\u00e4dett\u00e4v\u00e4t jalat, olohuone, eteinen, kullanv\u00e4rinen LGT26G<br \/>\nV\u00e4ri: Kultaisen l\u00e4pikuultava<br \/>\nMateriaali: lasi, ter\u00e4s<br \/>\nKoko: 35 x 120 x 80 cm (S x L x K)<br \/>\nPaino: 9,3 kg<br \/>\nPinnan maks. staattinen kantavuus: 30 kg<\/p>\n","protected":false},"excerpt":{"rendered":"<p>VASAGLE konsolip\u00f6yt\u00e4, sivup\u00f6yt\u00e4 karkaistusta lasista, moderni sohvap\u00f6yt\u00e4, vakaa, helppo koota, s\u00e4\u00e4dett\u00e4v\u00e4t jalat, olohuone, eteinen, kullanv\u00e4rinen LGT26G<\/p>\n","protected":false},"featured_media":42546,"comment_status":"open","ping_status":"closed","template":"","meta":[],"product_brand":[],"product_cat":[32],"product_tag":[],"class_list":{"0":"post-33745","1":"product","2":"type-product","3":"status-publish","4":"has-post-thumbnail","6":"product_cat-uncategorized-fi","8":"first","9":"instock","10":"shipping-taxable","11":"purchasable","12":"product-type-simple"},"_links":{"self":[{"href":"https:\/\/nordicmart.andreevmaster.com\/fi\/wp-json\/wp\/v2\/product\/33745","targetHints":{"allow":["GET"]}}],"collection":[{"href":"https:\/\/nordicmart.andreevmaster.com\/fi\/wp-json\/wp\/v2\/product"}],"about":[{"href":"https:\/\/nordicmart.andreevmaster.com\/fi\/wp-json\/wp\/v2\/types\/product"}],"replies":[{"embeddable":true,"href":"https:\/\/nordicmart.andreevmaster.com\/fi\/wp-json\/wp\/v2\/comments?post=33745"}],"wp:featuredmedia":[{"embeddable":true,"href":"https:\/\/nordicmart.andreevmaster.com\/fi\/wp-json\/wp\/v2\/media\/42546"}],"wp:attachment":[{"href":"https:\/\/nordicmart.andreevmaster.com\/fi\/wp-json\/wp\/v2\/media?parent=33745"}],"wp:term":[{"taxonomy":"product_brand","embeddable":true,"href":"https:\/\/nordicmart.andreevmaster.com\/fi\/wp-json\/wp\/v2\/product_brand?post=33745"},{"taxonomy":"product_cat","embeddable":true,"href":"https:\/\/nordicmart.andreevmaster.com\/fi\/wp-json\/wp\/v2\/product_cat?post=33745"},{"taxonomy":"product_tag","embeddable":true,"href":"https:\/\/nordicmart.andreevmaster.com\/fi\/wp-json\/wp\/v2\/product_tag?post=33745"}],"curies":[{"name":"wp","href":"https:\/\/api.w.org\/{rel}","templated":true}]}}