{"id":33744,"date":"2026-02-27T00:22:37","date_gmt":"2026-02-27T00:22:37","guid":{"rendered":"https:\/\/nordicmart.andreevmaster.com\/product\/vasagle-sohvapoyta-lasipoyta-terasrunko-musta\/"},"modified":"2026-02-27T09:43:00","modified_gmt":"2026-02-27T09:43:00","slug":"vasagle-sohvapoyta-lasipoyta-terasrunko-musta","status":"publish","type":"product","link":"https:\/\/nordicmart.andreevmaster.com\/fi\/tuote\/vasagle-sohvapoyta-lasipoyta-terasrunko-musta\/","title":{"rendered":"VASAGLE Sohvap\u00f6yt\u00e4 Lasip\u00f6yt\u00e4 Ter\u00e4srunko musta"},"content":{"rendered":"<p>V\u00e4ri: perusmusta<br \/>\nMateriaali: ter\u00e4s, karkaistu lasi<br \/>\nKoko: 55 x 100 x 45 cm (S x L x K)<br \/>\nPaino: 15,8 kg<br \/>\nPinnan maks. staattinen kantavuus: 15 kg<br \/>\nAlemman hyllyn maks. staattinen kantavuus: 25 kg<br \/>\nMaks. staattinen kokonaiskuormitus: 30 kg<\/p>\n","protected":false},"excerpt":{"rendered":"<p>V\u00e4ri: perusmusta Materiaali: ter\u00e4s, karkaistu lasi Koko: 55 x 100 x 45 cm (S x L x K) Paino: 15,8 kg Pinnan maks. staattinen kantavuus: 15 kg Alemman hyllyn maks. staattinen kantavuus: 25 kg Maks. staattinen kokonaiskuormitus: 30 kg<\/p>\n","protected":false},"featured_media":46629,"comment_status":"open","ping_status":"closed","template":"","meta":[],"product_brand":[],"product_cat":[32],"product_tag":[],"class_list":{"0":"post-33744","1":"product","2":"type-product","3":"status-publish","4":"has-post-thumbnail","6":"product_cat-uncategorized-fi","8":"first","9":"instock","10":"shipping-taxable","11":"purchasable","12":"product-type-simple"},"_links":{"self":[{"href":"https:\/\/nordicmart.andreevmaster.com\/fi\/wp-json\/wp\/v2\/product\/33744","targetHints":{"allow":["GET"]}}],"collection":[{"href":"https:\/\/nordicmart.andreevmaster.com\/fi\/wp-json\/wp\/v2\/product"}],"about":[{"href":"https:\/\/nordicmart.andreevmaster.com\/fi\/wp-json\/wp\/v2\/types\/product"}],"replies":[{"embeddable":true,"href":"https:\/\/nordicmart.andreevmaster.com\/fi\/wp-json\/wp\/v2\/comments?post=33744"}],"wp:featuredmedia":[{"embeddable":true,"href":"https:\/\/nordicmart.andreevmaster.com\/fi\/wp-json\/wp\/v2\/media\/46629"}],"wp:attachment":[{"href":"https:\/\/nordicmart.andreevmaster.com\/fi\/wp-json\/wp\/v2\/media?parent=33744"}],"wp:term":[{"taxonomy":"product_brand","embeddable":true,"href":"https:\/\/nordicmart.andreevmaster.com\/fi\/wp-json\/wp\/v2\/product_brand?post=33744"},{"taxonomy":"product_cat","embeddable":true,"href":"https:\/\/nordicmart.andreevmaster.com\/fi\/wp-json\/wp\/v2\/product_cat?post=33744"},{"taxonomy":"product_tag","embeddable":true,"href":"https:\/\/nordicmart.andreevmaster.com\/fi\/wp-json\/wp\/v2\/product_tag?post=33744"}],"curies":[{"name":"wp","href":"https:\/\/api.w.org\/{rel}","templated":true}]}}