{"id":33741,"date":"2026-02-27T00:22:36","date_gmt":"2026-02-27T00:22:36","guid":{"rendered":"https:\/\/nordicmart.andreevmaster.com\/product\/vasagle-sohvapoyta-jossa-on-kova-lasipinta\/"},"modified":"2026-02-27T09:43:00","modified_gmt":"2026-02-27T09:43:00","slug":"vasagle-sohvapoyta-jossa-on-kova-lasipinta","status":"publish","type":"product","link":"https:\/\/nordicmart.andreevmaster.com\/fi\/tuote\/vasagle-sohvapoyta-jossa-on-kova-lasipinta\/","title":{"rendered":"VASAGLE-sohvap\u00f6yt\u00e4, jossa on kova lasipinta"},"content":{"rendered":"<p>Tuotetiedot: &#8211; V\u00e4ri: kultainen-l\u00e4pin\u00e4kyv\u00e4 &#8211; Materiaali: ter\u00e4s, karkaistu lasi &#8211; Koko: 106 x 55 x 45 cm (P x L x K) &#8211; Paino: 12,9 kg &#8211; Pinnan maks. staattinen kantavuus: 40 kg &#8211; Tasojen maks. staattinen kantavuus: 20 kg Toimitus sis\u00e4lt\u00e4\u00e4:- 1 x sohvap\u00f6yt\u00e4 &#8211; 1 x lis\u00e4varustepaketti &#8211; 1 x ohjeet (DE, EN, FR, IT, ES) VASAGLE-ohjeet: &#8211; Turvallisuussyist\u00e4 lapset eiv\u00e4t saa kiivet\u00e4 tuotteen p\u00e4\u00e4lle tai leikki\u00e4 sill\u00e4.<\/p>\n","protected":false},"excerpt":{"rendered":"<p>VASAGLE sohvap\u00f6yt\u00e4, olohuoneen p\u00f6yt\u00e4 karkaistulla lasilla ja tihe\u00e4ll\u00e4 ritil\u00e4hyllyll\u00e4, metallirunko, vakaa, olohuoneeseen, kulta-l\u00e4pin\u00e4kyv\u00e4 LGT031A01<\/p>\n","protected":false},"featured_media":42543,"comment_status":"open","ping_status":"closed","template":"","meta":[],"product_brand":[],"product_cat":[32],"product_tag":[],"class_list":{"0":"post-33741","1":"product","2":"type-product","3":"status-publish","4":"has-post-thumbnail","6":"product_cat-uncategorized-fi","8":"first","9":"instock","10":"shipping-taxable","11":"purchasable","12":"product-type-simple"},"_links":{"self":[{"href":"https:\/\/nordicmart.andreevmaster.com\/fi\/wp-json\/wp\/v2\/product\/33741","targetHints":{"allow":["GET"]}}],"collection":[{"href":"https:\/\/nordicmart.andreevmaster.com\/fi\/wp-json\/wp\/v2\/product"}],"about":[{"href":"https:\/\/nordicmart.andreevmaster.com\/fi\/wp-json\/wp\/v2\/types\/product"}],"replies":[{"embeddable":true,"href":"https:\/\/nordicmart.andreevmaster.com\/fi\/wp-json\/wp\/v2\/comments?post=33741"}],"wp:featuredmedia":[{"embeddable":true,"href":"https:\/\/nordicmart.andreevmaster.com\/fi\/wp-json\/wp\/v2\/media\/42543"}],"wp:attachment":[{"href":"https:\/\/nordicmart.andreevmaster.com\/fi\/wp-json\/wp\/v2\/media?parent=33741"}],"wp:term":[{"taxonomy":"product_brand","embeddable":true,"href":"https:\/\/nordicmart.andreevmaster.com\/fi\/wp-json\/wp\/v2\/product_brand?post=33741"},{"taxonomy":"product_cat","embeddable":true,"href":"https:\/\/nordicmart.andreevmaster.com\/fi\/wp-json\/wp\/v2\/product_cat?post=33741"},{"taxonomy":"product_tag","embeddable":true,"href":"https:\/\/nordicmart.andreevmaster.com\/fi\/wp-json\/wp\/v2\/product_tag?post=33741"}],"curies":[{"name":"wp","href":"https:\/\/api.w.org\/{rel}","templated":true}]}}