{"id":33738,"date":"2026-02-27T00:22:36","date_gmt":"2026-02-27T00:22:36","guid":{"rendered":"https:\/\/nordicmart.andreevmaster.com\/product\/vasagle-sivupoyta-jossa-2-lasista-hyllya\/"},"modified":"2026-02-27T09:42:59","modified_gmt":"2026-02-27T09:42:59","slug":"vasagle-sivupoyta-jossa-2-lasista-hyllya","status":"publish","type":"product","link":"https:\/\/nordicmart.andreevmaster.com\/fi\/tuote\/vasagle-sivupoyta-jossa-2-lasista-hyllya\/","title":{"rendered":"VASAGLE sivup\u00f6yt\u00e4, jossa 2 lasista hylly\u00e4"},"content":{"rendered":"<p>Tyylik\u00e4s sivup\u00f6yt\u00e4, jossa on silmiinpist\u00e4v\u00e4 koriste. He suunnittelivat esimerkiksi yll\u00e4 esitetyn lasip\u00f6yd\u00e4n, jonka avulla saatte paitsi uuden koriste-esineen kukkakuvioilla my\u00f6s kolme tukevaa hylly\u00e4.Lasipinnat kest\u00e4v\u00e4t kukin jopa 40 kg:n painon, alahylly jopa 20 kg:n painon. Voit siis asettaa p\u00f6yd\u00e4lle esille jopa raskaita veistoksia tai suuria kukkamaljakoita. Koristeellinen lasip\u00f6yt\u00e4 sopii paitsi olohuoneen sohvan viereen my\u00f6s s\u00e4ngyn viereen, parvekkeelle tai eteiseen. Voit k\u00e4ytt\u00e4\u00e4 sit\u00e4 my\u00f6s keitti\u00f6n hyllyn\u00e4. Anna sisustuksen mielikuvituksesi lent\u00e4\u00e4. T\u00e4m\u00e4n sivup\u00f6yd\u00e4n ei tarvitse olla ainoa korostusaskel asunnossasi. Tutustu my\u00f6s muihin VASAGLE-lasisten teollisuuskalusteiden sarjan korostuskalusteisiin. Tuotetiedot:- V\u00e4ri: musta, harmahtava lasilevy &#8211; Materiaali: rauta, karkaistu lasi &#8211; Koko: 43,4 x 43,4 x 66,6 cm (P x L x K) &#8211; Paino: 7,1 kg &#8211; Lasipinnan maks. staattinen kantavuus: 40 kg &#8211; Kukkakuvioisen hyllyn maks. staattinen kantavuus: 20 kg Toimitus sis\u00e4lt\u00e4\u00e4:- 1 x sivup\u00f6yt\u00e4, jossa 3 hylly\u00e4 &#8211; 1 x lis\u00e4varustepussi &#8211; 1 x ohjeet (DE, EN, FR, IT, ES)<\/p>\n","protected":false},"excerpt":{"rendered":"<p>VASAGLE sivup\u00f6yt\u00e4, jossa 2 lasista hylly\u00e4, seisomahylly rautakehyksell\u00e4, lasip\u00f6yt\u00e4 kukkakuvioilla, kest\u00e4v\u00e4 karkaistu lasi, SGS-testattu, vakaa, olohuone, makuuhuone, parveke, musta LGT02BK<\/p>\n","protected":false},"featured_media":42540,"comment_status":"open","ping_status":"closed","template":"","meta":[],"product_brand":[],"product_cat":[32],"product_tag":[],"class_list":{"0":"post-33738","1":"product","2":"type-product","3":"status-publish","4":"has-post-thumbnail","6":"product_cat-uncategorized-fi","8":"first","9":"instock","10":"shipping-taxable","11":"purchasable","12":"product-type-simple"},"_links":{"self":[{"href":"https:\/\/nordicmart.andreevmaster.com\/fi\/wp-json\/wp\/v2\/product\/33738","targetHints":{"allow":["GET"]}}],"collection":[{"href":"https:\/\/nordicmart.andreevmaster.com\/fi\/wp-json\/wp\/v2\/product"}],"about":[{"href":"https:\/\/nordicmart.andreevmaster.com\/fi\/wp-json\/wp\/v2\/types\/product"}],"replies":[{"embeddable":true,"href":"https:\/\/nordicmart.andreevmaster.com\/fi\/wp-json\/wp\/v2\/comments?post=33738"}],"wp:featuredmedia":[{"embeddable":true,"href":"https:\/\/nordicmart.andreevmaster.com\/fi\/wp-json\/wp\/v2\/media\/42540"}],"wp:attachment":[{"href":"https:\/\/nordicmart.andreevmaster.com\/fi\/wp-json\/wp\/v2\/media?parent=33738"}],"wp:term":[{"taxonomy":"product_brand","embeddable":true,"href":"https:\/\/nordicmart.andreevmaster.com\/fi\/wp-json\/wp\/v2\/product_brand?post=33738"},{"taxonomy":"product_cat","embeddable":true,"href":"https:\/\/nordicmart.andreevmaster.com\/fi\/wp-json\/wp\/v2\/product_cat?post=33738"},{"taxonomy":"product_tag","embeddable":true,"href":"https:\/\/nordicmart.andreevmaster.com\/fi\/wp-json\/wp\/v2\/product_tag?post=33738"}],"curies":[{"name":"wp","href":"https:\/\/api.w.org\/{rel}","templated":true}]}}