{"id":33736,"date":"2026-02-27T00:22:35","date_gmt":"2026-02-27T00:22:35","guid":{"rendered":"https:\/\/nordicmart.andreevmaster.com\/product\/vasagle-hylly-5-hyllya-helppo-asentaa-lapinakyva-mustanmusta\/"},"modified":"2026-02-27T09:42:59","modified_gmt":"2026-02-27T09:42:59","slug":"vasagle-hylly-5-hyllya-helppo-asentaa-lapinakyva-mustanmusta","status":"publish","type":"product","link":"https:\/\/nordicmart.andreevmaster.com\/fi\/tuote\/vasagle-hylly-5-hyllya-helppo-asentaa-lapinakyva-mustanmusta\/","title":{"rendered":"VASAGLE hylly, 5 hylly\u00e4, helppo asentaa, l\u00e4pin\u00e4kyv\u00e4-mustanmusta"},"content":{"rendered":"<p>VASAGLE hyllykk\u00f6, kirjahylly, kylpyhuonehylly, 5 tasoa, keitti\u00f6hylly, kapea, hylly, kylpyhuonehylly, olohuoneeseen, makuuhuoneeseen, ty\u00f6huoneeseen, karkaistu lasi, ter\u00e4srunko, kullanv\u00e4rinen LGT029A01<br \/>\nV\u00e4ri: l\u00e4pin\u00e4kyv\u00e4 musta<br \/>\nMateriaali: metalli, lasi<br \/>\nKoko: 30 x 40 x 124,5 cm (S x L x K)<br \/>\nPaino: 8,2 kg<br \/>\nMaks. staattinen kantavuus hylly\u00e4 kohti: 10 kg<br \/>\nMaks. staattinen kokonaiskuormitus: 50 kg<\/p>\n","protected":false},"excerpt":{"rendered":"<p>VASAGLE hyllykk\u00f6, kirjahylly, kylpyhuonehylly, 5 tasoa, keitti\u00f6hylly, kapea, hylly, kylpyhuonehylly, olohuoneeseen, makuuhuoneeseen, ty\u00f6huoneeseen, karkaistu lasi, ter\u00e4srunko, kullanv\u00e4rinen LGT029A01<\/p>\n","protected":false},"featured_media":42538,"comment_status":"open","ping_status":"closed","template":"","meta":[],"product_brand":[],"product_cat":[32],"product_tag":[],"class_list":{"0":"post-33736","1":"product","2":"type-product","3":"status-publish","4":"has-post-thumbnail","6":"product_cat-uncategorized-fi","8":"first","9":"instock","10":"shipping-taxable","11":"purchasable","12":"product-type-simple"},"_links":{"self":[{"href":"https:\/\/nordicmart.andreevmaster.com\/fi\/wp-json\/wp\/v2\/product\/33736","targetHints":{"allow":["GET"]}}],"collection":[{"href":"https:\/\/nordicmart.andreevmaster.com\/fi\/wp-json\/wp\/v2\/product"}],"about":[{"href":"https:\/\/nordicmart.andreevmaster.com\/fi\/wp-json\/wp\/v2\/types\/product"}],"replies":[{"embeddable":true,"href":"https:\/\/nordicmart.andreevmaster.com\/fi\/wp-json\/wp\/v2\/comments?post=33736"}],"wp:featuredmedia":[{"embeddable":true,"href":"https:\/\/nordicmart.andreevmaster.com\/fi\/wp-json\/wp\/v2\/media\/42538"}],"wp:attachment":[{"href":"https:\/\/nordicmart.andreevmaster.com\/fi\/wp-json\/wp\/v2\/media?parent=33736"}],"wp:term":[{"taxonomy":"product_brand","embeddable":true,"href":"https:\/\/nordicmart.andreevmaster.com\/fi\/wp-json\/wp\/v2\/product_brand?post=33736"},{"taxonomy":"product_cat","embeddable":true,"href":"https:\/\/nordicmart.andreevmaster.com\/fi\/wp-json\/wp\/v2\/product_cat?post=33736"},{"taxonomy":"product_tag","embeddable":true,"href":"https:\/\/nordicmart.andreevmaster.com\/fi\/wp-json\/wp\/v2\/product_tag?post=33736"}],"curies":[{"name":"wp","href":"https:\/\/api.w.org\/{rel}","templated":true}]}}