{"id":33733,"date":"2026-02-27T00:22:34","date_gmt":"2026-02-27T00:22:34","guid":{"rendered":"https:\/\/nordicmart.andreevmaster.com\/product\/vasagle-hyllykko-4-hyllya-karkaistua-lasia-musta\/"},"modified":"2026-02-27T09:42:58","modified_gmt":"2026-02-27T09:42:58","slug":"vasagle-hyllykko-4-hyllya-karkaistua-lasia-musta","status":"publish","type":"product","link":"https:\/\/nordicmart.andreevmaster.com\/fi\/tuote\/vasagle-hyllykko-4-hyllya-karkaistua-lasia-musta\/","title":{"rendered":"VASAGLE -hyllykk\u00f6, 4 hylly\u00e4 karkaistua lasia, musta"},"content":{"rendered":"<p>Tuotetiedot: V\u00e4ri: musta Materiaali: metalli, lasi Koko: 40 x 30 x 95 cm (P x L x K) Paino: 6,3 kg Maks. staattinen kantavuus hyllytasoa kohti: 10 kg Maks. staattinen kantavuus yhteens\u00e4: 40 kg Toimitus sis\u00e4lt\u00e4\u00e4: 1 x metallihylly 1 x kaatumissuoja 1 x lis\u00e4varustepaketti 1 x ohjeet<\/p>\n","protected":false},"excerpt":{"rendered":"<p>VASAGLE kylpyhuonehylly, keitti\u00f6hylly, lattiateline, eteishylly, kasvihylly, 4 kovaa lasihylly\u00e4, helppo asentaa, olohuone, makuuhuone, toimisto, musta LGT028B61<\/p>\n","protected":false},"featured_media":0,"comment_status":"open","ping_status":"closed","template":"","meta":[],"product_brand":[],"product_cat":[32],"product_tag":[],"class_list":{"0":"post-33733","1":"product","2":"type-product","3":"status-publish","5":"product_cat-uncategorized-fi","7":"first","8":"instock","9":"shipping-taxable","10":"purchasable","11":"product-type-simple"},"_links":{"self":[{"href":"https:\/\/nordicmart.andreevmaster.com\/fi\/wp-json\/wp\/v2\/product\/33733","targetHints":{"allow":["GET"]}}],"collection":[{"href":"https:\/\/nordicmart.andreevmaster.com\/fi\/wp-json\/wp\/v2\/product"}],"about":[{"href":"https:\/\/nordicmart.andreevmaster.com\/fi\/wp-json\/wp\/v2\/types\/product"}],"replies":[{"embeddable":true,"href":"https:\/\/nordicmart.andreevmaster.com\/fi\/wp-json\/wp\/v2\/comments?post=33733"}],"wp:attachment":[{"href":"https:\/\/nordicmart.andreevmaster.com\/fi\/wp-json\/wp\/v2\/media?parent=33733"}],"wp:term":[{"taxonomy":"product_brand","embeddable":true,"href":"https:\/\/nordicmart.andreevmaster.com\/fi\/wp-json\/wp\/v2\/product_brand?post=33733"},{"taxonomy":"product_cat","embeddable":true,"href":"https:\/\/nordicmart.andreevmaster.com\/fi\/wp-json\/wp\/v2\/product_cat?post=33733"},{"taxonomy":"product_tag","embeddable":true,"href":"https:\/\/nordicmart.andreevmaster.com\/fi\/wp-json\/wp\/v2\/product_tag?post=33733"}],"curies":[{"name":"wp","href":"https:\/\/api.w.org\/{rel}","templated":true}]}}