{"id":33727,"date":"2026-02-27T00:22:33","date_gmt":"2026-02-27T00:22:33","guid":{"rendered":"https:\/\/nordicmart.andreevmaster.com\/product\/vasagle-konsolipoyta-kova-lasipinta-helmenvalkoinen-liuskekiviharmaa\/"},"modified":"2026-02-27T09:42:57","modified_gmt":"2026-02-27T09:42:57","slug":"vasagle-konsolipoyta-kova-lasipinta-helmenvalkoinen-liuskekiviharmaa","status":"publish","type":"product","link":"https:\/\/nordicmart.andreevmaster.com\/fi\/tuote\/vasagle-konsolipoyta-kova-lasipinta-helmenvalkoinen-liuskekiviharmaa\/","title":{"rendered":"VASAGLE konsolip\u00f6yt\u00e4 Kova lasipinta, helmenvalkoinen-liuskekiviharmaa"},"content":{"rendered":"<p>VASAGLE konsolip\u00f6yt\u00e4, sivup\u00f6yt\u00e4, 2 hylly\u00e4, karkaistu lasi, s\u00e4ilytyshylly, metallirunko, s\u00e4\u00e4dett\u00e4v\u00e4t jalat, olohuoneeseen, eteiseen, kultainen LGT025A01<br \/>\nV\u00e4ri: helmenvalkoinen-liuskekivi<br \/>\nMateriaali: lasi, ter\u00e4s<br \/>\nKoko: 35 x 100 x 80 cm (S x L x K)<br \/>\nPaino: 13,8 kg<br \/>\nPinnan maks. staattinen kantavuus: 20 kg<\/p>\n","protected":false},"excerpt":{"rendered":"<p>VASAGLE konsolip\u00f6yt\u00e4, sivup\u00f6yt\u00e4, 2 hylly\u00e4, karkaistu lasi, s\u00e4ilytyshylly, metallirunko, s\u00e4\u00e4dett\u00e4v\u00e4t jalat, olohuoneeseen, eteiseen, kultainen LGT025A01<\/p>\n","protected":false},"featured_media":42532,"comment_status":"open","ping_status":"closed","template":"","meta":[],"product_brand":[],"product_cat":[32],"product_tag":[],"class_list":{"0":"post-33727","1":"product","2":"type-product","3":"status-publish","4":"has-post-thumbnail","6":"product_cat-uncategorized-fi","8":"first","9":"instock","10":"shipping-taxable","11":"purchasable","12":"product-type-simple"},"_links":{"self":[{"href":"https:\/\/nordicmart.andreevmaster.com\/fi\/wp-json\/wp\/v2\/product\/33727","targetHints":{"allow":["GET"]}}],"collection":[{"href":"https:\/\/nordicmart.andreevmaster.com\/fi\/wp-json\/wp\/v2\/product"}],"about":[{"href":"https:\/\/nordicmart.andreevmaster.com\/fi\/wp-json\/wp\/v2\/types\/product"}],"replies":[{"embeddable":true,"href":"https:\/\/nordicmart.andreevmaster.com\/fi\/wp-json\/wp\/v2\/comments?post=33727"}],"wp:featuredmedia":[{"embeddable":true,"href":"https:\/\/nordicmart.andreevmaster.com\/fi\/wp-json\/wp\/v2\/media\/42532"}],"wp:attachment":[{"href":"https:\/\/nordicmart.andreevmaster.com\/fi\/wp-json\/wp\/v2\/media?parent=33727"}],"wp:term":[{"taxonomy":"product_brand","embeddable":true,"href":"https:\/\/nordicmart.andreevmaster.com\/fi\/wp-json\/wp\/v2\/product_brand?post=33727"},{"taxonomy":"product_cat","embeddable":true,"href":"https:\/\/nordicmart.andreevmaster.com\/fi\/wp-json\/wp\/v2\/product_cat?post=33727"},{"taxonomy":"product_tag","embeddable":true,"href":"https:\/\/nordicmart.andreevmaster.com\/fi\/wp-json\/wp\/v2\/product_tag?post=33727"}],"curies":[{"name":"wp","href":"https:\/\/api.w.org\/{rel}","templated":true}]}}