{"id":33725,"date":"2026-02-27T00:22:32","date_gmt":"2026-02-27T00:22:32","guid":{"rendered":"https:\/\/nordicmart.andreevmaster.com\/product\/vasagle-konsolipoyta-kullanvarinen\/"},"modified":"2026-02-27T09:42:57","modified_gmt":"2026-02-27T09:42:57","slug":"vasagle-konsolipoyta-kullanvarinen","status":"publish","type":"product","link":"https:\/\/nordicmart.andreevmaster.com\/fi\/tuote\/vasagle-konsolipoyta-kullanvarinen\/","title":{"rendered":"VASAGLE konsolip\u00f6yt\u00e4, kullanv\u00e4rinen"},"content":{"rendered":"<p>Tuotetiedot: &#8211; V\u00e4ri: kultainen &#8211; Materiaali: metalli, lasi &#8211; Koko: 100 x 35 x 80 cm (P x L x K) &#8211; Paino: 13,8 kg &#8211; Maks. staattinen kantavuus hylly\u00e4 kohti: 20 kg Toimitus sis\u00e4lt\u00e4\u00e4:- 1 x konsolip\u00f6yt\u00e4 &#8211; 1 x lis\u00e4varustepaketti &#8211; 1 x ohjeet (DE, EN, ES, FR, IT) VASAGLE-ohjeet: &#8211; Turvallisuussyist\u00e4 lapset eiv\u00e4t saa kiivet\u00e4 tuotteelle tai leikki\u00e4 sill\u00e4. &#8211; Kiinnit\u00e4 t\u00e4m\u00e4 tuote sein\u00e4\u00e4n mukana toimitetulla kaatumissuojalla turvallisen k\u00e4yt\u00f6n varmistamiseksi.<\/p>\n","protected":false},"excerpt":{"rendered":"<p>VASAGLE konsolip\u00f6yt\u00e4, sivup\u00f6yt\u00e4, 2 hylly\u00e4, karkaistu lasi, s\u00e4ilytyshylly, metallirunko, s\u00e4\u00e4dett\u00e4v\u00e4t jalat, olohuoneeseen, eteiseen, kultainen LGT025A01<\/p>\n","protected":false},"featured_media":0,"comment_status":"open","ping_status":"closed","template":"","meta":[],"product_brand":[],"product_cat":[32],"product_tag":[],"class_list":{"0":"post-33725","1":"product","2":"type-product","3":"status-publish","5":"product_cat-uncategorized-fi","7":"first","8":"instock","9":"shipping-taxable","10":"purchasable","11":"product-type-simple"},"_links":{"self":[{"href":"https:\/\/nordicmart.andreevmaster.com\/fi\/wp-json\/wp\/v2\/product\/33725","targetHints":{"allow":["GET"]}}],"collection":[{"href":"https:\/\/nordicmart.andreevmaster.com\/fi\/wp-json\/wp\/v2\/product"}],"about":[{"href":"https:\/\/nordicmart.andreevmaster.com\/fi\/wp-json\/wp\/v2\/types\/product"}],"replies":[{"embeddable":true,"href":"https:\/\/nordicmart.andreevmaster.com\/fi\/wp-json\/wp\/v2\/comments?post=33725"}],"wp:attachment":[{"href":"https:\/\/nordicmart.andreevmaster.com\/fi\/wp-json\/wp\/v2\/media?parent=33725"}],"wp:term":[{"taxonomy":"product_brand","embeddable":true,"href":"https:\/\/nordicmart.andreevmaster.com\/fi\/wp-json\/wp\/v2\/product_brand?post=33725"},{"taxonomy":"product_cat","embeddable":true,"href":"https:\/\/nordicmart.andreevmaster.com\/fi\/wp-json\/wp\/v2\/product_cat?post=33725"},{"taxonomy":"product_tag","embeddable":true,"href":"https:\/\/nordicmart.andreevmaster.com\/fi\/wp-json\/wp\/v2\/product_tag?post=33725"}],"curies":[{"name":"wp","href":"https:\/\/api.w.org\/{rel}","templated":true}]}}