{"id":33724,"date":"2026-02-27T00:22:32","date_gmt":"2026-02-27T00:22:32","guid":{"rendered":"https:\/\/nordicmart.andreevmaster.com\/product\/vasagle-konsolipoyta-3-kovaa-lasihyllya\/"},"modified":"2026-02-27T09:42:57","modified_gmt":"2026-02-27T09:42:57","slug":"vasagle-konsolipoyta-3-kovaa-lasihyllya","status":"publish","type":"product","link":"https:\/\/nordicmart.andreevmaster.com\/fi\/tuote\/vasagle-konsolipoyta-3-kovaa-lasihyllya\/","title":{"rendered":"VASAGLE konsolip\u00f6yt\u00e4, 3 kovaa lasihylly\u00e4"},"content":{"rendered":"<p>VASAGLE konsolip\u00f6yt\u00e4, eteisp\u00f6yt\u00e4, 3 tasoa, sivup\u00f6yt\u00e4, kova lasihyllyt, 130 x 30 x 73 cm, metallirunko, moderni, eteiseen, olohuoneeseen, makuuhuoneeseen, kullanv\u00e4rinen LGT024A01<br \/>\nV\u00e4ri: muste-musta, liuskekivi-harmaa<br \/>\nMateriaali: karkaistu lasi, ter\u00e4s<br \/>\nKoko: 30 x 130 x 73 cm (S x L x K)<br \/>\nPaino: 18,6 kg<br \/>\nMaks. staattinen kantavuus: 40 kg<\/p>\n","protected":false},"excerpt":{"rendered":"<p>VASAGLE konsolip\u00f6yt\u00e4, eteisp\u00f6yt\u00e4, 3 tasoa, sivup\u00f6yt\u00e4, kova lasihyllyt, 130 x 30 x 73 cm, metallirunko, moderni, eteiseen, olohuoneeseen, makuuhuoneeseen, kullanv\u00e4rinen LGT024A01<\/p>\n","protected":false},"featured_media":42531,"comment_status":"open","ping_status":"closed","template":"","meta":[],"product_brand":[],"product_cat":[32],"product_tag":[],"class_list":{"0":"post-33724","1":"product","2":"type-product","3":"status-publish","4":"has-post-thumbnail","6":"product_cat-uncategorized-fi","8":"first","9":"instock","10":"shipping-taxable","11":"purchasable","12":"product-type-simple"},"_links":{"self":[{"href":"https:\/\/nordicmart.andreevmaster.com\/fi\/wp-json\/wp\/v2\/product\/33724","targetHints":{"allow":["GET"]}}],"collection":[{"href":"https:\/\/nordicmart.andreevmaster.com\/fi\/wp-json\/wp\/v2\/product"}],"about":[{"href":"https:\/\/nordicmart.andreevmaster.com\/fi\/wp-json\/wp\/v2\/types\/product"}],"replies":[{"embeddable":true,"href":"https:\/\/nordicmart.andreevmaster.com\/fi\/wp-json\/wp\/v2\/comments?post=33724"}],"wp:featuredmedia":[{"embeddable":true,"href":"https:\/\/nordicmart.andreevmaster.com\/fi\/wp-json\/wp\/v2\/media\/42531"}],"wp:attachment":[{"href":"https:\/\/nordicmart.andreevmaster.com\/fi\/wp-json\/wp\/v2\/media?parent=33724"}],"wp:term":[{"taxonomy":"product_brand","embeddable":true,"href":"https:\/\/nordicmart.andreevmaster.com\/fi\/wp-json\/wp\/v2\/product_brand?post=33724"},{"taxonomy":"product_cat","embeddable":true,"href":"https:\/\/nordicmart.andreevmaster.com\/fi\/wp-json\/wp\/v2\/product_cat?post=33724"},{"taxonomy":"product_tag","embeddable":true,"href":"https:\/\/nordicmart.andreevmaster.com\/fi\/wp-json\/wp\/v2\/product_tag?post=33724"}],"curies":[{"name":"wp","href":"https:\/\/api.w.org\/{rel}","templated":true}]}}