{"id":33717,"date":"2026-02-27T00:22:30","date_gmt":"2026-02-27T00:22:30","guid":{"rendered":"https:\/\/nordicmart.andreevmaster.com\/product\/vasagle-pyorea-sivupoyta-lasipoyta-laakerinvihrea-lapinakyva\/"},"modified":"2026-02-27T09:42:55","modified_gmt":"2026-02-27T09:42:55","slug":"vasagle-pyorea-sivupoyta-lasipoyta-laakerinvihrea-lapinakyva","status":"publish","type":"product","link":"https:\/\/nordicmart.andreevmaster.com\/fi\/tuote\/vasagle-pyorea-sivupoyta-lasipoyta-laakerinvihrea-lapinakyva\/","title":{"rendered":"VASAGLE py\u00f6re\u00e4 sivup\u00f6yt\u00e4 lasip\u00f6yt\u00e4 laakerinvihre\u00e4-l\u00e4pin\u00e4kyv\u00e4"},"content":{"rendered":"<p>VASAGLE py\u00f6re\u00e4 sivup\u00f6yt\u00e4, pieni sohvap\u00f6yt\u00e4, lasip\u00f6yt\u00e4 metallirungolla, y\u00f6p\u00f6yt\u00e4, sohvap\u00f6yt\u00e4, parveke, karkaistu lasi, musta LGT020B01<br \/>\nV\u00e4ri: laakerinvihre\u00e4-l\u00e4pin\u00e4kyv\u00e4<br \/>\nMateriaali: ter\u00e4s, karkaistu lasi<br \/>\nKoko: 50 x 55 cm (\u00d8 x H)<br \/>\nPaino: 4,6 kg<br \/>\nMaks. staattinen kantavuus: 40 kg<\/p>\n","protected":false},"excerpt":{"rendered":"<p>VASAGLE py\u00f6re\u00e4 sivup\u00f6yt\u00e4, pieni sohvap\u00f6yt\u00e4, lasip\u00f6yt\u00e4 metallirungolla, y\u00f6p\u00f6yt\u00e4, sohvap\u00f6yt\u00e4, parveke, karkaistu lasi, musta LGT020B01<\/p>\n","protected":false},"featured_media":42525,"comment_status":"open","ping_status":"closed","template":"","meta":[],"product_brand":[],"product_cat":[32],"product_tag":[],"class_list":{"0":"post-33717","1":"product","2":"type-product","3":"status-publish","4":"has-post-thumbnail","6":"product_cat-uncategorized-fi","8":"first","9":"instock","10":"shipping-taxable","11":"purchasable","12":"product-type-simple"},"_links":{"self":[{"href":"https:\/\/nordicmart.andreevmaster.com\/fi\/wp-json\/wp\/v2\/product\/33717","targetHints":{"allow":["GET"]}}],"collection":[{"href":"https:\/\/nordicmart.andreevmaster.com\/fi\/wp-json\/wp\/v2\/product"}],"about":[{"href":"https:\/\/nordicmart.andreevmaster.com\/fi\/wp-json\/wp\/v2\/types\/product"}],"replies":[{"embeddable":true,"href":"https:\/\/nordicmart.andreevmaster.com\/fi\/wp-json\/wp\/v2\/comments?post=33717"}],"wp:featuredmedia":[{"embeddable":true,"href":"https:\/\/nordicmart.andreevmaster.com\/fi\/wp-json\/wp\/v2\/media\/42525"}],"wp:attachment":[{"href":"https:\/\/nordicmart.andreevmaster.com\/fi\/wp-json\/wp\/v2\/media?parent=33717"}],"wp:term":[{"taxonomy":"product_brand","embeddable":true,"href":"https:\/\/nordicmart.andreevmaster.com\/fi\/wp-json\/wp\/v2\/product_brand?post=33717"},{"taxonomy":"product_cat","embeddable":true,"href":"https:\/\/nordicmart.andreevmaster.com\/fi\/wp-json\/wp\/v2\/product_cat?post=33717"},{"taxonomy":"product_tag","embeddable":true,"href":"https:\/\/nordicmart.andreevmaster.com\/fi\/wp-json\/wp\/v2\/product_tag?post=33717"}],"curies":[{"name":"wp","href":"https:\/\/api.w.org\/{rel}","templated":true}]}}