{"id":33715,"date":"2026-02-27T00:22:30","date_gmt":"2026-02-27T00:22:30","guid":{"rendered":"https:\/\/nordicmart.andreevmaster.com\/product\/vasagle-pieni-lasipoyta-kukkakuvioilla\/"},"modified":"2026-02-27T09:42:55","modified_gmt":"2026-02-27T09:42:55","slug":"vasagle-pieni-lasipoyta-kukkakuvioilla","status":"publish","type":"product","link":"https:\/\/nordicmart.andreevmaster.com\/fi\/tuote\/vasagle-pieni-lasipoyta-kukkakuvioilla\/","title":{"rendered":"VASAGLE Pieni lasip\u00f6yt\u00e4 kukkakuvioilla"},"content":{"rendered":"<p>SONGMICS-suunnittelijat luovat p\u00e4ivitt\u00e4in kirjahyllyjen ja vaatekaappien kaltaisten tavallisten tuotteiden lis\u00e4ksi my\u00f6s erityisi\u00e4 huonekaluja. N\u00e4in he antavat sinulle mahdollisuuden tehd\u00e4 kodistasi jotain aivan poikkeuksellista. Tyylik\u00e4s sivup\u00f6yt\u00e4, jossa on silmiinpist\u00e4v\u00e4 koriste. Koristeellinen lasip\u00f6yt\u00e4 sopii paitsi olohuoneen sohvan viereen my\u00f6s s\u00e4ngyn viereen, parvekkeelle tai eteiseen. Anna sisustusfantasian lent\u00e4\u00e4. T\u00e4m\u00e4n sivup\u00f6yd\u00e4n ei tarvitse olla ainoa kohokohta asunnossasi. Tutustu my\u00f6s muihin SONGMICS-korostuskalusteisiin. Tuotetiedot: V\u00e4ri: musta, harmahtava lasilevy Materiaali: Karkaistu lasi, ter\u00e4s Koko: 43,4 x 43,4 x 50,7 cm (P x L x K) Paino: 4,6 kg Lasipinnan maks. kantavuus: 40 kg Hyllyn maks. kantavuus: 20 kg Toimitus sis\u00e4lt\u00e4\u00e4: 1 x sivup\u00f6yt\u00e4 1 x tarvikepussi 1 x ohjeet (DE, EN, FR, IT, ES)<\/p>\n","protected":false},"excerpt":{"rendered":"<p>VASAGLE sivup\u00f6yt\u00e4 lasi, sohvap\u00f6yt\u00e4 koristellulla hyllyll\u00e4, y\u00f6p\u00f6yt\u00e4, kova lasi, SGS-testattu, koristeellinen, olohuone, makuuhuone, 43,4 x 43,4 x 50,7 cm, musta LGT01BK<\/p>\n","protected":false},"featured_media":42524,"comment_status":"open","ping_status":"closed","template":"","meta":[],"product_brand":[],"product_cat":[32],"product_tag":[],"class_list":{"0":"post-33715","1":"product","2":"type-product","3":"status-publish","4":"has-post-thumbnail","6":"product_cat-uncategorized-fi","8":"first","9":"instock","10":"shipping-taxable","11":"purchasable","12":"product-type-simple"},"_links":{"self":[{"href":"https:\/\/nordicmart.andreevmaster.com\/fi\/wp-json\/wp\/v2\/product\/33715","targetHints":{"allow":["GET"]}}],"collection":[{"href":"https:\/\/nordicmart.andreevmaster.com\/fi\/wp-json\/wp\/v2\/product"}],"about":[{"href":"https:\/\/nordicmart.andreevmaster.com\/fi\/wp-json\/wp\/v2\/types\/product"}],"replies":[{"embeddable":true,"href":"https:\/\/nordicmart.andreevmaster.com\/fi\/wp-json\/wp\/v2\/comments?post=33715"}],"wp:featuredmedia":[{"embeddable":true,"href":"https:\/\/nordicmart.andreevmaster.com\/fi\/wp-json\/wp\/v2\/media\/42524"}],"wp:attachment":[{"href":"https:\/\/nordicmart.andreevmaster.com\/fi\/wp-json\/wp\/v2\/media?parent=33715"}],"wp:term":[{"taxonomy":"product_brand","embeddable":true,"href":"https:\/\/nordicmart.andreevmaster.com\/fi\/wp-json\/wp\/v2\/product_brand?post=33715"},{"taxonomy":"product_cat","embeddable":true,"href":"https:\/\/nordicmart.andreevmaster.com\/fi\/wp-json\/wp\/v2\/product_cat?post=33715"},{"taxonomy":"product_tag","embeddable":true,"href":"https:\/\/nordicmart.andreevmaster.com\/fi\/wp-json\/wp\/v2\/product_tag?post=33715"}],"curies":[{"name":"wp","href":"https:\/\/api.w.org\/{rel}","templated":true}]}}