{"id":33714,"date":"2026-02-27T00:22:30","date_gmt":"2026-02-27T00:22:30","guid":{"rendered":"https:\/\/nordicmart.andreevmaster.com\/product\/songmics-lipasto-kangaspusseilla\/"},"modified":"2026-02-27T09:42:55","modified_gmt":"2026-02-27T09:42:55","slug":"songmics-lipasto-kangaspusseilla","status":"publish","type":"product","link":"https:\/\/nordicmart.andreevmaster.com\/fi\/tuote\/songmics-lipasto-kangaspusseilla\/","title":{"rendered":"SONGMICS-lipasto kangaspusseilla"},"content":{"rendered":"<p>Paljon huomiota yksityiskohtiin: \u00c4l\u00e4 huoli, jos sinulla on lapsia, sill\u00e4 t\u00e4m\u00e4n lipaston muotoilu on lapsille sopiva. Mukana toimitettu kaatumissuoja takaa turvallisen ymp\u00e4rist\u00f6n perheellesi, ja kangaspussilla varustetut laatikot est\u00e4v\u00e4t pienten k\u00e4sien j\u00e4\u00e4misen puristuksiin, kun lapsesi haluavat laittaa vaatteitaan laatikoihin itse. Helppo kokoaminen: Yksinkertaisen muotoilun ja mukana toimitettujen asennustarvikkeiden ansiosta sinun ei tarvitse viett\u00e4\u00e4 koko sunnuntai-iltap\u00e4iv\u00e4\u00e4 kokoamisessa. Seuraa vain helppotajuisia ohjeita, ja saat t\u00e4m\u00e4n lipaston koottua hetkess\u00e4. Tuotetiedot: &#8211; V\u00e4ri: Vintage-ruskea-musta &#8211; Materiaali: MDF (keskitihe\u00e4 kuitulevy), metalli, kuitukangas, massiivipuu &#8211; Kokonaismitat: 56 x 30 x 89,3 cm (P x L x K) &#8211; Paino: 8,5 kg &#8211; Pinnan maks. staattinen kantavuus: 15 kg &#8211; Jokaisen laatikon maks. staattinen kantavuus: 3 kg Toimitus sis\u00e4lt\u00e4\u00e4:- 1 x s\u00e4ilytyskaappi &#8211; 1 x kuusiokoloavain &#8211; 1 x lis\u00e4varustepaketti &#8211; 1 x ohjeet SONGMICS-huomautukset: &#8211; Laatikot ovat kangasta, \u00e4l\u00e4 laita niihin liian painavia esineit\u00e4. &#8211; Laatikot eiv\u00e4t ole pest\u00e4vi\u00e4! Puhdista lika kostealla liinalla.- Tuote saattaa tuoksua &#8221;uudelta&#8221; avattaessa. Siin\u00e4 tapauksessa voit sijoittaa sen hyvin ilmastoituun tilaan. &#8211; Kiinnit\u00e4 t\u00e4m\u00e4 tuote sein\u00e4\u00e4n mukana toimitetulla kaatumissuojalla turvallisen k\u00e4yt\u00f6n varmistamiseksi.<\/p>\n","protected":false},"excerpt":{"rendered":"<p>SONGMICS lipasto, s\u00e4ilytyskaappi, kangaspaljetit MDF-etupuolella, teollinen muotoilu, eteiseen, olohuoneeseen, vintage-ruskea-musta LGS45H<\/p>\n","protected":false},"featured_media":42523,"comment_status":"open","ping_status":"closed","template":"","meta":[],"product_brand":[],"product_cat":[32],"product_tag":[],"class_list":{"0":"post-33714","1":"product","2":"type-product","3":"status-publish","4":"has-post-thumbnail","6":"product_cat-uncategorized-fi","8":"first","9":"instock","10":"shipping-taxable","11":"purchasable","12":"product-type-simple"},"_links":{"self":[{"href":"https:\/\/nordicmart.andreevmaster.com\/fi\/wp-json\/wp\/v2\/product\/33714","targetHints":{"allow":["GET"]}}],"collection":[{"href":"https:\/\/nordicmart.andreevmaster.com\/fi\/wp-json\/wp\/v2\/product"}],"about":[{"href":"https:\/\/nordicmart.andreevmaster.com\/fi\/wp-json\/wp\/v2\/types\/product"}],"replies":[{"embeddable":true,"href":"https:\/\/nordicmart.andreevmaster.com\/fi\/wp-json\/wp\/v2\/comments?post=33714"}],"wp:featuredmedia":[{"embeddable":true,"href":"https:\/\/nordicmart.andreevmaster.com\/fi\/wp-json\/wp\/v2\/media\/42523"}],"wp:attachment":[{"href":"https:\/\/nordicmart.andreevmaster.com\/fi\/wp-json\/wp\/v2\/media?parent=33714"}],"wp:term":[{"taxonomy":"product_brand","embeddable":true,"href":"https:\/\/nordicmart.andreevmaster.com\/fi\/wp-json\/wp\/v2\/product_brand?post=33714"},{"taxonomy":"product_cat","embeddable":true,"href":"https:\/\/nordicmart.andreevmaster.com\/fi\/wp-json\/wp\/v2\/product_cat?post=33714"},{"taxonomy":"product_tag","embeddable":true,"href":"https:\/\/nordicmart.andreevmaster.com\/fi\/wp-json\/wp\/v2\/product_tag?post=33714"}],"curies":[{"name":"wp","href":"https:\/\/api.w.org\/{rel}","templated":true}]}}