{"id":33713,"date":"2026-02-27T00:22:29","date_gmt":"2026-02-27T00:22:29","guid":{"rendered":"https:\/\/nordicmart.andreevmaster.com\/product\/songmics-lipasto-6-kangaspussilla-varustettua-laatikkoa\/"},"modified":"2026-02-27T09:42:54","modified_gmt":"2026-02-27T09:42:54","slug":"songmics-lipasto-6-kangaspussilla-varustettua-laatikkoa","status":"publish","type":"product","link":"https:\/\/nordicmart.andreevmaster.com\/fi\/tuote\/songmics-lipasto-6-kangaspussilla-varustettua-laatikkoa\/","title":{"rendered":"SONGMICS lipasto, 6 kangaspussilla varustettua laatikkoa"},"content":{"rendered":"<p>Paljon huomiota yksityiskohtiin \u00c4l\u00e4 huoli, jos sinulla on lapsia, sill\u00e4 t\u00e4m\u00e4n y\u00f6p\u00f6yd\u00e4n muotoilu on lapsille sopiva. Mukana toimitettu kaatumissuoja takaa turvallisen ymp\u00e4rist\u00f6n perheellesi, ja kangaspussit est\u00e4v\u00e4t pienten k\u00e4sien j\u00e4\u00e4misen puristuksiin, kun lapsesi haluavat laittaa vaatteitaan itse pussiin.Helppo koota Yksinkertaisen muotoilun ja mukana toimitettujen asennustarvikkeiden ansiosta sinun ei tarvitse viett\u00e4\u00e4 koko sunnuntai-iltap\u00e4iv\u00e4\u00e4si kokoamisessa. Seuraa vain helppotajuisia ohjeita, niin saat t\u00e4m\u00e4n sivup\u00f6yd\u00e4n koottua hetkess\u00e4. Tuotetiedot: &#8211; V\u00e4ri: vintage-ruskea-musta &#8211; Materiaali: metalli, MDF (keskitihe\u00e4 kuitulevy), kuitukangas &#8211; Koko: 80 x 30 x 71 cm (P x L x K) &#8211; Paino: 9,8 kg &#8211; Jokaisen laatikon maks. staattinen kantavuus: 3 kg &#8211; Pinnan maks. staattinen kantavuus: 15 kg Toimitus sis\u00e4lt\u00e4\u00e4: &#8211; 1 x lipasto &#8211; 1 x kaatumissuoja &#8211; 1 x lis\u00e4varustepaketti &#8211; 1 x ohjeet SONGMICS Huomautukset:- Laatikot ovat valmistettu kankaasta, \u00e4l\u00e4 laita niihin liian painavia esineit\u00e4. &#8211; Laatikot eiv\u00e4t ole pest\u00e4vi\u00e4! Puhdista ne kostealla liinalla, jos ne likaantuvat. &#8211; Kun avaat tuotteen pakkauksen, se saattaa tuoksua &#8221;uudelta&#8221;. T\u00e4ll\u00f6in ripusta se muutamaksi tunniksi hyvin tuuletettuun paikkaan. &#8211; Kiinnit\u00e4 t\u00e4m\u00e4 tuote sein\u00e4\u00e4n mukana toimitetulla kaatumissuojalla turvallisen k\u00e4yt\u00f6n varmistamiseksi.<\/p>\n","protected":false},"excerpt":{"rendered":"<p>SONGMICS lipasto, kaappi, 6 kangaspalaa MDF-etupuolella, metallirunko, kantavuus 25 kg, teollinen muotoilu, lastenhuoneeseen, makuuhuoneeseen, eteiseen, vintage-ruskea-musta LGS23H<\/p>\n","protected":false},"featured_media":42522,"comment_status":"open","ping_status":"closed","template":"","meta":[],"product_brand":[],"product_cat":[32],"product_tag":[],"class_list":{"0":"post-33713","1":"product","2":"type-product","3":"status-publish","4":"has-post-thumbnail","6":"product_cat-uncategorized-fi","8":"first","9":"instock","10":"shipping-taxable","11":"purchasable","12":"product-type-simple"},"_links":{"self":[{"href":"https:\/\/nordicmart.andreevmaster.com\/fi\/wp-json\/wp\/v2\/product\/33713","targetHints":{"allow":["GET"]}}],"collection":[{"href":"https:\/\/nordicmart.andreevmaster.com\/fi\/wp-json\/wp\/v2\/product"}],"about":[{"href":"https:\/\/nordicmart.andreevmaster.com\/fi\/wp-json\/wp\/v2\/types\/product"}],"replies":[{"embeddable":true,"href":"https:\/\/nordicmart.andreevmaster.com\/fi\/wp-json\/wp\/v2\/comments?post=33713"}],"wp:featuredmedia":[{"embeddable":true,"href":"https:\/\/nordicmart.andreevmaster.com\/fi\/wp-json\/wp\/v2\/media\/42522"}],"wp:attachment":[{"href":"https:\/\/nordicmart.andreevmaster.com\/fi\/wp-json\/wp\/v2\/media?parent=33713"}],"wp:term":[{"taxonomy":"product_brand","embeddable":true,"href":"https:\/\/nordicmart.andreevmaster.com\/fi\/wp-json\/wp\/v2\/product_brand?post=33713"},{"taxonomy":"product_cat","embeddable":true,"href":"https:\/\/nordicmart.andreevmaster.com\/fi\/wp-json\/wp\/v2\/product_cat?post=33713"},{"taxonomy":"product_tag","embeddable":true,"href":"https:\/\/nordicmart.andreevmaster.com\/fi\/wp-json\/wp\/v2\/product_tag?post=33713"}],"curies":[{"name":"wp","href":"https:\/\/api.w.org\/{rel}","templated":true}]}}