{"id":33711,"date":"2026-02-27T00:22:29","date_gmt":"2026-02-27T00:22:29","guid":{"rendered":"https:\/\/nordicmart.andreevmaster.com\/product\/vasagle-sivupoyta-yopoyta-hyllylla-ja-kangaspussilla\/"},"modified":"2026-02-27T09:42:54","modified_gmt":"2026-02-27T09:42:54","slug":"vasagle-sivupoyta-yopoyta-hyllylla-ja-kangaspussilla","status":"publish","type":"product","link":"https:\/\/nordicmart.andreevmaster.com\/fi\/tuote\/vasagle-sivupoyta-yopoyta-hyllylla-ja-kangaspussilla\/","title":{"rendered":"VASAGLE sivup\u00f6yt\u00e4, y\u00f6p\u00f6yt\u00e4, hyllyll\u00e4 ja kangaspussilla"},"content":{"rendered":"<p>VASAGLE y\u00f6p\u00f6yt\u00e4, sivup\u00f6yt\u00e4 kangaspussilla, 61 cm korkea y\u00f6p\u00f6yt\u00e4, hyllyll\u00e4, olohuoneeseen, makuuhuoneeseen, musta LGS021B21<br \/>\nTekniset tiedot:<\/p>\n<p>&#8211; Mitat: 28,1 x 38,1 x 61,1 cm (S x L x K)<br \/>\n&#8211; Paino: 3,7 kg<br \/>\n&#8211; Pinnan maks. staattinen kantavuus: 45,6 kg<br \/>\n&#8211; Alalaatikon maks. staattinen kantavuus: 9 kg<br \/>\n&#8211; Laatikkon enimm\u00e4iskantavuus: 2,2 kg<br \/>\n&#8211; Maks. staattinen kokonaiskantavuus: 56,8 kg<br \/>\n&#8211; Materiaali: lastulevy, ter\u00e4s, kuitukangas<br \/>\n&#8211; V\u00e4ri: musta<\/p>\n","protected":false},"excerpt":{"rendered":"<p>VASAGLE y\u00f6p\u00f6yt\u00e4, sivup\u00f6yt\u00e4 kangaspussilla, 61 cm korkea y\u00f6p\u00f6yt\u00e4, hyllyll\u00e4, olohuoneeseen, makuuhuoneeseen, musta LGS021B21<\/p>\n","protected":false},"featured_media":42520,"comment_status":"open","ping_status":"closed","template":"","meta":[],"product_brand":[],"product_cat":[32],"product_tag":[],"class_list":{"0":"post-33711","1":"product","2":"type-product","3":"status-publish","4":"has-post-thumbnail","6":"product_cat-uncategorized-fi","8":"first","9":"instock","10":"shipping-taxable","11":"purchasable","12":"product-type-simple"},"_links":{"self":[{"href":"https:\/\/nordicmart.andreevmaster.com\/fi\/wp-json\/wp\/v2\/product\/33711","targetHints":{"allow":["GET"]}}],"collection":[{"href":"https:\/\/nordicmart.andreevmaster.com\/fi\/wp-json\/wp\/v2\/product"}],"about":[{"href":"https:\/\/nordicmart.andreevmaster.com\/fi\/wp-json\/wp\/v2\/types\/product"}],"replies":[{"embeddable":true,"href":"https:\/\/nordicmart.andreevmaster.com\/fi\/wp-json\/wp\/v2\/comments?post=33711"}],"wp:featuredmedia":[{"embeddable":true,"href":"https:\/\/nordicmart.andreevmaster.com\/fi\/wp-json\/wp\/v2\/media\/42520"}],"wp:attachment":[{"href":"https:\/\/nordicmart.andreevmaster.com\/fi\/wp-json\/wp\/v2\/media?parent=33711"}],"wp:term":[{"taxonomy":"product_brand","embeddable":true,"href":"https:\/\/nordicmart.andreevmaster.com\/fi\/wp-json\/wp\/v2\/product_brand?post=33711"},{"taxonomy":"product_cat","embeddable":true,"href":"https:\/\/nordicmart.andreevmaster.com\/fi\/wp-json\/wp\/v2\/product_cat?post=33711"},{"taxonomy":"product_tag","embeddable":true,"href":"https:\/\/nordicmart.andreevmaster.com\/fi\/wp-json\/wp\/v2\/product_tag?post=33711"}],"curies":[{"name":"wp","href":"https:\/\/api.w.org\/{rel}","templated":true}]}}