{"id":33707,"date":"2026-02-27T00:22:28","date_gmt":"2026-02-27T00:22:28","guid":{"rendered":"https:\/\/nordicmart.andreevmaster.com\/product\/songmics-sailytyshylly-kangaspusseilla\/"},"modified":"2026-02-27T09:42:53","modified_gmt":"2026-02-27T09:42:53","slug":"songmics-sailytyshylly-kangaspusseilla","status":"publish","type":"product","link":"https:\/\/nordicmart.andreevmaster.com\/fi\/tuote\/songmics-sailytyshylly-kangaspusseilla\/","title":{"rendered":"SONGMICS s\u00e4ilytyshylly kangaspusseilla"},"content":{"rendered":"<p>V\u00e4h\u00e4n s\u00e4ilytystilaa t\u00e4\u00e4ll\u00e4, v\u00e4h\u00e4n teollista tyyli\u00e4 siell\u00e4: Haluatko tuoda uutta tuulta kotiisi? Kokeile t\u00e4t\u00e4 SONGMICS-hylly\u00e4! Mustan ja vintage-ruskean v\u00e4riyhdistelm\u00e4 antaa t\u00e4lle huonekalulle houkuttelevan teollisen ilmeen. 2 avointa lokeroa yhdistettyn\u00e4 4 kangaspussiin tarjoaa tarpeeksi tilaa tavaroillesi. Ei liian suuri, ei liian pieni: Jos kirjahylly on liian suuri, sille on vaikea l\u00f6yt\u00e4\u00e4 paikkaa. Jos se on liian pieni, s\u00e4ilytystilaa ei ole tarpeeksi. T\u00e4m\u00e4 hylly, jonka koko on 63 x 30 x 120 cm (P x L x K), on juuri oikean kokoinen! Jokainen hylly kest\u00e4\u00e4 enint\u00e4\u00e4n 15 kg ja jokainen laatikko enint\u00e4\u00e4n 3 kg. Tuotetiedot: &#8211; V\u00e4ri: Vintage-ruskea-musta &#8211; Materiaali: MDF (keskitihe\u00e4 kuitulevy), metalli, kuitukangas, pahvi &#8211; Kokonaismitat: 63 x 30 x 120 cm (P x L x K) &#8211; Paino: 11,1 kg &#8211; Hyllyjen maks. staattinen kantavuus: 15 kg &#8211; Laatikoiden maks. staattinen kantavuus: 3 kg Toimitus sis\u00e4lt\u00e4\u00e4:- 1 x s\u00e4ilytyshylly &#8211; 1 x kuusiokoloavain &#8211; 1 x lis\u00e4varustepaketti &#8211; 1 x ohjeet SONGMICSin huomautukset: &#8211; Laatikot ovat kangasta, \u00e4l\u00e4 laita niihin liian painavia esineit\u00e4.- Tuote saattaa tuoksua &#8221;uudelta&#8221; pakkausta avattaessa. T\u00e4ll\u00f6in voit sijoittaa sen hyvin ilmastoituun tilaan, jotta tuoksu h\u00e4vi\u00e4\u00e4 lyhyess\u00e4 ajassa. &#8211; Kiinnit\u00e4 t\u00e4m\u00e4 tuote sein\u00e4\u00e4n mukana toimitetulla kaatumissuojalla turvallisen k\u00e4yt\u00f6n varmistamiseksi.<\/p>\n","protected":false},"excerpt":{"rendered":"<p>SONGMICS s\u00e4ilytyshylly, hylly kangaspusseilla, kirjahylly, teollinen muotoilu, olohuoneeseen, ty\u00f6huoneeseen, makuuhuoneeseen, vintage-ruskea-musta LGS044B02<\/p>\n","protected":false},"featured_media":42516,"comment_status":"open","ping_status":"closed","template":"","meta":[],"product_brand":[],"product_cat":[32],"product_tag":[],"class_list":{"0":"post-33707","1":"product","2":"type-product","3":"status-publish","4":"has-post-thumbnail","6":"product_cat-uncategorized-fi","8":"first","9":"instock","10":"shipping-taxable","11":"purchasable","12":"product-type-simple"},"_links":{"self":[{"href":"https:\/\/nordicmart.andreevmaster.com\/fi\/wp-json\/wp\/v2\/product\/33707","targetHints":{"allow":["GET"]}}],"collection":[{"href":"https:\/\/nordicmart.andreevmaster.com\/fi\/wp-json\/wp\/v2\/product"}],"about":[{"href":"https:\/\/nordicmart.andreevmaster.com\/fi\/wp-json\/wp\/v2\/types\/product"}],"replies":[{"embeddable":true,"href":"https:\/\/nordicmart.andreevmaster.com\/fi\/wp-json\/wp\/v2\/comments?post=33707"}],"wp:featuredmedia":[{"embeddable":true,"href":"https:\/\/nordicmart.andreevmaster.com\/fi\/wp-json\/wp\/v2\/media\/42516"}],"wp:attachment":[{"href":"https:\/\/nordicmart.andreevmaster.com\/fi\/wp-json\/wp\/v2\/media?parent=33707"}],"wp:term":[{"taxonomy":"product_brand","embeddable":true,"href":"https:\/\/nordicmart.andreevmaster.com\/fi\/wp-json\/wp\/v2\/product_brand?post=33707"},{"taxonomy":"product_cat","embeddable":true,"href":"https:\/\/nordicmart.andreevmaster.com\/fi\/wp-json\/wp\/v2\/product_cat?post=33707"},{"taxonomy":"product_tag","embeddable":true,"href":"https:\/\/nordicmart.andreevmaster.com\/fi\/wp-json\/wp\/v2\/product_tag?post=33707"}],"curies":[{"name":"wp","href":"https:\/\/api.w.org\/{rel}","templated":true}]}}