{"id":33706,"date":"2026-02-27T00:22:27","date_gmt":"2026-02-27T00:22:27","guid":{"rendered":"https:\/\/nordicmart.andreevmaster.com\/product\/songmics-konsolipoyta-kangaspuilla\/"},"modified":"2026-02-27T09:42:53","modified_gmt":"2026-02-27T09:42:53","slug":"songmics-konsolipoyta-kangaspuilla","status":"publish","type":"product","link":"https:\/\/nordicmart.andreevmaster.com\/fi\/tuote\/songmics-konsolipoyta-kangaspuilla\/","title":{"rendered":"SONGMICS konsolip\u00f6yt\u00e4 kangaspuilla"},"content":{"rendered":"<p>Sopii kaikkialle: musta metallirunko yhdistyy rustiikkiseen MDF-levyyn ja massiivipuisiin kahvoihin. Tuloksena on vieh\u00e4tt\u00e4v\u00e4 eteisp\u00f6yt\u00e4, joka sopii helposti olemassa olevaan sisustukseen.Helppo asentaa: Merkityt osat, kuvalliset ohjeet ja mukana toimitettu kaatumissuoja auttavat sinua kokoamaan p\u00f6yd\u00e4n nopeasti ja helposti. Tuotetiedot: &#8211; V\u00e4ri: vintage-ruskea-musta &#8211; Materiaali: metalli, MDF (keskitihe\u00e4 kuitulevy), kuitukangas &#8211; Koko: 100 x 40 x 80 cm (P x L x K) &#8211; Paino: 12,3 kg &#8211; Jokaisen laatikon maks. staattinen kantavuus: 3 kg &#8211; P\u00f6yt\u00e4levyn maks. staattinen kantavuus: 15 kg &#8211; Alahyllyn maks. staattinen kantavuus: 8 kg Toimitus sis\u00e4lt\u00e4\u00e4: &#8211; 1 x konsolip\u00f6yt\u00e4 &#8211; 1 x lis\u00e4varustepaketti &#8211; 1 x ohjeet SONGMICSin huomautukset:- Laatikot ovat valmistettu kankaasta, \u00e4l\u00e4 laita niihin liian painavia esineit\u00e4.- Tuote saattaa tuoksua &#8221;uudelta&#8221; avattaessa. T\u00e4ll\u00f6in voit sijoittaa sen hyvin ilmastoidulle tilalle, jolloin tuoksu h\u00e4vi\u00e4\u00e4 lyhyess\u00e4 ajassa.- Kiinnit\u00e4 t\u00e4m\u00e4 tuote sein\u00e4\u00e4n mukana toimitetulla kaatumissuojalla turvallisen k\u00e4yt\u00f6n varmistamiseksi.<\/p>\n","protected":false},"excerpt":{"rendered":"<p>SONGMICS konsolip\u00f6yt\u00e4, sivup\u00f6yt\u00e4, eteisp\u00f6yt\u00e4 kangaspuilla, sohvap\u00f6yt\u00e4, teollinen muotoilu, eteiseen, olohuoneeseen, ty\u00f6huoneeseen, vintage-ruskea-musta LGS022B01<\/p>\n","protected":false},"featured_media":42515,"comment_status":"open","ping_status":"closed","template":"","meta":[],"product_brand":[],"product_cat":[32],"product_tag":[],"class_list":{"0":"post-33706","1":"product","2":"type-product","3":"status-publish","4":"has-post-thumbnail","6":"product_cat-uncategorized-fi","8":"first","9":"instock","10":"shipping-taxable","11":"purchasable","12":"product-type-simple"},"_links":{"self":[{"href":"https:\/\/nordicmart.andreevmaster.com\/fi\/wp-json\/wp\/v2\/product\/33706","targetHints":{"allow":["GET"]}}],"collection":[{"href":"https:\/\/nordicmart.andreevmaster.com\/fi\/wp-json\/wp\/v2\/product"}],"about":[{"href":"https:\/\/nordicmart.andreevmaster.com\/fi\/wp-json\/wp\/v2\/types\/product"}],"replies":[{"embeddable":true,"href":"https:\/\/nordicmart.andreevmaster.com\/fi\/wp-json\/wp\/v2\/comments?post=33706"}],"wp:featuredmedia":[{"embeddable":true,"href":"https:\/\/nordicmart.andreevmaster.com\/fi\/wp-json\/wp\/v2\/media\/42515"}],"wp:attachment":[{"href":"https:\/\/nordicmart.andreevmaster.com\/fi\/wp-json\/wp\/v2\/media?parent=33706"}],"wp:term":[{"taxonomy":"product_brand","embeddable":true,"href":"https:\/\/nordicmart.andreevmaster.com\/fi\/wp-json\/wp\/v2\/product_brand?post=33706"},{"taxonomy":"product_cat","embeddable":true,"href":"https:\/\/nordicmart.andreevmaster.com\/fi\/wp-json\/wp\/v2\/product_cat?post=33706"},{"taxonomy":"product_tag","embeddable":true,"href":"https:\/\/nordicmart.andreevmaster.com\/fi\/wp-json\/wp\/v2\/product_tag?post=33706"}],"curies":[{"name":"wp","href":"https:\/\/api.w.org\/{rel}","templated":true}]}}