{"id":33704,"date":"2026-02-27T00:22:27","date_gmt":"2026-02-27T00:22:27","guid":{"rendered":"https:\/\/nordicmart.andreevmaster.com\/product\/vasagle-yopoyta-kangaspussilla-ja-hyllylla-musta\/"},"modified":"2026-02-27T09:42:53","modified_gmt":"2026-02-27T09:42:53","slug":"vasagle-yopoyta-kangaspussilla-ja-hyllylla-musta","status":"publish","type":"product","link":"https:\/\/nordicmart.andreevmaster.com\/fi\/tuote\/vasagle-yopoyta-kangaspussilla-ja-hyllylla-musta\/","title":{"rendered":"VASAGLE y\u00f6p\u00f6yt\u00e4 kangaspussilla ja hyllyll\u00e4, musta"},"content":{"rendered":"<p>VASAGLE y\u00f6p\u00f6yt\u00e4, sivup\u00f6yt\u00e4 kangaspussilla, 61 cm korkea y\u00f6p\u00f6yt\u00e4, hyllyll\u00e4, olohuoneeseen, makuuhuoneeseen, musta LGS021B21<br \/>\nV\u00e4ri: musta<br \/>\nMateriaali: lastulevy, ter\u00e4s, kuitukangas<br \/>\nKoko: 28 x 38 x 61 cm (S x L x K)<br \/>\nPaino: 3,7 kg<br \/>\nPinnan maks. staattinen kantavuus: 45,6 kg<br \/>\nAlaosan hyllyn maks. staattinen kantavuus: 9 kg<br \/>\nLaatikkon enimm\u00e4iskantavuus: 2,2 kg<br \/>\nMaks. staattinen kokonaiskuormitus: 56,8 kg<\/p>\n","protected":false},"excerpt":{"rendered":"<p>VASAGLE y\u00f6p\u00f6yt\u00e4, sivup\u00f6yt\u00e4 kangaspussilla, 61 cm korkea y\u00f6p\u00f6yt\u00e4, hyllyll\u00e4, olohuoneeseen, makuuhuoneeseen, musta LGS021B21<\/p>\n","protected":false},"featured_media":42513,"comment_status":"open","ping_status":"closed","template":"","meta":[],"product_brand":[],"product_cat":[32],"product_tag":[],"class_list":{"0":"post-33704","1":"product","2":"type-product","3":"status-publish","4":"has-post-thumbnail","6":"product_cat-uncategorized-fi","8":"first","9":"instock","10":"shipping-taxable","11":"purchasable","12":"product-type-simple"},"_links":{"self":[{"href":"https:\/\/nordicmart.andreevmaster.com\/fi\/wp-json\/wp\/v2\/product\/33704","targetHints":{"allow":["GET"]}}],"collection":[{"href":"https:\/\/nordicmart.andreevmaster.com\/fi\/wp-json\/wp\/v2\/product"}],"about":[{"href":"https:\/\/nordicmart.andreevmaster.com\/fi\/wp-json\/wp\/v2\/types\/product"}],"replies":[{"embeddable":true,"href":"https:\/\/nordicmart.andreevmaster.com\/fi\/wp-json\/wp\/v2\/comments?post=33704"}],"wp:featuredmedia":[{"embeddable":true,"href":"https:\/\/nordicmart.andreevmaster.com\/fi\/wp-json\/wp\/v2\/media\/42513"}],"wp:attachment":[{"href":"https:\/\/nordicmart.andreevmaster.com\/fi\/wp-json\/wp\/v2\/media?parent=33704"}],"wp:term":[{"taxonomy":"product_brand","embeddable":true,"href":"https:\/\/nordicmart.andreevmaster.com\/fi\/wp-json\/wp\/v2\/product_brand?post=33704"},{"taxonomy":"product_cat","embeddable":true,"href":"https:\/\/nordicmart.andreevmaster.com\/fi\/wp-json\/wp\/v2\/product_cat?post=33704"},{"taxonomy":"product_tag","embeddable":true,"href":"https:\/\/nordicmart.andreevmaster.com\/fi\/wp-json\/wp\/v2\/product_tag?post=33704"}],"curies":[{"name":"wp","href":"https:\/\/api.w.org\/{rel}","templated":true}]}}