{"id":33702,"date":"2026-02-27T00:22:26","date_gmt":"2026-02-27T00:22:26","guid":{"rendered":"https:\/\/nordicmart.andreevmaster.com\/product\/songmics-vaateteline-avoin-vaatekaappi-metallinen-vaatekaappi\/"},"modified":"2026-02-27T09:42:52","modified_gmt":"2026-02-27T09:42:52","slug":"songmics-vaateteline-avoin-vaatekaappi-metallinen-vaatekaappi","status":"publish","type":"product","link":"https:\/\/nordicmart.andreevmaster.com\/fi\/tuote\/songmics-vaateteline-avoin-vaatekaappi-metallinen-vaatekaappi\/","title":{"rendered":"SONGMICS vaateteline, avoin vaatekaappi, metallinen vaatekaappi"},"content":{"rendered":"<p>SONGMICS vaateteline, avoin vaatekaappi, metallinen vaatekaappi, vaateteline s\u00e4\u00e4dett\u00e4vill\u00e4 hyllyill\u00e4 ja vaatetangoilla, koukut, eritt\u00e4in kest\u00e4v\u00e4, erotettavissa<br \/>\nTekniset tiedot:<br \/>\n&#8211; Mitat: 40 x 175 x 180 cm (S x L x K)<br \/>\n&#8211; Paino: 12 kg<br \/>\n&#8211; Maks. staattinen kantavuus vaatetankoa kohti: 25 kg<br \/>\n&#8211; Maks. staattinen kantavuus hylly\u00e4 kohti: 20 kg<br \/>\n&#8211; Maks. staattinen kokonaiskantavuus: 300 kg<br \/>\n&#8211; Materiaali: ter\u00e4s<br \/>\n&#8211; V\u00e4ri: musta<\/p>\n","protected":false},"excerpt":{"rendered":"<p>SONGMICS vaateteline, avoin vaatekaappi, metallinen vaatekaappi, vaateteline s\u00e4\u00e4dett\u00e4vill\u00e4 hyllyill\u00e4 ja vaatetangoilla, koukut, eritt\u00e4in kest\u00e4v\u00e4, erotettavissa<\/p>\n","protected":false},"featured_media":42511,"comment_status":"open","ping_status":"closed","template":"","meta":[],"product_brand":[],"product_cat":[32],"product_tag":[],"class_list":{"0":"post-33702","1":"product","2":"type-product","3":"status-publish","4":"has-post-thumbnail","6":"product_cat-uncategorized-fi","8":"first","9":"instock","10":"shipping-taxable","11":"purchasable","12":"product-type-simple"},"_links":{"self":[{"href":"https:\/\/nordicmart.andreevmaster.com\/fi\/wp-json\/wp\/v2\/product\/33702","targetHints":{"allow":["GET"]}}],"collection":[{"href":"https:\/\/nordicmart.andreevmaster.com\/fi\/wp-json\/wp\/v2\/product"}],"about":[{"href":"https:\/\/nordicmart.andreevmaster.com\/fi\/wp-json\/wp\/v2\/types\/product"}],"replies":[{"embeddable":true,"href":"https:\/\/nordicmart.andreevmaster.com\/fi\/wp-json\/wp\/v2\/comments?post=33702"}],"wp:featuredmedia":[{"embeddable":true,"href":"https:\/\/nordicmart.andreevmaster.com\/fi\/wp-json\/wp\/v2\/media\/42511"}],"wp:attachment":[{"href":"https:\/\/nordicmart.andreevmaster.com\/fi\/wp-json\/wp\/v2\/media?parent=33702"}],"wp:term":[{"taxonomy":"product_brand","embeddable":true,"href":"https:\/\/nordicmart.andreevmaster.com\/fi\/wp-json\/wp\/v2\/product_brand?post=33702"},{"taxonomy":"product_cat","embeddable":true,"href":"https:\/\/nordicmart.andreevmaster.com\/fi\/wp-json\/wp\/v2\/product_cat?post=33702"},{"taxonomy":"product_tag","embeddable":true,"href":"https:\/\/nordicmart.andreevmaster.com\/fi\/wp-json\/wp\/v2\/product_tag?post=33702"}],"curies":[{"name":"wp","href":"https:\/\/api.w.org\/{rel}","templated":true}]}}