{"id":33700,"date":"2026-02-27T00:22:26","date_gmt":"2026-02-27T00:22:26","guid":{"rendered":"https:\/\/nordicmart.andreevmaster.com\/product\/songmics-avoin-vaatekaappi-pyorilla\/"},"modified":"2026-02-27T09:42:52","modified_gmt":"2026-02-27T09:42:52","slug":"songmics-avoin-vaatekaappi-pyorilla","status":"publish","type":"product","link":"https:\/\/nordicmart.andreevmaster.com\/fi\/tuote\/songmics-avoin-vaatekaappi-pyorilla\/","title":{"rendered":"SONGMICS Avoin vaatekaappi py\u00f6rill\u00e4"},"content":{"rendered":"<p>Jos tarvitset lis\u00e4\u00e4 s\u00e4ilytystilaa kapeaan eteiseen, silityshuoneeseen, kellariin tai olohuoneeseen korvaavaksi vaatetelineeksi\/-kaapiksi, Songmics-vaateteline on ihanteellinen valinta. Laadukkaiden kuulalaakereilla varustettujen rullien ansiosta voit siirt\u00e4\u00e4 telinett\u00e4 vaatteilla tai ilman vaatteita puulattialla tai matolla mihin tahansa haluttuun paikkaan.Songmicsin avulla voit nauttia siistist\u00e4 kodista ja nopeasta p\u00e4\u00e4syst\u00e4 kaikkiin tarvitsemiisi vaatteisiin. Huomautukset: Kokoa vaatehylly tarkasti ohjeiden mukaisesti. Asennuksen j\u00e4lkeen ly\u00f6 hyllyj\u00e4 kevyesti kumivasaralla varmistaaksesi niiden vakauden. K\u00e4ytett\u00e4ess\u00e4 ilman rullia lattia voi naarmuuntua. Tuotetiedot: V\u00e4ri: musta Materiaali: rautaputki Nettopaino: 8,4 kg Mitat: 90 x 200 x 45 cm (L x K x S) Hyllyjen enimm\u00e4iskuormitus: 40 kg Vaateripustimen enimm\u00e4iskuormitus: 30-40 kg Toimitus sis\u00e4lt\u00e4\u00e4: 1 x vaateripustin 1 x ohjeet (DE, EN, IT, FR, ES)<\/p>\n","protected":false},"excerpt":{"rendered":"<p>SONGMICS vaatekaappi py\u00f6rill\u00e4, metallinen vaateteline, vaateteline 2 vaatetangolla ja 2 s\u00e4\u00e4dett\u00e4v\u00e4ll\u00e4 hyllyll\u00e4, 90 x 45 x 200 cm, musta LGR60P<\/p>\n","protected":false},"featured_media":42509,"comment_status":"open","ping_status":"closed","template":"","meta":[],"product_brand":[],"product_cat":[32],"product_tag":[],"class_list":{"0":"post-33700","1":"product","2":"type-product","3":"status-publish","4":"has-post-thumbnail","6":"product_cat-uncategorized-fi","8":"first","9":"instock","10":"shipping-taxable","11":"purchasable","12":"product-type-simple"},"_links":{"self":[{"href":"https:\/\/nordicmart.andreevmaster.com\/fi\/wp-json\/wp\/v2\/product\/33700","targetHints":{"allow":["GET"]}}],"collection":[{"href":"https:\/\/nordicmart.andreevmaster.com\/fi\/wp-json\/wp\/v2\/product"}],"about":[{"href":"https:\/\/nordicmart.andreevmaster.com\/fi\/wp-json\/wp\/v2\/types\/product"}],"replies":[{"embeddable":true,"href":"https:\/\/nordicmart.andreevmaster.com\/fi\/wp-json\/wp\/v2\/comments?post=33700"}],"wp:featuredmedia":[{"embeddable":true,"href":"https:\/\/nordicmart.andreevmaster.com\/fi\/wp-json\/wp\/v2\/media\/42509"}],"wp:attachment":[{"href":"https:\/\/nordicmart.andreevmaster.com\/fi\/wp-json\/wp\/v2\/media?parent=33700"}],"wp:term":[{"taxonomy":"product_brand","embeddable":true,"href":"https:\/\/nordicmart.andreevmaster.com\/fi\/wp-json\/wp\/v2\/product_brand?post=33700"},{"taxonomy":"product_cat","embeddable":true,"href":"https:\/\/nordicmart.andreevmaster.com\/fi\/wp-json\/wp\/v2\/product_cat?post=33700"},{"taxonomy":"product_tag","embeddable":true,"href":"https:\/\/nordicmart.andreevmaster.com\/fi\/wp-json\/wp\/v2\/product_tag?post=33700"}],"curies":[{"name":"wp","href":"https:\/\/api.w.org\/{rel}","templated":true}]}}