{"id":33693,"date":"2026-02-27T00:22:24","date_gmt":"2026-02-27T00:22:24","guid":{"rendered":"https:\/\/nordicmart.andreevmaster.com\/product\/songmics-avoin-vaatekaappi-saadettavilla-hyllyilla\/"},"modified":"2026-02-27T09:42:50","modified_gmt":"2026-02-27T09:42:50","slug":"songmics-avoin-vaatekaappi-saadettavilla-hyllyilla","status":"publish","type":"product","link":"https:\/\/nordicmart.andreevmaster.com\/fi\/tuote\/songmics-avoin-vaatekaappi-saadettavilla-hyllyilla\/","title":{"rendered":"SONGMICS Avoin vaatekaappi s\u00e4\u00e4dett\u00e4vill\u00e4 hyllyill\u00e4"},"content":{"rendered":"<p>SONGMICS vaateteline, avoin vaatekaappi, metallinen vaatekaappi, vaateteline s\u00e4\u00e4dett\u00e4vill\u00e4 hyllyill\u00e4 ja vaatetangoilla, koukut, eritt\u00e4in kest\u00e4v\u00e4, erotettavissa<br \/>\nV\u00e4ri: musta<br \/>\nMateriaali: ter\u00e4s<br \/>\nKoko: 40 x 175 x 180 cm (S x L x K)<br \/>\nPaino: 12 kg<br \/>\nMaks. staattinen kantavuus vaatetankoa kohti: 25 kg<br \/>\nMaks. staattinen kantavuus hylly\u00e4 kohti: 42 kg<br \/>\nMaks. staattinen kokonaiskuormitus: 220 kg<\/p>\n","protected":false},"excerpt":{"rendered":"<p>SONGMICS vaateteline, avoin vaatekaappi, metallinen vaatekaappi, vaateteline s\u00e4\u00e4dett\u00e4vill\u00e4 hyllyill\u00e4 ja vaatetangoilla, koukut, eritt\u00e4in kest\u00e4v\u00e4, erotettavissa<\/p>\n","protected":false},"featured_media":42502,"comment_status":"open","ping_status":"closed","template":"","meta":[],"product_brand":[],"product_cat":[32],"product_tag":[],"class_list":{"0":"post-33693","1":"product","2":"type-product","3":"status-publish","4":"has-post-thumbnail","6":"product_cat-uncategorized-fi","8":"first","9":"instock","10":"shipping-taxable","11":"purchasable","12":"product-type-simple"},"_links":{"self":[{"href":"https:\/\/nordicmart.andreevmaster.com\/fi\/wp-json\/wp\/v2\/product\/33693","targetHints":{"allow":["GET"]}}],"collection":[{"href":"https:\/\/nordicmart.andreevmaster.com\/fi\/wp-json\/wp\/v2\/product"}],"about":[{"href":"https:\/\/nordicmart.andreevmaster.com\/fi\/wp-json\/wp\/v2\/types\/product"}],"replies":[{"embeddable":true,"href":"https:\/\/nordicmart.andreevmaster.com\/fi\/wp-json\/wp\/v2\/comments?post=33693"}],"wp:featuredmedia":[{"embeddable":true,"href":"https:\/\/nordicmart.andreevmaster.com\/fi\/wp-json\/wp\/v2\/media\/42502"}],"wp:attachment":[{"href":"https:\/\/nordicmart.andreevmaster.com\/fi\/wp-json\/wp\/v2\/media?parent=33693"}],"wp:term":[{"taxonomy":"product_brand","embeddable":true,"href":"https:\/\/nordicmart.andreevmaster.com\/fi\/wp-json\/wp\/v2\/product_brand?post=33693"},{"taxonomy":"product_cat","embeddable":true,"href":"https:\/\/nordicmart.andreevmaster.com\/fi\/wp-json\/wp\/v2\/product_cat?post=33693"},{"taxonomy":"product_tag","embeddable":true,"href":"https:\/\/nordicmart.andreevmaster.com\/fi\/wp-json\/wp\/v2\/product_tag?post=33693"}],"curies":[{"name":"wp","href":"https:\/\/api.w.org\/{rel}","templated":true}]}}