{"id":33690,"date":"2026-02-27T00:22:24","date_gmt":"2026-02-27T00:22:24","guid":{"rendered":"https:\/\/nordicmart.andreevmaster.com\/product\/songmics-vaatekaappi-kenkahyllylla\/"},"modified":"2026-02-27T09:42:50","modified_gmt":"2026-02-27T09:42:50","slug":"songmics-vaatekaappi-kenkahyllylla","status":"publish","type":"product","link":"https:\/\/nordicmart.andreevmaster.com\/fi\/tuote\/songmics-vaatekaappi-kenkahyllylla\/","title":{"rendered":"SONGMICS vaatekaappi kenk\u00e4hyllyll\u00e4"},"content":{"rendered":"<p>Tilava ja monik\u00e4ytt\u00f6inen: 2 korkeuss\u00e4\u00e4dett\u00e4v\u00e4\u00e4 tankoa ja 16 kaksoiskoukkua pit\u00e4v\u00e4t laukut, takit ja sateenvarjot k\u00e4den ulottuvilla. 2 alaosaa (my\u00f6s alin osa on s\u00e4\u00e4dett\u00e4viss\u00e4!) ja 1 yl\u00e4osa tarjoavat k\u00e4yt\u00e4nn\u00f6llisen tilan koreille, kengille, hattuille tai sisustustarvikkeille. Sijoita t\u00e4m\u00e4 vaatekaappi eteiseen, varastoon tai pesutilaan \u2013 minne ikin\u00e4 sit\u00e4 tarvitsetkin! Ei en\u00e4\u00e4 heilumista: sano hyv\u00e4stit pienille \u00e4rsytyksille: S\u00e4\u00e4dett\u00e4v\u00e4t jalat ja kaatumissuoja varmistavat, ett\u00e4 vaatekaappisi seisoo vakaasti eik\u00e4 heilua, kun ripustat takkisi tai otat sen koukusta. Tuotetiedot: V\u00e4ri: musta Materiaali: ter\u00e4s, muoviset liitoskappaleet Koko: 90 x 30 x 180 cm (P x L x K) Paino: 6,4 kg Maks. staattinen kantavuus koukkua kohti: 1 kg Maks. staattinen kantavuus ylimm\u00e4ll\u00e4 hyllyll\u00e4: 5 kg Maks. staattinen kantavuus alimmalla hyllyll\u00e4: 20 kg Toimitus sis\u00e4lt\u00e4\u00e4: 1 x vaatekaappi 1 x kaatumissuoja 1 x ohjeet SONGMICSin huomautukset:\u00c4l\u00e4 ylit\u00e4 suurinta sallittua kuormitusta. Turvallisuussyist\u00e4 lapset eiv\u00e4t saa kiivet\u00e4 tuotteelle tai leikki\u00e4 sill\u00e4. Kiinnit\u00e4 t\u00e4m\u00e4 tuote sein\u00e4\u00e4n mukana toimitetulla kaatumissuojalla turvallisen k\u00e4yt\u00f6n varmistamiseksi. Varmista, ett\u00e4 kiinnitysklipit on kiinnitetty putkiin samalle korkeudelle, jotta hyllyt ovat vaakatasossa.Muovikiinnikkeit\u00e4 asennettaessa TOP-nuoli tulee aina osoittaa yl\u00f6sp\u00e4in. Tarkista asennuksen j\u00e4lkeen kaikki kiinnikkeet varmistaaksesi, ett\u00e4 ne eiv\u00e4t liiku.<\/p>\n","protected":false},"excerpt":{"rendered":"<p>SONGMICS vaatekaappi, vaatehylly, metallia, vaateripustin, s\u00e4\u00e4dett\u00e4v\u00e4ll\u00e4 kenk\u00e4telineell\u00e4, 16 kaksoiskoukkua, suuri, 90 cm pitk\u00e4, hattuja, laukkuja, sateenvarjoja, eteist\u00e4 varten, musta LGR411B01<\/p>\n","protected":false},"featured_media":42499,"comment_status":"open","ping_status":"closed","template":"","meta":[],"product_brand":[],"product_cat":[32],"product_tag":[],"class_list":{"0":"post-33690","1":"product","2":"type-product","3":"status-publish","4":"has-post-thumbnail","6":"product_cat-uncategorized-fi","8":"first","9":"instock","10":"shipping-taxable","11":"purchasable","12":"product-type-simple"},"_links":{"self":[{"href":"https:\/\/nordicmart.andreevmaster.com\/fi\/wp-json\/wp\/v2\/product\/33690","targetHints":{"allow":["GET"]}}],"collection":[{"href":"https:\/\/nordicmart.andreevmaster.com\/fi\/wp-json\/wp\/v2\/product"}],"about":[{"href":"https:\/\/nordicmart.andreevmaster.com\/fi\/wp-json\/wp\/v2\/types\/product"}],"replies":[{"embeddable":true,"href":"https:\/\/nordicmart.andreevmaster.com\/fi\/wp-json\/wp\/v2\/comments?post=33690"}],"wp:featuredmedia":[{"embeddable":true,"href":"https:\/\/nordicmart.andreevmaster.com\/fi\/wp-json\/wp\/v2\/media\/42499"}],"wp:attachment":[{"href":"https:\/\/nordicmart.andreevmaster.com\/fi\/wp-json\/wp\/v2\/media?parent=33690"}],"wp:term":[{"taxonomy":"product_brand","embeddable":true,"href":"https:\/\/nordicmart.andreevmaster.com\/fi\/wp-json\/wp\/v2\/product_brand?post=33690"},{"taxonomy":"product_cat","embeddable":true,"href":"https:\/\/nordicmart.andreevmaster.com\/fi\/wp-json\/wp\/v2\/product_cat?post=33690"},{"taxonomy":"product_tag","embeddable":true,"href":"https:\/\/nordicmart.andreevmaster.com\/fi\/wp-json\/wp\/v2\/product_tag?post=33690"}],"curies":[{"name":"wp","href":"https:\/\/api.w.org\/{rel}","templated":true}]}}