{"id":33689,"date":"2026-02-27T00:22:23","date_gmt":"2026-02-27T00:22:23","guid":{"rendered":"https:\/\/nordicmart.andreevmaster.com\/product\/songmics-keittiohylly-60-x-30-x-150-cm-hopea\/"},"modified":"2026-02-27T09:42:50","modified_gmt":"2026-02-27T09:42:50","slug":"songmics-keittiohylly-60-x-30-x-150-cm-hopea","status":"publish","type":"product","link":"https:\/\/nordicmart.andreevmaster.com\/fi\/tuote\/songmics-keittiohylly-60-x-30-x-150-cm-hopea\/","title":{"rendered":"SONGMICS keitti\u00f6hylly 60 x 30 x 150 cm, hopea"},"content":{"rendered":"<p>Tuotetiedot: V\u00e4ri: hopea Materiaali: ter\u00e4s Koko: 60 x 30 x 150 cm (P x L x K) Paino: 5,4 kg Maks. staattinen kantavuus hyllytasoa kohti: 20 kg Toimitus sis\u00e4lt\u00e4\u00e4: 1 x s\u00e4ilytyshylly 5 x PP-levy 4 x koukku 1 x kaatumissuoja 1 x ohjeet SONGMICS Huomautukset:Muovikiinnikkeit\u00e4 asennettaessa TOP-nuoli tulee aina osoittaa yl\u00f6sp\u00e4in. Tarkista asennuksen j\u00e4lkeen kaikki kiinnikkeet varmistaaksesi, ett\u00e4 ne eiv\u00e4t liiku. Varmista, ett\u00e4 kiinnikkeet on kiinnitetty nelj\u00e4\u00e4n putkeen samalle korkeudelle, jotta hyllyt ovat vaakatasossa. Hyllytasojen suurin staattinen kantavuus on 20 kg. \u00c4l\u00e4 ylit\u00e4 t\u00e4t\u00e4 enimm\u00e4ispainoa. Kiinnit\u00e4 tuote sein\u00e4\u00e4n kaatumissuojalla, jotta sen k\u00e4ytt\u00f6 on turvallista.<\/p>\n","protected":false},"excerpt":{"rendered":"<p>SONGMICS keitti\u00f6hylly, metallihylly, lattialla seisova hylly 4 koukulla, PP-levyt, s\u00e4\u00e4dett\u00e4v\u00e4t hyllytasot, metallikori, kantavuus jopa 100 kg, 60 x 30 x 150 cm, musta LGR265B01<\/p>\n","protected":false},"featured_media":42498,"comment_status":"open","ping_status":"closed","template":"","meta":[],"product_brand":[],"product_cat":[32],"product_tag":[],"class_list":{"0":"post-33689","1":"product","2":"type-product","3":"status-publish","4":"has-post-thumbnail","6":"product_cat-uncategorized-fi","8":"first","9":"instock","10":"shipping-taxable","11":"purchasable","12":"product-type-simple"},"_links":{"self":[{"href":"https:\/\/nordicmart.andreevmaster.com\/fi\/wp-json\/wp\/v2\/product\/33689","targetHints":{"allow":["GET"]}}],"collection":[{"href":"https:\/\/nordicmart.andreevmaster.com\/fi\/wp-json\/wp\/v2\/product"}],"about":[{"href":"https:\/\/nordicmart.andreevmaster.com\/fi\/wp-json\/wp\/v2\/types\/product"}],"replies":[{"embeddable":true,"href":"https:\/\/nordicmart.andreevmaster.com\/fi\/wp-json\/wp\/v2\/comments?post=33689"}],"wp:featuredmedia":[{"embeddable":true,"href":"https:\/\/nordicmart.andreevmaster.com\/fi\/wp-json\/wp\/v2\/media\/42498"}],"wp:attachment":[{"href":"https:\/\/nordicmart.andreevmaster.com\/fi\/wp-json\/wp\/v2\/media?parent=33689"}],"wp:term":[{"taxonomy":"product_brand","embeddable":true,"href":"https:\/\/nordicmart.andreevmaster.com\/fi\/wp-json\/wp\/v2\/product_brand?post=33689"},{"taxonomy":"product_cat","embeddable":true,"href":"https:\/\/nordicmart.andreevmaster.com\/fi\/wp-json\/wp\/v2\/product_cat?post=33689"},{"taxonomy":"product_tag","embeddable":true,"href":"https:\/\/nordicmart.andreevmaster.com\/fi\/wp-json\/wp\/v2\/product_tag?post=33689"}],"curies":[{"name":"wp","href":"https:\/\/api.w.org\/{rel}","templated":true}]}}