{"id":33686,"date":"2026-02-27T00:22:22","date_gmt":"2026-02-27T00:22:22","guid":{"rendered":"https:\/\/nordicmart.andreevmaster.com\/product\/songmics-metallinen-maustehylly\/"},"modified":"2026-02-27T09:42:49","modified_gmt":"2026-02-27T09:42:49","slug":"songmics-metallinen-maustehylly","status":"publish","type":"product","link":"https:\/\/nordicmart.andreevmaster.com\/fi\/tuote\/songmics-metallinen-maustehylly\/","title":{"rendered":"SONGMICS metallinen maustehylly"},"content":{"rendered":"<p>N\u00e4in pirist\u00e4t keitti\u00f6t\u00e4si: Monipuolisuus on el\u00e4m\u00e4n suola. Mutta mit\u00e4 enemm\u00e4n lasit ja pullot omistat, sit\u00e4 vaikeampaa on pit\u00e4\u00e4 keitti\u00f6 siistin\u00e4. Hanki t\u00e4m\u00e4 tilava 2-tasoinen maustehylly ja s\u00e4ilyt\u00e4 mausteet siististi ja k\u00e4den ulottuvilla. Nyt sinun tarvitsee vain p\u00e4ivitt\u00e4\u00e4 ruoanlaittotaidot. Vakauden on oltava etusijalla: viimeinen asia, jota keitti\u00f6ss\u00e4si tarvitset, on ep\u00e4vakaa hylly, joka kaatuu jatkuvasti. Kukaan ei halua puhdistaa keitti\u00f6n p\u00f6yt\u00e4\u00e4, jolle on kaatunut rosmariinia, timjamia ja paprikajauhetta, eik\u00f6 niin? T\u00e4m\u00e4n keitti\u00f6hyllyn avulla olet vihdoin l\u00f6yt\u00e4nyt vakaa kodin maustepurkeillesi, \u00f6ljypulloillesi jne. Se on varustettu s\u00e4\u00e4dett\u00e4vill\u00e4 jaloilla, jotka tasoittavat p\u00f6yd\u00e4n pinnan pienet ep\u00e4tasaisuudet. Tuotetiedot: V\u00e4ri: hopea Materiaali: kromattu rauta Koko: 40 x 15 x 26,5 cm (P x L x K) Paino: 1,1 kg Maks. staattinen kantavuus hylly\u00e4 kohti: 20 kg Toimitus sis\u00e4lt\u00e4\u00e4: 1 x maustehylly 1 x ohjeet (DE, EN, FR, ES, IT) SONGMICS-ohjeet: Muovikiinnikkeit\u00e4 asennettaessa TOP-nuoli tulee aina osoittaa yl\u00f6sp\u00e4in. Tarkista asennuksen j\u00e4lkeen, ett\u00e4 kaikki kiinnikkeet ovat kunnolla kiinni. Aseta kaikki kiinnikkeet oikein paikoilleen putkien syvennyksiin, jotta hyllyt ovat keitti\u00f6n p\u00f6yd\u00e4n kanssa samansuuntaiset.<\/p>\n","protected":false},"excerpt":{"rendered":"<p>SONGMICS maustehylly keitti\u00f6p\u00f6ydille, vapaasti seisova keitti\u00f6hylly 2 tasolla, keitti\u00f6n j\u00e4rjestelij\u00e4 maustepurkkeille, pulloille ja t\u00f6lkeille, metallihylly, kantavuus 40 kg, 40 x 15 x 26,5 cm LGR21SV<\/p>\n","protected":false},"featured_media":42495,"comment_status":"open","ping_status":"closed","template":"","meta":[],"product_brand":[],"product_cat":[32],"product_tag":[],"class_list":{"0":"post-33686","1":"product","2":"type-product","3":"status-publish","4":"has-post-thumbnail","6":"product_cat-uncategorized-fi","8":"first","9":"instock","10":"shipping-taxable","11":"purchasable","12":"product-type-simple"},"_links":{"self":[{"href":"https:\/\/nordicmart.andreevmaster.com\/fi\/wp-json\/wp\/v2\/product\/33686","targetHints":{"allow":["GET"]}}],"collection":[{"href":"https:\/\/nordicmart.andreevmaster.com\/fi\/wp-json\/wp\/v2\/product"}],"about":[{"href":"https:\/\/nordicmart.andreevmaster.com\/fi\/wp-json\/wp\/v2\/types\/product"}],"replies":[{"embeddable":true,"href":"https:\/\/nordicmart.andreevmaster.com\/fi\/wp-json\/wp\/v2\/comments?post=33686"}],"wp:featuredmedia":[{"embeddable":true,"href":"https:\/\/nordicmart.andreevmaster.com\/fi\/wp-json\/wp\/v2\/media\/42495"}],"wp:attachment":[{"href":"https:\/\/nordicmart.andreevmaster.com\/fi\/wp-json\/wp\/v2\/media?parent=33686"}],"wp:term":[{"taxonomy":"product_brand","embeddable":true,"href":"https:\/\/nordicmart.andreevmaster.com\/fi\/wp-json\/wp\/v2\/product_brand?post=33686"},{"taxonomy":"product_cat","embeddable":true,"href":"https:\/\/nordicmart.andreevmaster.com\/fi\/wp-json\/wp\/v2\/product_cat?post=33686"},{"taxonomy":"product_tag","embeddable":true,"href":"https:\/\/nordicmart.andreevmaster.com\/fi\/wp-json\/wp\/v2\/product_tag?post=33686"}],"curies":[{"name":"wp","href":"https:\/\/api.w.org\/{rel}","templated":true}]}}