{"id":33685,"date":"2026-02-27T00:22:22","date_gmt":"2026-02-27T00:22:22","guid":{"rendered":"https:\/\/nordicmart.andreevmaster.com\/product\/songmics-mikroaaltouunihylly-2-hyllya-valkoinen\/"},"modified":"2026-02-27T09:42:49","modified_gmt":"2026-02-27T09:42:49","slug":"songmics-mikroaaltouunihylly-2-hyllya-valkoinen","status":"publish","type":"product","link":"https:\/\/nordicmart.andreevmaster.com\/fi\/tuote\/songmics-mikroaaltouunihylly-2-hyllya-valkoinen\/","title":{"rendered":"SONGMICS mikroaaltouunihylly, 2 hylly\u00e4, valkoinen"},"content":{"rendered":"<p>Siisti keitti\u00f6p\u00f6yt\u00e4: Hy\u00f6dynn\u00e4 pystysuora tila optimaalisesti t\u00e4m\u00e4n SONGMICS-mikroaaltouunihyllyn avulla ja siisti keitti\u00f6p\u00f6yt\u00e4si. 2 korkeuss\u00e4\u00e4dett\u00e4v\u00e4\u00e4 hylly\u00e4 tarjoavat sopivan s\u00e4ilytyspaikan maustepulloillesi, kun taas mikroaaltouuni voidaan sijoittaa tukevasti alaosaan. Paistinlastat ja pannut voidaan ripustaa koukkuihin. Mik\u00e4 siisti keitti\u00f6! Yhdist\u00e4\u00e4 lujuuden ja tyylin: Valmistettu kest\u00e4v\u00e4st\u00e4 valkoisesta raudasta, t\u00e4m\u00e4 keitti\u00f6hylly on paitsi tukeva, my\u00f6s tuo keitti\u00f6\u00f6si ripauksen eleganssia. Lis\u00e4ksi hyllyn tasausjalkojen ansiosta p\u00f6yd\u00e4n pinnan pienet ep\u00e4tasaisuudet voidaan tasoittaa \u2013 muutama kierros riitt\u00e4\u00e4 lis\u00e4\u00e4m\u00e4\u00e4n vakautta! Tuotetiedot:V\u00e4ri: valkoinen Materiaali: jauhemaalattu rauta, PP (polypropeeni) Koko: 60 x 30 x 52 cm (P x L x K) Paino: 2,6 kg Maks. staattinen kantavuus hylly\u00e4 kohti: 40 kg Toimitus sis\u00e4lt\u00e4\u00e4: 1 x mikroaaltouunihylly 1 x ohjeet (DE, EN, FR, ES, IT)<\/p>\n","protected":false},"excerpt":{"rendered":"<p>SONGMICS mikroaaltouunihylly, keitti\u00f6hylly 2 tasolla, p\u00f6yt\u00e4organisaattori, 2 s\u00e4\u00e4dett\u00e4v\u00e4ll\u00e4 hyllyll\u00e4 ja 8 koukulla, valkoinen LGR20WT<\/p>\n","protected":false},"featured_media":42494,"comment_status":"open","ping_status":"closed","template":"","meta":[],"product_brand":[],"product_cat":[32],"product_tag":[],"class_list":{"0":"post-33685","1":"product","2":"type-product","3":"status-publish","4":"has-post-thumbnail","6":"product_cat-uncategorized-fi","8":"first","9":"instock","10":"shipping-taxable","11":"purchasable","12":"product-type-simple"},"_links":{"self":[{"href":"https:\/\/nordicmart.andreevmaster.com\/fi\/wp-json\/wp\/v2\/product\/33685","targetHints":{"allow":["GET"]}}],"collection":[{"href":"https:\/\/nordicmart.andreevmaster.com\/fi\/wp-json\/wp\/v2\/product"}],"about":[{"href":"https:\/\/nordicmart.andreevmaster.com\/fi\/wp-json\/wp\/v2\/types\/product"}],"replies":[{"embeddable":true,"href":"https:\/\/nordicmart.andreevmaster.com\/fi\/wp-json\/wp\/v2\/comments?post=33685"}],"wp:featuredmedia":[{"embeddable":true,"href":"https:\/\/nordicmart.andreevmaster.com\/fi\/wp-json\/wp\/v2\/media\/42494"}],"wp:attachment":[{"href":"https:\/\/nordicmart.andreevmaster.com\/fi\/wp-json\/wp\/v2\/media?parent=33685"}],"wp:term":[{"taxonomy":"product_brand","embeddable":true,"href":"https:\/\/nordicmart.andreevmaster.com\/fi\/wp-json\/wp\/v2\/product_brand?post=33685"},{"taxonomy":"product_cat","embeddable":true,"href":"https:\/\/nordicmart.andreevmaster.com\/fi\/wp-json\/wp\/v2\/product_cat?post=33685"},{"taxonomy":"product_tag","embeddable":true,"href":"https:\/\/nordicmart.andreevmaster.com\/fi\/wp-json\/wp\/v2\/product_tag?post=33685"}],"curies":[{"name":"wp","href":"https:\/\/api.w.org\/{rel}","templated":true}]}}