{"id":33684,"date":"2026-02-27T00:22:22","date_gmt":"2026-02-27T00:22:22","guid":{"rendered":"https:\/\/nordicmart.andreevmaster.com\/product\/songmics-mikroaaltouunihylly-2-hyllya-hopea\/"},"modified":"2026-02-27T09:42:49","modified_gmt":"2026-02-27T09:42:49","slug":"songmics-mikroaaltouunihylly-2-hyllya-hopea","status":"publish","type":"product","link":"https:\/\/nordicmart.andreevmaster.com\/fi\/tuote\/songmics-mikroaaltouunihylly-2-hyllya-hopea\/","title":{"rendered":"SONGMICS mikroaaltouunihylly, 2 hylly\u00e4, hopea"},"content":{"rendered":"<p>T\u00e4m\u00e4 pieni hylly sopii erityisen hyvin pieniin keitti\u00f6ihin, joissa tarvitaan lis\u00e4\u00e4 s\u00e4ilytystilaa tai s\u00e4ilytysmahdollisuuksia. Hyllylle voi esimerkiksi sijoittaa mikroaaltouunin. Vihdoin mikrouunin p\u00e4\u00e4ll\u00e4 ei ole en\u00e4\u00e4 mit\u00e4\u00e4n, ja muutama ty\u00f6p\u00f6yd\u00e4n tavara mahtuu my\u00f6s hyllylle, jolloin tilaa on taas enemm\u00e4n. T\u00e4t\u00e4 pient\u00e4 keitti\u00f6hylly\u00e4 voi k\u00e4ytt\u00e4\u00e4 my\u00f6s muuhun tarkoitukseen, esimerkiksi kirjojen, kansioiden, CD-levyjen jne. s\u00e4ilytykseen.  Huomautukset:- Kiinnit\u00e4 koukut asennusohjeiden mukaisesti. &#8211; Varmista ostettaessa, ett\u00e4 koko on riitt\u00e4v\u00e4 laitteellesi. Tuotetiedot: &#8211; Mitat: 60 x 52 x 35 cm (L x K x S) &#8211; V\u00e4ri: hopeanhohtoinen &#8211; Materiaali: kromattu rautaputki + PP-muovi &#8211; Maks. Kantavuus per hylly: 2,6 kg &#8211; Bruttopaino: 3,2 kg &#8211; Pakkauksen mitat: 62 x 32 x 6,3 cm Toimitus sis\u00e4lt\u00e4\u00e4: &#8211; 1 x keitti\u00f6hylly 2 hyllyll\u00e4 &#8211; 1 x ohjeet (DE, EN, FR, IT, ES)<\/p>\n","protected":false},"excerpt":{"rendered":"<p>SONGMICS mikroaaltouunihylly, keitti\u00f6hylly 2 tasolla, p\u00f6yt\u00e4organisaattori, 2 s\u00e4\u00e4dett\u00e4v\u00e4ll\u00e4 hyllyll\u00e4 ja 8 koukulla, valkoinen LGR20WT<\/p>\n","protected":false},"featured_media":42493,"comment_status":"open","ping_status":"closed","template":"","meta":[],"product_brand":[],"product_cat":[32],"product_tag":[],"class_list":{"0":"post-33684","1":"product","2":"type-product","3":"status-publish","4":"has-post-thumbnail","6":"product_cat-uncategorized-fi","8":"first","9":"instock","10":"shipping-taxable","11":"purchasable","12":"product-type-simple"},"_links":{"self":[{"href":"https:\/\/nordicmart.andreevmaster.com\/fi\/wp-json\/wp\/v2\/product\/33684","targetHints":{"allow":["GET"]}}],"collection":[{"href":"https:\/\/nordicmart.andreevmaster.com\/fi\/wp-json\/wp\/v2\/product"}],"about":[{"href":"https:\/\/nordicmart.andreevmaster.com\/fi\/wp-json\/wp\/v2\/types\/product"}],"replies":[{"embeddable":true,"href":"https:\/\/nordicmart.andreevmaster.com\/fi\/wp-json\/wp\/v2\/comments?post=33684"}],"wp:featuredmedia":[{"embeddable":true,"href":"https:\/\/nordicmart.andreevmaster.com\/fi\/wp-json\/wp\/v2\/media\/42493"}],"wp:attachment":[{"href":"https:\/\/nordicmart.andreevmaster.com\/fi\/wp-json\/wp\/v2\/media?parent=33684"}],"wp:term":[{"taxonomy":"product_brand","embeddable":true,"href":"https:\/\/nordicmart.andreevmaster.com\/fi\/wp-json\/wp\/v2\/product_brand?post=33684"},{"taxonomy":"product_cat","embeddable":true,"href":"https:\/\/nordicmart.andreevmaster.com\/fi\/wp-json\/wp\/v2\/product_cat?post=33684"},{"taxonomy":"product_tag","embeddable":true,"href":"https:\/\/nordicmart.andreevmaster.com\/fi\/wp-json\/wp\/v2\/product_tag?post=33684"}],"curies":[{"name":"wp","href":"https:\/\/api.w.org\/{rel}","templated":true}]}}