{"id":33682,"date":"2026-02-27T00:22:21","date_gmt":"2026-02-27T00:22:21","guid":{"rendered":"https:\/\/nordicmart.andreevmaster.com\/product\/vasagle-vaatekaappi-9-koukkua-teollisuustyyli\/"},"modified":"2026-02-27T09:42:48","modified_gmt":"2026-02-27T09:42:48","slug":"vasagle-vaatekaappi-9-koukkua-teollisuustyyli","status":"publish","type":"product","link":"https:\/\/nordicmart.andreevmaster.com\/fi\/tuote\/vasagle-vaatekaappi-9-koukkua-teollisuustyyli\/","title":{"rendered":"VASAGLE vaatekaappi 9 koukkua teollisuustyyli"},"content":{"rendered":"<p>Aseta, aseta, ripusta \u2013 vaatekaappi t\u00e4ynn\u00e4 mahdollisuuksia. T\u00e4m\u00e4 huonekalu ei ole vain tyls\u00e4 vaateripustin, joka seisoo nurkassa eteisess\u00e4si. Sen sijaan vaatekaappi on j\u00e4nnitt\u00e4v\u00e4 sekoitus vintage- ja teollista designia, joka tekee siit\u00e4 eteisen kohokohdan.Monitoimisen vaatekaapin avulla saat samalla kolme etua: Uusi vaatetelineesi K\u00e4yt\u00f6ss\u00e4si on 9 vaatekoukkua, joihin voit ripustaa takit, takit, k\u00e4silaukut jne. Uusi kenk\u00e4hyllysi Garderoben alaosassa on 2 hylly\u00e4, joita voit k\u00e4ytt\u00e4\u00e4 kenk\u00e4hyllyin\u00e4. N\u00e4in saappaat, korkokeng\u00e4t tai urheilukeng\u00e4t ovat aina siististi riviss\u00e4 vierekk\u00e4in. Tuotetiedot: &#8211; V\u00e4ri: vintage, musta (matta) &#8211; Materiaali: lastulevy (15 mm), rauta &#8211; Kokonaismitat: 76 x 180 x 42,8 cm (L x K x S) &#8211; Hyllyjen mitat: 72 x 42 cm, 72 x 37 cm (P x L) &#8211; Paino: 15,9 kg &#8211; Hyllyjen kantavuus: 10 kg per hylly &#8211; Koukkujen kantavuus: 2 kg per koukku Toimitus sis\u00e4lt\u00e4\u00e4: &#8211; 1 x vaateteline &#8211; 1 x lis\u00e4varustepussi &#8211; 1 x ohjeet (DE, EN, FR, ES, IT) VASAGLE Huomautukset:- Tuote on tarkoitettu vain sis\u00e4k\u00e4ytt\u00f6\u00f6n. Sijoita se kuivaan paikkaan. &#8211; \u00c4l\u00e4 aseta raskaita esineit\u00e4 huonekalun p\u00e4\u00e4lle. &#8211; \u00c4l\u00e4 istu vaatekaapin hyllyille. &#8211; K\u00e4yt\u00e4 kaatumissuojaa.<\/p>\n","protected":false},"excerpt":{"rendered":"<p>VASAGLE Teollinen design-vaatekaappi, vaateteline, vaatehylly 2 hyllyll\u00e4, puun n\u00e4k\u00f6inen, vaatekaappi, eteisen vaatekaappi, 9 vaatekoukkua, metallirunko, vintage LGR13BX<\/p>\n","protected":false},"featured_media":42491,"comment_status":"open","ping_status":"closed","template":"","meta":[],"product_brand":[],"product_cat":[32],"product_tag":[],"class_list":{"0":"post-33682","1":"product","2":"type-product","3":"status-publish","4":"has-post-thumbnail","6":"product_cat-uncategorized-fi","8":"first","9":"instock","10":"shipping-taxable","11":"purchasable","12":"product-type-simple"},"_links":{"self":[{"href":"https:\/\/nordicmart.andreevmaster.com\/fi\/wp-json\/wp\/v2\/product\/33682","targetHints":{"allow":["GET"]}}],"collection":[{"href":"https:\/\/nordicmart.andreevmaster.com\/fi\/wp-json\/wp\/v2\/product"}],"about":[{"href":"https:\/\/nordicmart.andreevmaster.com\/fi\/wp-json\/wp\/v2\/types\/product"}],"replies":[{"embeddable":true,"href":"https:\/\/nordicmart.andreevmaster.com\/fi\/wp-json\/wp\/v2\/comments?post=33682"}],"wp:featuredmedia":[{"embeddable":true,"href":"https:\/\/nordicmart.andreevmaster.com\/fi\/wp-json\/wp\/v2\/media\/42491"}],"wp:attachment":[{"href":"https:\/\/nordicmart.andreevmaster.com\/fi\/wp-json\/wp\/v2\/media?parent=33682"}],"wp:term":[{"taxonomy":"product_brand","embeddable":true,"href":"https:\/\/nordicmart.andreevmaster.com\/fi\/wp-json\/wp\/v2\/product_brand?post=33682"},{"taxonomy":"product_cat","embeddable":true,"href":"https:\/\/nordicmart.andreevmaster.com\/fi\/wp-json\/wp\/v2\/product_cat?post=33682"},{"taxonomy":"product_tag","embeddable":true,"href":"https:\/\/nordicmart.andreevmaster.com\/fi\/wp-json\/wp\/v2\/product_tag?post=33682"}],"curies":[{"name":"wp","href":"https:\/\/api.w.org\/{rel}","templated":true}]}}