{"id":33680,"date":"2026-02-27T00:22:21","date_gmt":"2026-02-27T00:22:21","guid":{"rendered":"https:\/\/nordicmart.andreevmaster.com\/product\/songmics-keittioteline-4-koukulla\/"},"modified":"2026-02-27T09:42:48","modified_gmt":"2026-02-27T09:42:48","slug":"songmics-keittioteline-4-koukulla","status":"publish","type":"product","link":"https:\/\/nordicmart.andreevmaster.com\/fi\/tuote\/songmics-keittioteline-4-koukulla\/","title":{"rendered":"SONGMICS keitti\u00f6teline 4 koukulla"},"content":{"rendered":"<p>Keitti\u00f6ss\u00e4? Sankari: Ty\u00f6tasosi on t\u00e4ynn\u00e4 kattiloita, mausteita, kulhoja ja muita keitti\u00f6tarvikkeita, eik\u00e4 sinulla ole tilaa valmistaa suurta illallista? T\u00e4m\u00e4 korkea hylly auttaa sinua pulasta. J\u00e4rjest\u00e4 kaikki viiteen tasoon, vapauta ty\u00f6taso ja valmistaudu yll\u00e4tt\u00e4m\u00e4\u00e4n vieraasi! Kylpyhuoneessa? Taikuri: s\u00e4ilyt\u00e4 pyyhkeet, shampoot, voiteet, kylpysuolat ja muut kylpyhuonetarvikkeet j\u00e4rjestyksess\u00e4 viidell\u00e4 tasolla ja ripusta harjat koukkuihin \u2013 taianomaisesti kerran t\u00e4ynn\u00e4 ollut kylpyhuoneesi tuntuu suuremmalta! Muuten: korotetut reunat suojaavat esineit\u00e4si putoamiselta. Parvekkeella? Oaasi: luo parvekepuutarha suosikkikasveillasi ja -kukillasi t\u00e4ll\u00e4 metallihyllyll\u00e4. Tuo ripaus vihreytt\u00e4 kotiisi ja tarjoa kasveillesi ihanteellinen ymp\u00e4rist\u00f6 kukoistaa. Tuotetiedot: &#8211; V\u00e4ri: hopea &#8211; Materiaali: ter\u00e4s &#8211; Koko: 40 x 30 x 121 cm (P x L x K) &#8211; Paino: 4,2 kg &#8211; Maks. staattinen kantavuus hyllytasoa kohti: 20 kg Toimitus sis\u00e4lt\u00e4\u00e4: &#8211; 1 x s\u00e4ilytyshylly &#8211; 5 x PP-levy &#8211; 4 x koukku &#8211; 1 x kaatumissuoja &#8211; 1 x ohjeet SONGMICS Huomautukset:- Muovikiinnikkeit\u00e4 asennettaessa TOP-nuolen tulee aina osoittaa yl\u00f6sp\u00e4in. Tarkista asennuksen j\u00e4lkeen kaikki kiinnikkeet varmistaaksesi, ett\u00e4 ne eiv\u00e4t liiku. &#8211; Varmista, ett\u00e4 kiinnikkeet on kiinnitetty nelj\u00e4\u00e4n putkeen samalle korkeudelle, jotta hyllyt ovat vaakatasossa.- Hyllytasojen suurin staattinen kantavuus on 20 kg. \u00c4l\u00e4 ylit\u00e4 t\u00e4t\u00e4 enimm\u00e4ispainoa. &#8211; Kiinnit\u00e4 tuote sein\u00e4\u00e4n kaatumissuojalla, jotta sen k\u00e4ytt\u00f6 on turvallista.<\/p>\n","protected":false},"excerpt":{"rendered":"<p>SONGMICS keitti\u00f6hylly, metallihylly, lattialla seisova hylly, kylpyhuonehylly 4 koukulla, PP-levyt, s\u00e4\u00e4dett\u00e4v\u00e4t hyllytasot, kantavuus enint\u00e4\u00e4n 100 kg, pieniin tiloihin, kylpyhuoneeseen, hopea LGR115E01<\/p>\n","protected":false},"featured_media":42489,"comment_status":"open","ping_status":"closed","template":"","meta":[],"product_brand":[],"product_cat":[32],"product_tag":[],"class_list":{"0":"post-33680","1":"product","2":"type-product","3":"status-publish","4":"has-post-thumbnail","6":"product_cat-uncategorized-fi","8":"first","9":"instock","10":"shipping-taxable","11":"purchasable","12":"product-type-simple"},"_links":{"self":[{"href":"https:\/\/nordicmart.andreevmaster.com\/fi\/wp-json\/wp\/v2\/product\/33680","targetHints":{"allow":["GET"]}}],"collection":[{"href":"https:\/\/nordicmart.andreevmaster.com\/fi\/wp-json\/wp\/v2\/product"}],"about":[{"href":"https:\/\/nordicmart.andreevmaster.com\/fi\/wp-json\/wp\/v2\/types\/product"}],"replies":[{"embeddable":true,"href":"https:\/\/nordicmart.andreevmaster.com\/fi\/wp-json\/wp\/v2\/comments?post=33680"}],"wp:featuredmedia":[{"embeddable":true,"href":"https:\/\/nordicmart.andreevmaster.com\/fi\/wp-json\/wp\/v2\/media\/42489"}],"wp:attachment":[{"href":"https:\/\/nordicmart.andreevmaster.com\/fi\/wp-json\/wp\/v2\/media?parent=33680"}],"wp:term":[{"taxonomy":"product_brand","embeddable":true,"href":"https:\/\/nordicmart.andreevmaster.com\/fi\/wp-json\/wp\/v2\/product_brand?post=33680"},{"taxonomy":"product_cat","embeddable":true,"href":"https:\/\/nordicmart.andreevmaster.com\/fi\/wp-json\/wp\/v2\/product_cat?post=33680"},{"taxonomy":"product_tag","embeddable":true,"href":"https:\/\/nordicmart.andreevmaster.com\/fi\/wp-json\/wp\/v2\/product_tag?post=33680"}],"curies":[{"name":"wp","href":"https:\/\/api.w.org\/{rel}","templated":true}]}}