{"id":33674,"date":"2026-02-27T00:22:19","date_gmt":"2026-02-27T00:22:19","guid":{"rendered":"https:\/\/nordicmart.andreevmaster.com\/product\/songmics-6-tasoinen-sailytyshylly\/"},"modified":"2026-02-27T09:42:47","modified_gmt":"2026-02-27T09:42:47","slug":"songmics-6-tasoinen-sailytyshylly","status":"publish","type":"product","link":"https:\/\/nordicmart.andreevmaster.com\/fi\/tuote\/songmics-6-tasoinen-sailytyshylly\/","title":{"rendered":"SONGMICS 6-tasoinen s\u00e4ilytyshylly"},"content":{"rendered":"<p>Tuotetiedot: V\u00e4ri: musta Materiaali: ter\u00e4s Koko: 90 x 35 x 177 cm (P x L x K) Paino: 11,9 kg Maks. staattinen kantavuus per hyllytaso: 40 kg Maks. staattinen kantavuus yhteens\u00e4: 240 kg Toimitus sis\u00e4lt\u00e4\u00e4: 1 x keitti\u00f6hylly 6 x PP-levy 8 x S-koukku 2 x kaatumissuoja 1 x ohjeet SONGMICS Huomautukset:Muovikiinnikkeit\u00e4 asennettaessa TOP-nuolen tulee aina osoittaa yl\u00f6sp\u00e4in. Tarkista asennuksen j\u00e4lkeen kaikki kiinnikkeet varmistaaksesi, ett\u00e4 ne eiv\u00e4t liiku. Varmista, ett\u00e4 kaikki kiinnikkeet ovat kunnolla paikallaan putkien syvennyksiss\u00e4, jotta hyllyt ovat keitti\u00f6n p\u00f6yd\u00e4n kanssa samansuuntaiset. Kiinnit\u00e4 tuote sein\u00e4\u00e4n kaatumissuojalla turvallisen k\u00e4yt\u00f6n varmistamiseksi.<\/p>\n","protected":false},"excerpt":{"rendered":"<p>SONGMICS keitti\u00f6hylly, 6 tasoa, metallihylly, lattialla seisova hylly, korkeuss\u00e4\u00e4dett\u00e4v\u00e4 ritil\u00e4, PP-muovilevyill\u00e4, 8 S-koukkua, keitti\u00f6\u00f6n, olohuoneeseen, enint\u00e4\u00e4n 240 kg, tilaa s\u00e4\u00e4st\u00e4v\u00e4, musta LGR096B01<\/p>\n","protected":false},"featured_media":42483,"comment_status":"open","ping_status":"closed","template":"","meta":[],"product_brand":[],"product_cat":[32],"product_tag":[],"class_list":{"0":"post-33674","1":"product","2":"type-product","3":"status-publish","4":"has-post-thumbnail","6":"product_cat-uncategorized-fi","8":"first","9":"instock","10":"shipping-taxable","11":"purchasable","12":"product-type-simple"},"_links":{"self":[{"href":"https:\/\/nordicmart.andreevmaster.com\/fi\/wp-json\/wp\/v2\/product\/33674","targetHints":{"allow":["GET"]}}],"collection":[{"href":"https:\/\/nordicmart.andreevmaster.com\/fi\/wp-json\/wp\/v2\/product"}],"about":[{"href":"https:\/\/nordicmart.andreevmaster.com\/fi\/wp-json\/wp\/v2\/types\/product"}],"replies":[{"embeddable":true,"href":"https:\/\/nordicmart.andreevmaster.com\/fi\/wp-json\/wp\/v2\/comments?post=33674"}],"wp:featuredmedia":[{"embeddable":true,"href":"https:\/\/nordicmart.andreevmaster.com\/fi\/wp-json\/wp\/v2\/media\/42483"}],"wp:attachment":[{"href":"https:\/\/nordicmart.andreevmaster.com\/fi\/wp-json\/wp\/v2\/media?parent=33674"}],"wp:term":[{"taxonomy":"product_brand","embeddable":true,"href":"https:\/\/nordicmart.andreevmaster.com\/fi\/wp-json\/wp\/v2\/product_brand?post=33674"},{"taxonomy":"product_cat","embeddable":true,"href":"https:\/\/nordicmart.andreevmaster.com\/fi\/wp-json\/wp\/v2\/product_cat?post=33674"},{"taxonomy":"product_tag","embeddable":true,"href":"https:\/\/nordicmart.andreevmaster.com\/fi\/wp-json\/wp\/v2\/product_tag?post=33674"}],"curies":[{"name":"wp","href":"https:\/\/api.w.org\/{rel}","templated":true}]}}