{"id":33673,"date":"2026-02-27T00:22:19","date_gmt":"2026-02-27T00:22:19","guid":{"rendered":"https:\/\/nordicmart.andreevmaster.com\/product\/songmics-7-tasoinen-hyllykko-musta\/"},"modified":"2026-02-27T09:42:46","modified_gmt":"2026-02-27T09:42:46","slug":"songmics-7-tasoinen-hyllykko-musta","status":"publish","type":"product","link":"https:\/\/nordicmart.andreevmaster.com\/fi\/tuote\/songmics-7-tasoinen-hyllykko-musta\/","title":{"rendered":"SONGMICS 7-tasoinen hyllykk\u00f6, musta"},"content":{"rendered":"<p>Tuotetiedot: V\u00e4ri: musta Materiaali: ter\u00e4s Koko: 59 x 34 x 180 cm (P x L x K) Paino: 10 kg Maks. staattinen kantavuus hyllytasoa kohti: 40 kg Maks. staattinen kantavuus yhteens\u00e4: 280 kg Toimitus sis\u00e4lt\u00e4\u00e4: 1 x keitti\u00f6hylly 7 x PP-levy 8 x S-koukku 2 x kaatumissuoja 1 x ohjeet SONGMICS Huomautukset:Muovikiinnikkeit\u00e4 asennettaessa TOP-nuolen tulee aina osoittaa yl\u00f6sp\u00e4in. Tarkista asennuksen j\u00e4lkeen kaikki kiinnikkeet varmistaaksesi, ett\u00e4 ne eiv\u00e4t liiku. Aseta kaikki kiinnikkeet oikein putkien syvennyksiin, jotta hyllyt ovat keitti\u00f6n p\u00f6yd\u00e4n kanssa samansuuntaiset. Kiinnit\u00e4 tuote sein\u00e4\u00e4n kaatumissuojalla turvallisen k\u00e4yt\u00f6n varmistamiseksi.<\/p>\n","protected":false},"excerpt":{"rendered":"<p>SONGMICS kylpyhuonehylly, 3-tasoinen lattialla seisova hylly, metallinen hyllyj\u00e4rjestelm\u00e4, kokonaiskuormitus 60 kg, 3 PP-levy\u00e4, 30 x 30 x 73 cm, laajennettavissa, pieniin tiloihin, musta LGR103B01<\/p>\n","protected":false},"featured_media":42482,"comment_status":"open","ping_status":"closed","template":"","meta":[],"product_brand":[],"product_cat":[32],"product_tag":[],"class_list":{"0":"post-33673","1":"product","2":"type-product","3":"status-publish","4":"has-post-thumbnail","6":"product_cat-uncategorized-fi","8":"first","9":"instock","10":"shipping-taxable","11":"purchasable","12":"product-type-simple"},"_links":{"self":[{"href":"https:\/\/nordicmart.andreevmaster.com\/fi\/wp-json\/wp\/v2\/product\/33673","targetHints":{"allow":["GET"]}}],"collection":[{"href":"https:\/\/nordicmart.andreevmaster.com\/fi\/wp-json\/wp\/v2\/product"}],"about":[{"href":"https:\/\/nordicmart.andreevmaster.com\/fi\/wp-json\/wp\/v2\/types\/product"}],"replies":[{"embeddable":true,"href":"https:\/\/nordicmart.andreevmaster.com\/fi\/wp-json\/wp\/v2\/comments?post=33673"}],"wp:featuredmedia":[{"embeddable":true,"href":"https:\/\/nordicmart.andreevmaster.com\/fi\/wp-json\/wp\/v2\/media\/42482"}],"wp:attachment":[{"href":"https:\/\/nordicmart.andreevmaster.com\/fi\/wp-json\/wp\/v2\/media?parent=33673"}],"wp:term":[{"taxonomy":"product_brand","embeddable":true,"href":"https:\/\/nordicmart.andreevmaster.com\/fi\/wp-json\/wp\/v2\/product_brand?post=33673"},{"taxonomy":"product_cat","embeddable":true,"href":"https:\/\/nordicmart.andreevmaster.com\/fi\/wp-json\/wp\/v2\/product_cat?post=33673"},{"taxonomy":"product_tag","embeddable":true,"href":"https:\/\/nordicmart.andreevmaster.com\/fi\/wp-json\/wp\/v2\/product_tag?post=33673"}],"curies":[{"name":"wp","href":"https:\/\/api.w.org\/{rel}","templated":true}]}}