{"id":33670,"date":"2026-02-27T00:22:19","date_gmt":"2026-02-27T00:22:19","guid":{"rendered":"https:\/\/nordicmart.andreevmaster.com\/product\/songmics-3-tasoinen-maustehylly\/"},"modified":"2026-02-27T09:42:46","modified_gmt":"2026-02-27T09:42:46","slug":"songmics-3-tasoinen-maustehylly","status":"publish","type":"product","link":"https:\/\/nordicmart.andreevmaster.com\/fi\/tuote\/songmics-3-tasoinen-maustehylly\/","title":{"rendered":"SONGMICS 3-tasoinen maustehylly"},"content":{"rendered":"<p>Pirist\u00e4 keitti\u00f6t\u00e4si: Monipuolisuus on el\u00e4m\u00e4n suola. Mutta mit\u00e4 enemm\u00e4n lasipurkkeja ja pulloja sinulla on, sit\u00e4 vaikeampaa on pit\u00e4\u00e4 keitti\u00f6 siistin\u00e4. Hanki t\u00e4m\u00e4 tilava 3-tasoinen maustehylly ja s\u00e4ilyt\u00e4 mausteet siististi ja k\u00e4den ulottuvilla. Nyt sinun tarvitsee vain p\u00e4ivitt\u00e4\u00e4 ruoanlaittotaidot. Vakaus on etusijalla: viimeinen asia, jota keitti\u00f6ss\u00e4si tarvitset, on ep\u00e4vakaa hylly, joka kaatuu jatkuvasti. Kukaan ei halua puhdistaa keitti\u00f6n p\u00f6yt\u00e4\u00e4, jolle on kaatunut rosmariinia, timjamia ja paprikajauhetta, eik\u00f6 niin? T\u00e4m\u00e4n keitti\u00f6hyllyn avulla olet vihdoin l\u00f6yt\u00e4nyt vakaa kodin maustepurkeillesi, \u00f6ljypulloillesi jne. Se on varustettu s\u00e4\u00e4dett\u00e4vill\u00e4 jaloilla, jotka tasoittavat p\u00f6yd\u00e4n pinnan pienet ep\u00e4tasaisuudet. Tuotetiedot: V\u00e4ri: musta Materiaali: ter\u00e4srunko, PP-muovilevy Koko: 40 x 15 x 39,5 cm (P x L x K) Paino: 1,6 kg Maks. staattinen kantavuus hylly\u00e4 kohti: 20 kg Toimitus sis\u00e4lt\u00e4\u00e4: 1 x maustehylly 3 x PP-levy 1 x ohjeet SONGMICS Huomautukset: Kiinnitysklipsej\u00e4 asennettaessa nuolen tulee aina osoittaa yl\u00f6sp\u00e4in. Tarkista asennuksen j\u00e4lkeen, ett\u00e4 kiinnikkeet ovat kunnolla kiinni. Aseta kaikki kiinnikkeet oikein pystyputkien syvennyksiin, jotta hyllyt ovat vaakatasossa ty\u00f6tason kanssa. Hyllyjen maksimaalinen staattinen kantavuus on 20 kg. \u00c4l\u00e4 ylit\u00e4 t\u00e4t\u00e4 enimm\u00e4ispainoa.<\/p>\n","protected":false},"excerpt":{"rendered":"<p>SONGMICS maustehylly, 3 tasoa, keitti\u00f6n j\u00e4rjestelij\u00e4, metallia, PP-levyill\u00e4, s\u00e4\u00e4dett\u00e4v\u00e4t hyllytasot, 40 x 15 x 39,5 cm, musta LGR025B01<\/p>\n","protected":false},"featured_media":42479,"comment_status":"open","ping_status":"closed","template":"","meta":[],"product_brand":[],"product_cat":[32],"product_tag":[],"class_list":{"0":"post-33670","1":"product","2":"type-product","3":"status-publish","4":"has-post-thumbnail","6":"product_cat-uncategorized-fi","8":"first","9":"instock","10":"shipping-taxable","11":"purchasable","12":"product-type-simple"},"_links":{"self":[{"href":"https:\/\/nordicmart.andreevmaster.com\/fi\/wp-json\/wp\/v2\/product\/33670","targetHints":{"allow":["GET"]}}],"collection":[{"href":"https:\/\/nordicmart.andreevmaster.com\/fi\/wp-json\/wp\/v2\/product"}],"about":[{"href":"https:\/\/nordicmart.andreevmaster.com\/fi\/wp-json\/wp\/v2\/types\/product"}],"replies":[{"embeddable":true,"href":"https:\/\/nordicmart.andreevmaster.com\/fi\/wp-json\/wp\/v2\/comments?post=33670"}],"wp:featuredmedia":[{"embeddable":true,"href":"https:\/\/nordicmart.andreevmaster.com\/fi\/wp-json\/wp\/v2\/media\/42479"}],"wp:attachment":[{"href":"https:\/\/nordicmart.andreevmaster.com\/fi\/wp-json\/wp\/v2\/media?parent=33670"}],"wp:term":[{"taxonomy":"product_brand","embeddable":true,"href":"https:\/\/nordicmart.andreevmaster.com\/fi\/wp-json\/wp\/v2\/product_brand?post=33670"},{"taxonomy":"product_cat","embeddable":true,"href":"https:\/\/nordicmart.andreevmaster.com\/fi\/wp-json\/wp\/v2\/product_cat?post=33670"},{"taxonomy":"product_tag","embeddable":true,"href":"https:\/\/nordicmart.andreevmaster.com\/fi\/wp-json\/wp\/v2\/product_tag?post=33670"}],"curies":[{"name":"wp","href":"https:\/\/api.w.org\/{rel}","templated":true}]}}