{"id":33668,"date":"2026-02-27T00:22:18","date_gmt":"2026-02-27T00:22:18","guid":{"rendered":"https:\/\/nordicmart.andreevmaster.com\/product\/songmics-kylpyhuonehylly-hopea\/"},"modified":"2026-02-27T09:42:46","modified_gmt":"2026-02-27T09:42:46","slug":"songmics-kylpyhuonehylly-hopea","status":"publish","type":"product","link":"https:\/\/nordicmart.andreevmaster.com\/fi\/tuote\/songmics-kylpyhuonehylly-hopea\/","title":{"rendered":"SONGMICS kylpyhuonehylly, hopea"},"content":{"rendered":"<p>Sopii joka huoneeseen: t\u00e4m\u00e4 30 x 30 x 123,5 cm kokoinen s\u00e4ilytyshylly on tilaa s\u00e4\u00e4st\u00e4v\u00e4 ja sopii l\u00e4hes joka huoneeseen: olohuoneeseen ruukkukasveille ja koristeille, pesutilaan pesuaineille ja huuhteluaineille tai keitti\u00f6\u00f6n mausteille ja keitti\u00f6tarvikkeille. Ei ty\u00f6kaluja tarvita: Oletko k\u00e4det\u00f6n? Ei h\u00e4t\u00e4\u00e4! Numeroitujen osien ja selkeiden ohjeiden ansiosta voit koota t\u00e4m\u00e4n kylpyhuonehyllyn hetkess\u00e4. Muuten, kokoonpanossa ei tarvita ty\u00f6kaluja eik\u00e4 ruuveja. Tuotetiedot: V\u00e4ri: hopea Materiaali: jauhemaalattu ter\u00e4s Koko: 30 x 30 x 123,5 cm (P x L x K) Paino: 4 kg Maks. staattinen kantavuus hylly\u00e4 kohti: 20 kg Toimitus sis\u00e4lt\u00e4\u00e4: 1 x kylpyhuonehylly 2 x kaatumissuoja 1 x ohjeet (DE, EN, FR, ES, IT) SONGMICS-ohjeet: Muovikiinnikkeit\u00e4 asennettaessa TOP-nuolen tulee aina osoittaa yl\u00f6sp\u00e4in. Tarkista asennuksen j\u00e4lkeen, ett\u00e4 kaikki kiinnikkeet ovat kunnolla kiinni. Aseta kaikki kiinnikkeet kunnolla paikoilleen pystytankojen syvennyksiin, jotta hyllyt ovat yhdensuuntaiset keitti\u00f6n p\u00f6yd\u00e4n kanssa. Kiinnit\u00e4 tuote sein\u00e4\u00e4n kaatumissuojalla, jotta se on turvallinen k\u00e4ytt\u00e4\u00e4. Tekstiss\u00e4 mainittu maks. kantavuus viittaa staattiseen maksimipainoon.<\/p>\n","protected":false},"excerpt":{"rendered":"<p>SONGMICS kylpyhuonehylly, metallinen lattiateline, kest\u00e4v\u00e4, kantavuus 100 kg, 5 PP-levy\u00e4, irrotettavat koukut, 30 x 30 x 123,5 cm, laajennettavissa, pieniin tiloihin, hopea LGR023S01<\/p>\n","protected":false},"featured_media":42477,"comment_status":"open","ping_status":"closed","template":"","meta":[],"product_brand":[],"product_cat":[32],"product_tag":[],"class_list":{"0":"post-33668","1":"product","2":"type-product","3":"status-publish","4":"has-post-thumbnail","6":"product_cat-uncategorized-fi","8":"first","9":"instock","10":"shipping-taxable","11":"purchasable","12":"product-type-simple"},"_links":{"self":[{"href":"https:\/\/nordicmart.andreevmaster.com\/fi\/wp-json\/wp\/v2\/product\/33668","targetHints":{"allow":["GET"]}}],"collection":[{"href":"https:\/\/nordicmart.andreevmaster.com\/fi\/wp-json\/wp\/v2\/product"}],"about":[{"href":"https:\/\/nordicmart.andreevmaster.com\/fi\/wp-json\/wp\/v2\/types\/product"}],"replies":[{"embeddable":true,"href":"https:\/\/nordicmart.andreevmaster.com\/fi\/wp-json\/wp\/v2\/comments?post=33668"}],"wp:featuredmedia":[{"embeddable":true,"href":"https:\/\/nordicmart.andreevmaster.com\/fi\/wp-json\/wp\/v2\/media\/42477"}],"wp:attachment":[{"href":"https:\/\/nordicmart.andreevmaster.com\/fi\/wp-json\/wp\/v2\/media?parent=33668"}],"wp:term":[{"taxonomy":"product_brand","embeddable":true,"href":"https:\/\/nordicmart.andreevmaster.com\/fi\/wp-json\/wp\/v2\/product_brand?post=33668"},{"taxonomy":"product_cat","embeddable":true,"href":"https:\/\/nordicmart.andreevmaster.com\/fi\/wp-json\/wp\/v2\/product_cat?post=33668"},{"taxonomy":"product_tag","embeddable":true,"href":"https:\/\/nordicmart.andreevmaster.com\/fi\/wp-json\/wp\/v2\/product_tag?post=33668"}],"curies":[{"name":"wp","href":"https:\/\/api.w.org\/{rel}","templated":true}]}}