{"id":33667,"date":"2026-02-27T00:22:18","date_gmt":"2026-02-27T00:22:18","guid":{"rendered":"https:\/\/nordicmart.andreevmaster.com\/product\/songmics-tietokonepoyta-musta-punainen\/"},"modified":"2026-02-27T09:42:45","modified_gmt":"2026-02-27T09:42:45","slug":"songmics-tietokonepoyta-musta-punainen","status":"publish","type":"product","link":"https:\/\/nordicmart.andreevmaster.com\/fi\/tuote\/songmics-tietokonepoyta-musta-punainen\/","title":{"rendered":"SONGMICS tietokonep\u00f6yt\u00e4 musta-punainen"},"content":{"rendered":"<p>Sopii sinulle: Oletko kiinnostunut tietokonepeleist\u00e4 tai viet\u00e4tk\u00f6 paljon aikaa tietokoneella? SONGMICS-pelip\u00f6yt\u00e4 punamustana luo ihanteellisen ilmapiirin kilpailulliseen pelaamiseen. Siin\u00e4 on tarpeeksi tilaa n\u00e4yt\u00f6ille, hiirelle, n\u00e4pp\u00e4imist\u00f6lle ja kaiuttimille. Sivuilla on ylim\u00e4\u00e4r\u00e4iset pidikkeet kuulokkeille ja juomapulloille. Todella k\u00e4yt\u00e4nn\u00f6llinen! Korkea laatu: T\u00e4m\u00e4 pelip\u00f6yt\u00e4 on valmistettu ter\u00e4srungosta ja tukevasta puukuitupahvista, ja sen pinta kest\u00e4\u00e4 jopa 50 kg:n painon. Z-muotoinen runko ja vahvistustangot tarjoavat erinomaisen vakauden. Tuotetiedot: V\u00e4ri: musta-punainen Materiaali: ter\u00e4s, MDF (keskitihe\u00e4 kuitulevy)Koko: 116 x 60 x 75 cm (P x L x K) P\u00f6yt\u00e4levyn paksuus: 1,8 cm Paino: 18,9 kg Maks. staattinen kantavuus: 50 kg Toimitus sis\u00e4lt\u00e4\u00e4: 1 x pelip\u00f6yt\u00e4 1 x tarra 1 x lis\u00e4varustepaketti 1 x ohjeet (DE, EN, FR, IT, ES) SONGMICS-huomautukset:Turvallisuussyist\u00e4 lapset eiv\u00e4t saa kiivet\u00e4 tuotteen p\u00e4\u00e4lle tai leikki\u00e4 sill\u00e4. P\u00f6yd\u00e4n pinnan suurin staattinen kantavuus on 50 kg. \u00c4l\u00e4 ylit\u00e4 t\u00e4t\u00e4 enimm\u00e4ispainoa.<\/p>\n","protected":false},"excerpt":{"rendered":"<p>SONGMICS pelip\u00f6yt\u00e4, tietokonep\u00f6yt\u00e4, monitoritelineell\u00e4, kuulokkeiden ja juomalasin pidikkeell\u00e4, monitoiminen, Z-muotoinen ter\u00e4srunko, helppo asentaa, musta-punainen LGD001B01<\/p>\n","protected":false},"featured_media":0,"comment_status":"open","ping_status":"closed","template":"","meta":[],"product_brand":[],"product_cat":[32],"product_tag":[],"class_list":{"0":"post-33667","1":"product","2":"type-product","3":"status-publish","5":"product_cat-uncategorized-fi","7":"first","8":"instock","9":"shipping-taxable","10":"purchasable","11":"product-type-simple"},"_links":{"self":[{"href":"https:\/\/nordicmart.andreevmaster.com\/fi\/wp-json\/wp\/v2\/product\/33667","targetHints":{"allow":["GET"]}}],"collection":[{"href":"https:\/\/nordicmart.andreevmaster.com\/fi\/wp-json\/wp\/v2\/product"}],"about":[{"href":"https:\/\/nordicmart.andreevmaster.com\/fi\/wp-json\/wp\/v2\/types\/product"}],"replies":[{"embeddable":true,"href":"https:\/\/nordicmart.andreevmaster.com\/fi\/wp-json\/wp\/v2\/comments?post=33667"}],"wp:attachment":[{"href":"https:\/\/nordicmart.andreevmaster.com\/fi\/wp-json\/wp\/v2\/media?parent=33667"}],"wp:term":[{"taxonomy":"product_brand","embeddable":true,"href":"https:\/\/nordicmart.andreevmaster.com\/fi\/wp-json\/wp\/v2\/product_brand?post=33667"},{"taxonomy":"product_cat","embeddable":true,"href":"https:\/\/nordicmart.andreevmaster.com\/fi\/wp-json\/wp\/v2\/product_cat?post=33667"},{"taxonomy":"product_tag","embeddable":true,"href":"https:\/\/nordicmart.andreevmaster.com\/fi\/wp-json\/wp\/v2\/product_tag?post=33667"}],"curies":[{"name":"wp","href":"https:\/\/api.w.org\/{rel}","templated":true}]}}