{"id":33666,"date":"2026-02-27T00:22:18","date_gmt":"2026-02-27T00:22:18","guid":{"rendered":"https:\/\/nordicmart.andreevmaster.com\/product\/songmics-metalliset-seinahyllyt-3-kpl\/"},"modified":"2026-02-27T09:42:45","modified_gmt":"2026-02-27T09:42:45","slug":"songmics-metalliset-seinahyllyt-3-kpl","status":"publish","type":"product","link":"https:\/\/nordicmart.andreevmaster.com\/fi\/tuote\/songmics-metalliset-seinahyllyt-3-kpl\/","title":{"rendered":"SONGMICS metalliset sein\u00e4hyllyt, 3 kpl"},"content":{"rendered":"<p>Olohuoneessa: N\u00e4ill\u00e4 tyylikk\u00e4ill\u00e4 sein\u00e4hyllyill\u00e4 voit tuoda esille koriste-esineit\u00e4, mehikasveja ja valokuvakehyksi\u00e4. Pirist\u00e4 kotisi helposti! Makuuhuoneessa: Asenna n\u00e4m\u00e4 sein\u00e4hyllyt s\u00e4ngyn viereen kellon, silm\u00e4lasien tai tuoksukynttil\u00f6iden s\u00e4ilytt\u00e4mist\u00e4 varten. Korotetut reunat est\u00e4v\u00e4t esineit\u00e4 liukumasta alas.Ja viel\u00e4 enemm\u00e4n: n\u00e4m\u00e4 kelluvat hyllyt sopivat erinomaisesti ruokasaliin, kylpyhuoneeseen, toimistoon&#8230; Luettelo olisi liian pitk\u00e4, jotta kaikki voitaisiin mainita t\u00e4ss\u00e4, sill\u00e4 n\u00e4m\u00e4 hyllyt sopivat kaikkialle, miss\u00e4 on sein\u00e4t. Tuotetiedot: V\u00e4ri: musta Materiaali: jauhemaalattu ter\u00e4s Pienen hyllyn koko: 30 x 9 x 2,5 cm (P x L x K)Keskikokoisen hyllyn koko: 35 x 9 x 2,5 cm (P x L x K) Suuren hyllyn koko: 40 x 9,5 x 2,5 cm (P x L x K) Paino: 1,6 kg Maks. staattinen kantavuus hylly\u00e4 kohti: 5 kg Toimitus sis\u00e4lt\u00e4\u00e4: 3 x sein\u00e4hylly 1 x lis\u00e4varustepussi 1 x ohjeet<\/p>\n","protected":false},"excerpt":{"rendered":"<p>SONGMICS metalliset sein\u00e4hyllyt, 3 kpl:n sarja, kelluvat hyllyt, teollinen muotoilu, sein\u00e4hyllyt, koristeille, valokuvakehyksille, 6 ruuvia hyllyjen kiinnitt\u00e4miseen, erilaiset asettelut, musta LFS12BK<\/p>\n","protected":false},"featured_media":42476,"comment_status":"open","ping_status":"closed","template":"","meta":[],"product_brand":[],"product_cat":[32],"product_tag":[],"class_list":{"0":"post-33666","1":"product","2":"type-product","3":"status-publish","4":"has-post-thumbnail","6":"product_cat-uncategorized-fi","8":"first","9":"instock","10":"shipping-taxable","11":"purchasable","12":"product-type-simple"},"_links":{"self":[{"href":"https:\/\/nordicmart.andreevmaster.com\/fi\/wp-json\/wp\/v2\/product\/33666","targetHints":{"allow":["GET"]}}],"collection":[{"href":"https:\/\/nordicmart.andreevmaster.com\/fi\/wp-json\/wp\/v2\/product"}],"about":[{"href":"https:\/\/nordicmart.andreevmaster.com\/fi\/wp-json\/wp\/v2\/types\/product"}],"replies":[{"embeddable":true,"href":"https:\/\/nordicmart.andreevmaster.com\/fi\/wp-json\/wp\/v2\/comments?post=33666"}],"wp:featuredmedia":[{"embeddable":true,"href":"https:\/\/nordicmart.andreevmaster.com\/fi\/wp-json\/wp\/v2\/media\/42476"}],"wp:attachment":[{"href":"https:\/\/nordicmart.andreevmaster.com\/fi\/wp-json\/wp\/v2\/media?parent=33666"}],"wp:term":[{"taxonomy":"product_brand","embeddable":true,"href":"https:\/\/nordicmart.andreevmaster.com\/fi\/wp-json\/wp\/v2\/product_brand?post=33666"},{"taxonomy":"product_cat","embeddable":true,"href":"https:\/\/nordicmart.andreevmaster.com\/fi\/wp-json\/wp\/v2\/product_cat?post=33666"},{"taxonomy":"product_tag","embeddable":true,"href":"https:\/\/nordicmart.andreevmaster.com\/fi\/wp-json\/wp\/v2\/product_tag?post=33666"}],"curies":[{"name":"wp","href":"https:\/\/api.w.org\/{rel}","templated":true}]}}