{"id":33665,"date":"2026-02-27T00:22:17","date_gmt":"2026-02-27T00:22:17","guid":{"rendered":"https:\/\/nordicmart.andreevmaster.com\/product\/songmics-3-osainen-metallinen-seinahylly\/"},"modified":"2026-02-27T09:42:45","modified_gmt":"2026-02-27T09:42:45","slug":"songmics-3-osainen-metallinen-seinahylly","status":"publish","type":"product","link":"https:\/\/nordicmart.andreevmaster.com\/fi\/tuote\/songmics-3-osainen-metallinen-seinahylly\/","title":{"rendered":"SONGMICS 3-osainen metallinen sein\u00e4hylly"},"content":{"rendered":"<p>Puuttuuko lattialla s\u00e4ilytystilaa? Katso sitten yl\u00f6sp\u00e4in! Eik\u00f6 lattialla ole tarpeeksi tilaa kapean hyllyn asettamiseksi? Mihin siis laittaa koriste-esineet, jotka ostit eilen? Katso seinille! Muuta tyhj\u00e4t sein\u00e4t n\u00e4ill\u00e4 hyllyill\u00e4 todellisiksi s\u00e4ilytys- ja esittelyihmeiksi. Me olemme erilaisia! Ovatko seinill\u00e4si tavalliset kelluvat hyllyt, jotka koostuvat vain valkoisesta tai mustasta puulevyst\u00e4? Uskallatko kokeilla jotain uutta? Hanki sitten t\u00e4m\u00e4 metallihylly kotiisi, jotta saat nelj\u00e4\u00e4n sein\u00e4\u00e4si modernin ilmeen ja ripauksen teollista tyylikkyytt\u00e4. Tuotetiedot:- V\u00e4ri: musta &#8211; Materiaali: ter\u00e4s &#8211; Pienen hyllyn koko: 24,5 x 14 x 12 cm (P x L x K) &#8211; Keskikokoisen hyllyn koko: 32,5 x 14 x 12 cm (P x L x K) &#8211; Suuren hyllyn koko: 41,5 x 14 x 12 cm (P x L x K) &#8211; Kokonaispaino: 1,3 kg &#8211; Hyllyn suurin staattinen kantavuus: 10 kg Toimitus sis\u00e4lt\u00e4\u00e4: &#8211; 3 x sein\u00e4hylly &#8211; 1 x lis\u00e4varustepaketti &#8211; 1 x ohjeet (DE, EN, FR, ES, IT) SONGMICS-ohjeet:- Sein\u00e4hyllyn suurin staattinen kantavuus on 10 kg. \u00c4l\u00e4 ylit\u00e4 t\u00e4t\u00e4 enimm\u00e4ispainoa.<\/p>\n","protected":false},"excerpt":{"rendered":"<p>SONGMICS sein\u00e4hyllyt, 3 kpl, metalliset kelluvat hyllyt, teollinen muotoilu, kuvakehyksille, kasveille, koristeille, matkamuistoille, erilaiset asettelut, musta LFS031B01<\/p>\n","protected":false},"featured_media":42475,"comment_status":"open","ping_status":"closed","template":"","meta":[],"product_brand":[],"product_cat":[32],"product_tag":[],"class_list":{"0":"post-33665","1":"product","2":"type-product","3":"status-publish","4":"has-post-thumbnail","6":"product_cat-uncategorized-fi","8":"first","9":"instock","10":"shipping-taxable","11":"purchasable","12":"product-type-simple"},"_links":{"self":[{"href":"https:\/\/nordicmart.andreevmaster.com\/fi\/wp-json\/wp\/v2\/product\/33665","targetHints":{"allow":["GET"]}}],"collection":[{"href":"https:\/\/nordicmart.andreevmaster.com\/fi\/wp-json\/wp\/v2\/product"}],"about":[{"href":"https:\/\/nordicmart.andreevmaster.com\/fi\/wp-json\/wp\/v2\/types\/product"}],"replies":[{"embeddable":true,"href":"https:\/\/nordicmart.andreevmaster.com\/fi\/wp-json\/wp\/v2\/comments?post=33665"}],"wp:featuredmedia":[{"embeddable":true,"href":"https:\/\/nordicmart.andreevmaster.com\/fi\/wp-json\/wp\/v2\/media\/42475"}],"wp:attachment":[{"href":"https:\/\/nordicmart.andreevmaster.com\/fi\/wp-json\/wp\/v2\/media?parent=33665"}],"wp:term":[{"taxonomy":"product_brand","embeddable":true,"href":"https:\/\/nordicmart.andreevmaster.com\/fi\/wp-json\/wp\/v2\/product_brand?post=33665"},{"taxonomy":"product_cat","embeddable":true,"href":"https:\/\/nordicmart.andreevmaster.com\/fi\/wp-json\/wp\/v2\/product_cat?post=33665"},{"taxonomy":"product_tag","embeddable":true,"href":"https:\/\/nordicmart.andreevmaster.com\/fi\/wp-json\/wp\/v2\/product_tag?post=33665"}],"curies":[{"name":"wp","href":"https:\/\/api.w.org\/{rel}","templated":true}]}}