{"id":33664,"date":"2026-02-27T00:22:17","date_gmt":"2026-02-27T00:22:17","guid":{"rendered":"https:\/\/nordicmart.andreevmaster.com\/product\/songmics-2-seinahyllya-teollinen-muotoilu-musta\/"},"modified":"2026-02-27T09:42:45","modified_gmt":"2026-02-27T09:42:45","slug":"songmics-2-seinahyllya-teollinen-muotoilu-musta","status":"publish","type":"product","link":"https:\/\/nordicmart.andreevmaster.com\/fi\/tuote\/songmics-2-seinahyllya-teollinen-muotoilu-musta\/","title":{"rendered":"SONGMICS 2 sein\u00e4hylly\u00e4, teollinen muotoilu, musta"},"content":{"rendered":"<p>Lis\u00e4\u00e4 s\u00e4ilytystilaa kotiisi: Onko keitti\u00f6si liian pieni? Onko keitti\u00f6n ty\u00f6tasolla suuri kaaos? Ripusta n\u00e4m\u00e4 hyllyt sein\u00e4lle ja s\u00e4ilyt\u00e4 mausteet, kuten curryjauhe, timjami, kumina ja rosmariini, siististi niill\u00e4. Lis\u00e4ksi voit ripustaa siivousliinat ja muut tarvikkeet 10 koukkuun.\u00c4l\u00e4 unohda avaimia: Etsitk\u00f6 aina avaimia ennen kuin l\u00e4hdet kotoa? Sitten voit asentaa n\u00e4m\u00e4 hyllyt eteiseen. Ripusta avaimet koukkuihin ja laita muut tavarat, kuten laskut ja kirjeet, hyllylle. Tuotetiedot: V\u00e4ri: musta Materiaali: rauta Pienen hyllyn koko: 30 x 12 x 13 cm (P x L x K)Suuren hyllyn koko: 40 x 12 x 13 cm (P x L x K) Paino: 0,67 kg + 0,75 kg Maks. staattinen kantavuus per hylly: 15 kg Toimitus sis\u00e4lt\u00e4\u00e4: 2 x sein\u00e4hylly 10 x koukku 1 x lis\u00e4varustepussi 1 x ohjeet (DE, EN, FR, ES, IT)<\/p>\n","protected":false},"excerpt":{"rendered":"<p>SONGMICS Teollisen muotoilun sein\u00e4hyllyt, metallia, kunkin hyllyn kantavuus 15 kg, 2 kpl:n sarja, keitti\u00f6hyllyt, 10 koukulla, makuuhuoneeseen ja olohuoneeseen, musta LFS02BK<\/p>\n","protected":false},"featured_media":42474,"comment_status":"open","ping_status":"closed","template":"","meta":[],"product_brand":[],"product_cat":[32],"product_tag":[],"class_list":{"0":"post-33664","1":"product","2":"type-product","3":"status-publish","4":"has-post-thumbnail","6":"product_cat-uncategorized-fi","8":"first","9":"instock","10":"shipping-taxable","11":"purchasable","12":"product-type-simple"},"_links":{"self":[{"href":"https:\/\/nordicmart.andreevmaster.com\/fi\/wp-json\/wp\/v2\/product\/33664","targetHints":{"allow":["GET"]}}],"collection":[{"href":"https:\/\/nordicmart.andreevmaster.com\/fi\/wp-json\/wp\/v2\/product"}],"about":[{"href":"https:\/\/nordicmart.andreevmaster.com\/fi\/wp-json\/wp\/v2\/types\/product"}],"replies":[{"embeddable":true,"href":"https:\/\/nordicmart.andreevmaster.com\/fi\/wp-json\/wp\/v2\/comments?post=33664"}],"wp:featuredmedia":[{"embeddable":true,"href":"https:\/\/nordicmart.andreevmaster.com\/fi\/wp-json\/wp\/v2\/media\/42474"}],"wp:attachment":[{"href":"https:\/\/nordicmart.andreevmaster.com\/fi\/wp-json\/wp\/v2\/media?parent=33664"}],"wp:term":[{"taxonomy":"product_brand","embeddable":true,"href":"https:\/\/nordicmart.andreevmaster.com\/fi\/wp-json\/wp\/v2\/product_brand?post=33664"},{"taxonomy":"product_cat","embeddable":true,"href":"https:\/\/nordicmart.andreevmaster.com\/fi\/wp-json\/wp\/v2\/product_cat?post=33664"},{"taxonomy":"product_tag","embeddable":true,"href":"https:\/\/nordicmart.andreevmaster.com\/fi\/wp-json\/wp\/v2\/product_tag?post=33664"}],"curies":[{"name":"wp","href":"https:\/\/api.w.org\/{rel}","templated":true}]}}