{"id":33663,"date":"2026-02-27T00:22:17","date_gmt":"2026-02-27T00:22:17","guid":{"rendered":"https:\/\/nordicmart.andreevmaster.com\/product\/songmics-pyorea-seinahylly-musta\/"},"modified":"2026-02-27T09:42:44","modified_gmt":"2026-02-27T09:42:44","slug":"songmics-pyorea-seinahylly-musta","status":"publish","type":"product","link":"https:\/\/nordicmart.andreevmaster.com\/fi\/tuote\/songmics-pyorea-seinahylly-musta\/","title":{"rendered":"SONGMICS Py\u00f6re\u00e4 sein\u00e4hylly Musta"},"content":{"rendered":"<p>Puuttuuko lattialla s\u00e4ilytystilaa? Katso sitten yl\u00f6sp\u00e4in: Eik\u00f6 lattialla ole tarpeeksi tilaa kapean hyllyn asettamiseksi? Mihin sitten laitat eilen ostamasi koriste-esineet? K\u00e4\u00e4nn\u00e4 katseesi seiniin! Muuta tyhj\u00e4t sein\u00e4t t\u00e4m\u00e4n hyllyn avulla todellisiksi s\u00e4ilytys- ja esittelyihmeiksi. Olemme erilaisia: Ovatko seinill\u00e4si tavalliset kelluvat hyllyt, jotka koostuvat vain valkoisesta tai mustasta puulevyst\u00e4? Uskallatko kokeilla jotain uutta? Hanki sitten t\u00e4m\u00e4 py\u00f6re\u00e4 metallihylly kotiisi, jotta saat nelj\u00e4\u00e4n sein\u00e4\u00e4si modernin ilmeen ja ripauksen teollista tyylikkyytt\u00e4. Tuotetiedot: V\u00e4ri: musta Materiaali: rauta Kokonaiskoko: 55 x 12 cm (\u00d8 x L) Hyllyjen koko: 29,2 x 12 cm, 23,2 x 12 cm, 30,3 x 12 cm Paino: 1,1 kg Maks. staattinen kokonaiskuormitus: 15 kg (5 kg per hylly) Toimitus sis\u00e4lt\u00e4\u00e4: 1 x sein\u00e4hylly 1 x s\u00e4ilytysastia lis\u00e4varusteineen 1 x ohjeet (DE, EN, FR, ES, IT)<\/p>\n","protected":false},"excerpt":{"rendered":"<p>SONGMICS metallinen sein\u00e4hylly, py\u00f6re\u00e4 hylly 3 ritil\u00e4hyllyll\u00e4, 2 ruuvilla, 55 x 12 cm (\u00d8 x L), olohuoneeseen ja eteiseen, teollinen muotoilu, musta LFS01BK<\/p>\n","protected":false},"featured_media":42473,"comment_status":"open","ping_status":"closed","template":"","meta":[],"product_brand":[],"product_cat":[32],"product_tag":[],"class_list":{"0":"post-33663","1":"product","2":"type-product","3":"status-publish","4":"has-post-thumbnail","6":"product_cat-uncategorized-fi","8":"first","9":"instock","10":"shipping-taxable","11":"purchasable","12":"product-type-simple"},"_links":{"self":[{"href":"https:\/\/nordicmart.andreevmaster.com\/fi\/wp-json\/wp\/v2\/product\/33663","targetHints":{"allow":["GET"]}}],"collection":[{"href":"https:\/\/nordicmart.andreevmaster.com\/fi\/wp-json\/wp\/v2\/product"}],"about":[{"href":"https:\/\/nordicmart.andreevmaster.com\/fi\/wp-json\/wp\/v2\/types\/product"}],"replies":[{"embeddable":true,"href":"https:\/\/nordicmart.andreevmaster.com\/fi\/wp-json\/wp\/v2\/comments?post=33663"}],"wp:featuredmedia":[{"embeddable":true,"href":"https:\/\/nordicmart.andreevmaster.com\/fi\/wp-json\/wp\/v2\/media\/42473"}],"wp:attachment":[{"href":"https:\/\/nordicmart.andreevmaster.com\/fi\/wp-json\/wp\/v2\/media?parent=33663"}],"wp:term":[{"taxonomy":"product_brand","embeddable":true,"href":"https:\/\/nordicmart.andreevmaster.com\/fi\/wp-json\/wp\/v2\/product_brand?post=33663"},{"taxonomy":"product_cat","embeddable":true,"href":"https:\/\/nordicmart.andreevmaster.com\/fi\/wp-json\/wp\/v2\/product_cat?post=33663"},{"taxonomy":"product_tag","embeddable":true,"href":"https:\/\/nordicmart.andreevmaster.com\/fi\/wp-json\/wp\/v2\/product_tag?post=33663"}],"curies":[{"name":"wp","href":"https:\/\/api.w.org\/{rel}","templated":true}]}}