{"id":33660,"date":"2026-02-27T00:22:16","date_gmt":"2026-02-27T00:22:16","guid":{"rendered":"https:\/\/nordicmart.andreevmaster.com\/product\/songmics-kokovartalopeili-suorakulmainen-peili-seisova-tai-seinalle-kiinnitettava\/"},"modified":"2026-02-27T09:42:44","modified_gmt":"2026-02-27T09:42:44","slug":"songmics-kokovartalopeili-suorakulmainen-peili-seisova-tai-seinalle-kiinnitettava","status":"publish","type":"product","link":"https:\/\/nordicmart.andreevmaster.com\/fi\/tuote\/songmics-kokovartalopeili-suorakulmainen-peili-seisova-tai-seinalle-kiinnitettava\/","title":{"rendered":"SONGMICS kokovartalopeili, suorakulmainen peili, seisova tai sein\u00e4lle kiinnitett\u00e4v\u00e4"},"content":{"rendered":"<p>SONGMICS kokovartalopeili, 160 x 50 cm, suorakulmainen seisomapeili, alumiiniseoskehys, karkaistu lasi, makuuhuoneeseen, olohuoneeseen, vaatehuoneeseen, musta LFM030B01<br \/>\nTuotetiedot:<br \/>\n&#8211; V\u00e4ri: musta<br \/>\n&#8211; Materiaali: karkaistu lasi, alumiiniseos<br \/>\n&#8211; Koko: 160 x 50 cm (P x L)<br \/>\n&#8211; Paino: 6,8 kg<\/p>\n<p>Toimitus sis\u00e4lt\u00e4\u00e4<br \/>\n&#8211; 1 x kokovartalopeili<br \/>\n&#8211; 1 x lis\u00e4varustepaketti<br \/>\n&#8211; 1 x k\u00e4ytt\u00f6ohje<\/p>\n<p>Huomautukset:<br \/>\n&#8211; Varmista, ett\u00e4 peilin jalusta on t\u00e4ysin auki, jotta peili pysyy vakaana.<br \/>\n&#8211; Ota kokovartalopeili varovasti pois pakkauksesta vahingoittumisen v\u00e4ltt\u00e4miseksi.<br \/>\n&#8211; Jos peili putoaa vahingossa ja s\u00e4rkyy, \u00e4l\u00e4 kosketa lasinsirpaleita paljain k\u00e4sin.<\/p>\n","protected":false},"excerpt":{"rendered":"<p>SONGMICS kokovartalopeili, 160 x 50 cm, suorakulmainen seisomapeili, alumiiniseoskehys, karkaistu lasi, makuuhuoneeseen, olohuoneeseen, vaatehuoneeseen, musta LFM030B01<\/p>\n","protected":false},"featured_media":42470,"comment_status":"open","ping_status":"closed","template":"","meta":[],"product_brand":[],"product_cat":[32],"product_tag":[],"class_list":{"0":"post-33660","1":"product","2":"type-product","3":"status-publish","4":"has-post-thumbnail","6":"product_cat-uncategorized-fi","8":"first","9":"instock","10":"shipping-taxable","11":"purchasable","12":"product-type-simple"},"_links":{"self":[{"href":"https:\/\/nordicmart.andreevmaster.com\/fi\/wp-json\/wp\/v2\/product\/33660","targetHints":{"allow":["GET"]}}],"collection":[{"href":"https:\/\/nordicmart.andreevmaster.com\/fi\/wp-json\/wp\/v2\/product"}],"about":[{"href":"https:\/\/nordicmart.andreevmaster.com\/fi\/wp-json\/wp\/v2\/types\/product"}],"replies":[{"embeddable":true,"href":"https:\/\/nordicmart.andreevmaster.com\/fi\/wp-json\/wp\/v2\/comments?post=33660"}],"wp:featuredmedia":[{"embeddable":true,"href":"https:\/\/nordicmart.andreevmaster.com\/fi\/wp-json\/wp\/v2\/media\/42470"}],"wp:attachment":[{"href":"https:\/\/nordicmart.andreevmaster.com\/fi\/wp-json\/wp\/v2\/media?parent=33660"}],"wp:term":[{"taxonomy":"product_brand","embeddable":true,"href":"https:\/\/nordicmart.andreevmaster.com\/fi\/wp-json\/wp\/v2\/product_brand?post=33660"},{"taxonomy":"product_cat","embeddable":true,"href":"https:\/\/nordicmart.andreevmaster.com\/fi\/wp-json\/wp\/v2\/product_cat?post=33660"},{"taxonomy":"product_tag","embeddable":true,"href":"https:\/\/nordicmart.andreevmaster.com\/fi\/wp-json\/wp\/v2\/product_tag?post=33660"}],"curies":[{"name":"wp","href":"https:\/\/api.w.org\/{rel}","templated":true}]}}