{"id":33659,"date":"2026-02-27T00:22:16","date_gmt":"2026-02-27T00:22:16","guid":{"rendered":"https:\/\/nordicmart.andreevmaster.com\/product\/songmics-360-kaantyva-kokovartalopeili-hyllyilla-ja-koukkuilla\/"},"modified":"2026-02-27T09:42:44","modified_gmt":"2026-02-27T09:42:44","slug":"songmics-360-kaantyva-kokovartalopeili-hyllyilla-ja-koukkuilla","status":"publish","type":"product","link":"https:\/\/nordicmart.andreevmaster.com\/fi\/tuote\/songmics-360-kaantyva-kokovartalopeili-hyllyilla-ja-koukkuilla\/","title":{"rendered":"SONGMICS 360\u00b0 k\u00e4\u00e4ntyv\u00e4 kokovartalopeili hyllyill\u00e4 ja koukkuilla"},"content":{"rendered":"<p>SONGMICS kokovartalopeili, seisomapeili, 360\u00b0 k\u00e4\u00e4ntyv\u00e4 peili, 163 x 45 cm, jalustalla, hyllyill\u00e4 ja koukkuilla, kirkas karkaistu lasi, makuuhuoneeseen, olohuoneeseen, pilvinen valkoinen LFM036W01<br \/>\nV\u00e4ri: pilvinen valkoinen<br \/>\nMateriaali: karkaistu lasi, MDF (keskitihe\u00e4 kuitulevy), ter\u00e4s<br \/>\nKoko: 45 cm p, 163 cm K<br \/>\nPaino: 15,1 kg<br \/>\nHyllyn maks. staattinen kantavuus: 5 kg<br \/>\nMaks. staattinen kantavuus koukkua kohti: 2 kg<\/p>\n","protected":false},"excerpt":{"rendered":"<p>SONGMICS kokovartalopeili, seisomapeili, 360\u00b0 k\u00e4\u00e4ntyv\u00e4 peili, 163 x 45 cm, jalustalla, hyllyill\u00e4 ja koukkuilla, kirkas karkaistu lasi, makuuhuoneeseen, olohuoneeseen, pilvinen valkoinen LFM036W01<\/p>\n","protected":false},"featured_media":42469,"comment_status":"open","ping_status":"closed","template":"","meta":[],"product_brand":[],"product_cat":[32],"product_tag":[],"class_list":{"0":"post-33659","1":"product","2":"type-product","3":"status-publish","4":"has-post-thumbnail","6":"product_cat-uncategorized-fi","8":"first","9":"instock","10":"shipping-taxable","11":"purchasable","12":"product-type-simple"},"_links":{"self":[{"href":"https:\/\/nordicmart.andreevmaster.com\/fi\/wp-json\/wp\/v2\/product\/33659","targetHints":{"allow":["GET"]}}],"collection":[{"href":"https:\/\/nordicmart.andreevmaster.com\/fi\/wp-json\/wp\/v2\/product"}],"about":[{"href":"https:\/\/nordicmart.andreevmaster.com\/fi\/wp-json\/wp\/v2\/types\/product"}],"replies":[{"embeddable":true,"href":"https:\/\/nordicmart.andreevmaster.com\/fi\/wp-json\/wp\/v2\/comments?post=33659"}],"wp:featuredmedia":[{"embeddable":true,"href":"https:\/\/nordicmart.andreevmaster.com\/fi\/wp-json\/wp\/v2\/media\/42469"}],"wp:attachment":[{"href":"https:\/\/nordicmart.andreevmaster.com\/fi\/wp-json\/wp\/v2\/media?parent=33659"}],"wp:term":[{"taxonomy":"product_brand","embeddable":true,"href":"https:\/\/nordicmart.andreevmaster.com\/fi\/wp-json\/wp\/v2\/product_brand?post=33659"},{"taxonomy":"product_cat","embeddable":true,"href":"https:\/\/nordicmart.andreevmaster.com\/fi\/wp-json\/wp\/v2\/product_cat?post=33659"},{"taxonomy":"product_tag","embeddable":true,"href":"https:\/\/nordicmart.andreevmaster.com\/fi\/wp-json\/wp\/v2\/product_tag?post=33659"}],"curies":[{"name":"wp","href":"https:\/\/api.w.org\/{rel}","templated":true}]}}