{"id":33649,"date":"2026-02-27T00:22:14","date_gmt":"2026-02-27T00:22:14","guid":{"rendered":"https:\/\/nordicmart.andreevmaster.com\/product\/songmics-kokovartalopeili-pyoristetyilla-kulmilla-160-x-50-cm-musta\/"},"modified":"2026-02-27T09:42:42","modified_gmt":"2026-02-27T09:42:42","slug":"songmics-kokovartalopeili-pyoristetyilla-kulmilla-160-x-50-cm-musta","status":"publish","type":"product","link":"https:\/\/nordicmart.andreevmaster.com\/fi\/tuote\/songmics-kokovartalopeili-pyoristetyilla-kulmilla-160-x-50-cm-musta\/","title":{"rendered":"SONGMICS kokovartalopeili py\u00f6ristetyill\u00e4 kulmilla 160 x 50 cm musta"},"content":{"rendered":"<p>SONGMICS kokovartalopeili, 160 x 50 cm, seisomapeili py\u00f6ristetyill\u00e4 kulmilla, alumiiniseoskehys, karkaistu lasi, makuuhuoneeseen, olohuoneeseen, vaatehuoneeseen, musta LFM029B01<br \/>\nV\u00e4ri: musta<br \/>\nMateriaali: karkaistu lasi, alumiiniseos<br \/>\nKoko: 160 x 50 cm (P x L)<br \/>\nPaino: 11,9 kg<\/p>\n","protected":false},"excerpt":{"rendered":"<p>SONGMICS kokovartalopeili, 160 x 50 cm, seisomapeili py\u00f6ristetyill\u00e4 kulmilla, alumiiniseoskehys, karkaistu lasi, makuuhuoneeseen, olohuoneeseen, vaatehuoneeseen, musta LFM029B01<\/p>\n","protected":false},"featured_media":42459,"comment_status":"open","ping_status":"closed","template":"","meta":[],"product_brand":[],"product_cat":[32],"product_tag":[],"class_list":{"0":"post-33649","1":"product","2":"type-product","3":"status-publish","4":"has-post-thumbnail","6":"product_cat-uncategorized-fi","8":"first","9":"instock","10":"shipping-taxable","11":"purchasable","12":"product-type-simple"},"_links":{"self":[{"href":"https:\/\/nordicmart.andreevmaster.com\/fi\/wp-json\/wp\/v2\/product\/33649","targetHints":{"allow":["GET"]}}],"collection":[{"href":"https:\/\/nordicmart.andreevmaster.com\/fi\/wp-json\/wp\/v2\/product"}],"about":[{"href":"https:\/\/nordicmart.andreevmaster.com\/fi\/wp-json\/wp\/v2\/types\/product"}],"replies":[{"embeddable":true,"href":"https:\/\/nordicmart.andreevmaster.com\/fi\/wp-json\/wp\/v2\/comments?post=33649"}],"wp:featuredmedia":[{"embeddable":true,"href":"https:\/\/nordicmart.andreevmaster.com\/fi\/wp-json\/wp\/v2\/media\/42459"}],"wp:attachment":[{"href":"https:\/\/nordicmart.andreevmaster.com\/fi\/wp-json\/wp\/v2\/media?parent=33649"}],"wp:term":[{"taxonomy":"product_brand","embeddable":true,"href":"https:\/\/nordicmart.andreevmaster.com\/fi\/wp-json\/wp\/v2\/product_brand?post=33649"},{"taxonomy":"product_cat","embeddable":true,"href":"https:\/\/nordicmart.andreevmaster.com\/fi\/wp-json\/wp\/v2\/product_cat?post=33649"},{"taxonomy":"product_tag","embeddable":true,"href":"https:\/\/nordicmart.andreevmaster.com\/fi\/wp-json\/wp\/v2\/product_tag?post=33649"}],"curies":[{"name":"wp","href":"https:\/\/api.w.org\/{rel}","templated":true}]}}