{"id":33648,"date":"2026-02-27T00:22:13","date_gmt":"2026-02-27T00:22:13","guid":{"rendered":"https:\/\/nordicmart.andreevmaster.com\/product\/songmics-seinapeili-sailytystilalla-helppo-asentaa-pilvinen-valkoinen\/"},"modified":"2026-02-27T09:42:42","modified_gmt":"2026-02-27T09:42:42","slug":"songmics-seinapeili-sailytystilalla-helppo-asentaa-pilvinen-valkoinen","status":"publish","type":"product","link":"https:\/\/nordicmart.andreevmaster.com\/fi\/tuote\/songmics-seinapeili-sailytystilalla-helppo-asentaa-pilvinen-valkoinen\/","title":{"rendered":"SONGMICS sein\u00e4peili s\u00e4ilytystilalla, helppo asentaa, pilvinen valkoinen"},"content":{"rendered":"<p>SONGMICS sein\u00e4peili, peili, s\u00e4ilytystilalla, iso peili, 108 x 60 x 17,5 cm, 3 koukulla, helppo asentaa, olohuoneeseen, eteiseen, makuuhuoneeseen<br \/>\nV\u00e4ri: pilvinen valkoinen<br \/>\nMateriaali: lasi, MDF (keskitihe\u00e4 kuitulevy)<br \/>\nKoko: 108 x 60 x 17,5 cm (P x L x S)<br \/>\nPaino: 8,8 kg<br \/>\nMaks. staattinen kantavuus hylly\u00e4 kohti: 2,5 kg<\/p>\n","protected":false},"excerpt":{"rendered":"<p>SONGMICS sein\u00e4peili, peili, s\u00e4ilytystilalla, iso peili, 108 x 60 x 17,5 cm, 3 koukulla, helppo asentaa, olohuoneeseen, eteiseen, makuuhuoneeseen<\/p>\n","protected":false},"featured_media":42458,"comment_status":"open","ping_status":"closed","template":"","meta":[],"product_brand":[],"product_cat":[32],"product_tag":[],"class_list":{"0":"post-33648","1":"product","2":"type-product","3":"status-publish","4":"has-post-thumbnail","6":"product_cat-uncategorized-fi","8":"first","9":"instock","10":"shipping-taxable","11":"purchasable","12":"product-type-simple"},"_links":{"self":[{"href":"https:\/\/nordicmart.andreevmaster.com\/fi\/wp-json\/wp\/v2\/product\/33648","targetHints":{"allow":["GET"]}}],"collection":[{"href":"https:\/\/nordicmart.andreevmaster.com\/fi\/wp-json\/wp\/v2\/product"}],"about":[{"href":"https:\/\/nordicmart.andreevmaster.com\/fi\/wp-json\/wp\/v2\/types\/product"}],"replies":[{"embeddable":true,"href":"https:\/\/nordicmart.andreevmaster.com\/fi\/wp-json\/wp\/v2\/comments?post=33648"}],"wp:featuredmedia":[{"embeddable":true,"href":"https:\/\/nordicmart.andreevmaster.com\/fi\/wp-json\/wp\/v2\/media\/42458"}],"wp:attachment":[{"href":"https:\/\/nordicmart.andreevmaster.com\/fi\/wp-json\/wp\/v2\/media?parent=33648"}],"wp:term":[{"taxonomy":"product_brand","embeddable":true,"href":"https:\/\/nordicmart.andreevmaster.com\/fi\/wp-json\/wp\/v2\/product_brand?post=33648"},{"taxonomy":"product_cat","embeddable":true,"href":"https:\/\/nordicmart.andreevmaster.com\/fi\/wp-json\/wp\/v2\/product_cat?post=33648"},{"taxonomy":"product_tag","embeddable":true,"href":"https:\/\/nordicmart.andreevmaster.com\/fi\/wp-json\/wp\/v2\/product_tag?post=33648"}],"curies":[{"name":"wp","href":"https:\/\/api.w.org\/{rel}","templated":true}]}}