{"id":33647,"date":"2026-02-27T00:22:13","date_gmt":"2026-02-27T00:22:13","guid":{"rendered":"https:\/\/nordicmart.andreevmaster.com\/product\/songmics-seinapeili-kaarevat-kulmat-kehykseton-musta\/"},"modified":"2026-02-27T09:42:42","modified_gmt":"2026-02-27T09:42:42","slug":"songmics-seinapeili-kaarevat-kulmat-kehykseton-musta","status":"publish","type":"product","link":"https:\/\/nordicmart.andreevmaster.com\/fi\/tuote\/songmics-seinapeili-kaarevat-kulmat-kehykseton-musta\/","title":{"rendered":"SONGMICS sein\u00e4peili, kaarevat kulmat, kehykset\u00f6n, musta"},"content":{"rendered":"<p>SONGMICS peili sein\u00e4lle, sein\u00e4peili kokovartalopeili, 120 x 47 cm, kaareva kulma, peili oveen, kehykset\u00f6n, makuuhuoneeseen, olohuoneeseen, pukeutumishuoneeseen, musta LFM010B01<br \/>\nV\u00e4ri: musta<br \/>\nMateriaali: MDF (keskitihe\u00e4 kuitulevy), lasi<br \/>\nKoko: 120 x 47 x 1,2 cm (P x L x S)<br \/>\nPaino: 5,3 kg<\/p>\n","protected":false},"excerpt":{"rendered":"<p>SONGMICS peili sein\u00e4lle, sein\u00e4peili kokovartalopeili, 120 x 47 cm, kaareva kulma, peili oveen, kehykset\u00f6n, makuuhuoneeseen, olohuoneeseen, pukeutumishuoneeseen, musta LFM010B01<\/p>\n","protected":false},"featured_media":42457,"comment_status":"open","ping_status":"closed","template":"","meta":[],"product_brand":[],"product_cat":[32],"product_tag":[],"class_list":{"0":"post-33647","1":"product","2":"type-product","3":"status-publish","4":"has-post-thumbnail","6":"product_cat-uncategorized-fi","8":"first","9":"instock","10":"shipping-taxable","11":"purchasable","12":"product-type-simple"},"_links":{"self":[{"href":"https:\/\/nordicmart.andreevmaster.com\/fi\/wp-json\/wp\/v2\/product\/33647","targetHints":{"allow":["GET"]}}],"collection":[{"href":"https:\/\/nordicmart.andreevmaster.com\/fi\/wp-json\/wp\/v2\/product"}],"about":[{"href":"https:\/\/nordicmart.andreevmaster.com\/fi\/wp-json\/wp\/v2\/types\/product"}],"replies":[{"embeddable":true,"href":"https:\/\/nordicmart.andreevmaster.com\/fi\/wp-json\/wp\/v2\/comments?post=33647"}],"wp:featuredmedia":[{"embeddable":true,"href":"https:\/\/nordicmart.andreevmaster.com\/fi\/wp-json\/wp\/v2\/media\/42457"}],"wp:attachment":[{"href":"https:\/\/nordicmart.andreevmaster.com\/fi\/wp-json\/wp\/v2\/media?parent=33647"}],"wp:term":[{"taxonomy":"product_brand","embeddable":true,"href":"https:\/\/nordicmart.andreevmaster.com\/fi\/wp-json\/wp\/v2\/product_brand?post=33647"},{"taxonomy":"product_cat","embeddable":true,"href":"https:\/\/nordicmart.andreevmaster.com\/fi\/wp-json\/wp\/v2\/product_cat?post=33647"},{"taxonomy":"product_tag","embeddable":true,"href":"https:\/\/nordicmart.andreevmaster.com\/fi\/wp-json\/wp\/v2\/product_tag?post=33647"}],"curies":[{"name":"wp","href":"https:\/\/api.w.org\/{rel}","templated":true}]}}