{"id":33646,"date":"2026-02-27T00:22:13","date_gmt":"2026-02-27T00:22:13","guid":{"rendered":"https:\/\/nordicmart.andreevmaster.com\/product\/songmics-peili-seinalle-120-x-47-cm-kaarevat-kulmat-kehykseton\/"},"modified":"2026-02-27T09:42:42","modified_gmt":"2026-02-27T09:42:42","slug":"songmics-peili-seinalle-120-x-47-cm-kaarevat-kulmat-kehykseton","status":"publish","type":"product","link":"https:\/\/nordicmart.andreevmaster.com\/fi\/tuote\/songmics-peili-seinalle-120-x-47-cm-kaarevat-kulmat-kehykseton\/","title":{"rendered":"SONGMICS peili sein\u00e4lle 120 x 47 cm, kaarevat kulmat, kehykset\u00f6n"},"content":{"rendered":"<p>SONGMICS peili sein\u00e4lle, sein\u00e4peili kokovartalopeili, 120 x 47 cm, kaareva kulma, peili oveen, kehykset\u00f6n, makuuhuoneeseen, olohuoneeseen, pukeutumishuoneeseen, musta LFM010B01<\/p>\n","protected":false},"excerpt":{"rendered":"<p>SONGMICS peili sein\u00e4lle, sein\u00e4peili kokovartalopeili, 120 x 47 cm, kaareva kulma, peili oveen, kehykset\u00f6n, makuuhuoneeseen, olohuoneeseen, pukeutumishuoneeseen, musta LFM010B01<\/p>\n","protected":false},"featured_media":42456,"comment_status":"open","ping_status":"closed","template":"","meta":[],"product_brand":[],"product_cat":[32],"product_tag":[],"class_list":{"0":"post-33646","1":"product","2":"type-product","3":"status-publish","4":"has-post-thumbnail","6":"product_cat-uncategorized-fi","8":"first","9":"instock","10":"shipping-taxable","11":"purchasable","12":"product-type-simple"},"_links":{"self":[{"href":"https:\/\/nordicmart.andreevmaster.com\/fi\/wp-json\/wp\/v2\/product\/33646","targetHints":{"allow":["GET"]}}],"collection":[{"href":"https:\/\/nordicmart.andreevmaster.com\/fi\/wp-json\/wp\/v2\/product"}],"about":[{"href":"https:\/\/nordicmart.andreevmaster.com\/fi\/wp-json\/wp\/v2\/types\/product"}],"replies":[{"embeddable":true,"href":"https:\/\/nordicmart.andreevmaster.com\/fi\/wp-json\/wp\/v2\/comments?post=33646"}],"wp:featuredmedia":[{"embeddable":true,"href":"https:\/\/nordicmart.andreevmaster.com\/fi\/wp-json\/wp\/v2\/media\/42456"}],"wp:attachment":[{"href":"https:\/\/nordicmart.andreevmaster.com\/fi\/wp-json\/wp\/v2\/media?parent=33646"}],"wp:term":[{"taxonomy":"product_brand","embeddable":true,"href":"https:\/\/nordicmart.andreevmaster.com\/fi\/wp-json\/wp\/v2\/product_brand?post=33646"},{"taxonomy":"product_cat","embeddable":true,"href":"https:\/\/nordicmart.andreevmaster.com\/fi\/wp-json\/wp\/v2\/product_cat?post=33646"},{"taxonomy":"product_tag","embeddable":true,"href":"https:\/\/nordicmart.andreevmaster.com\/fi\/wp-json\/wp\/v2\/product_tag?post=33646"}],"curies":[{"name":"wp","href":"https:\/\/api.w.org\/{rel}","templated":true}]}}