{"id":33645,"date":"2026-02-27T00:22:13","date_gmt":"2026-02-27T00:22:13","guid":{"rendered":"https:\/\/nordicmart.andreevmaster.com\/product\/vasagle-lattiavalaisin-kolmella-lampulla-ja-saadettavalla-kirkkaudella\/"},"modified":"2026-02-27T09:42:42","modified_gmt":"2026-02-27T09:42:42","slug":"vasagle-lattiavalaisin-kolmella-lampulla-ja-saadettavalla-kirkkaudella","status":"publish","type":"product","link":"https:\/\/nordicmart.andreevmaster.com\/fi\/tuote\/vasagle-lattiavalaisin-kolmella-lampulla-ja-saadettavalla-kirkkaudella\/","title":{"rendered":"VASAGLE lattiavalaisin kolmella lampulla ja s\u00e4\u00e4dett\u00e4v\u00e4ll\u00e4 kirkkaudella"},"content":{"rendered":"<p>VASAGLE lattiavalaisin, seisomavalaisin, 3 hehkulampulla, s\u00e4\u00e4dett\u00e4v\u00e4 kirkkaus, moderni, kangasp\u00e4\u00e4llysteinen lampunvarjostin, 3 E27-kannat, kulta-musta LFL003B02<br \/>\nV\u00e4ri: kulta-musta<br \/>\nMateriaali: ter\u00e4s, sementti, muovi, PVC-muovi, keinolin<br \/>\nKoko: 29 x 29 x 173 cm (S x L x K)<br \/>\nPaino: 4 kg<\/p>\n","protected":false},"excerpt":{"rendered":"<p>VASAGLE lattiavalaisin, seisomavalaisin, 3 hehkulampulla, s\u00e4\u00e4dett\u00e4v\u00e4 kirkkaus, moderni, kangasp\u00e4\u00e4llysteinen lampunvarjostin, 3 E27-kannat, kulta-musta LFL003B02<\/p>\n","protected":false},"featured_media":42455,"comment_status":"open","ping_status":"closed","template":"","meta":[],"product_brand":[],"product_cat":[32],"product_tag":[],"class_list":{"0":"post-33645","1":"product","2":"type-product","3":"status-publish","4":"has-post-thumbnail","6":"product_cat-uncategorized-fi","8":"first","9":"instock","10":"shipping-taxable","11":"purchasable","12":"product-type-simple"},"_links":{"self":[{"href":"https:\/\/nordicmart.andreevmaster.com\/fi\/wp-json\/wp\/v2\/product\/33645","targetHints":{"allow":["GET"]}}],"collection":[{"href":"https:\/\/nordicmart.andreevmaster.com\/fi\/wp-json\/wp\/v2\/product"}],"about":[{"href":"https:\/\/nordicmart.andreevmaster.com\/fi\/wp-json\/wp\/v2\/types\/product"}],"replies":[{"embeddable":true,"href":"https:\/\/nordicmart.andreevmaster.com\/fi\/wp-json\/wp\/v2\/comments?post=33645"}],"wp:featuredmedia":[{"embeddable":true,"href":"https:\/\/nordicmart.andreevmaster.com\/fi\/wp-json\/wp\/v2\/media\/42455"}],"wp:attachment":[{"href":"https:\/\/nordicmart.andreevmaster.com\/fi\/wp-json\/wp\/v2\/media?parent=33645"}],"wp:term":[{"taxonomy":"product_brand","embeddable":true,"href":"https:\/\/nordicmart.andreevmaster.com\/fi\/wp-json\/wp\/v2\/product_brand?post=33645"},{"taxonomy":"product_cat","embeddable":true,"href":"https:\/\/nordicmart.andreevmaster.com\/fi\/wp-json\/wp\/v2\/product_cat?post=33645"},{"taxonomy":"product_tag","embeddable":true,"href":"https:\/\/nordicmart.andreevmaster.com\/fi\/wp-json\/wp\/v2\/product_tag?post=33645"}],"curies":[{"name":"wp","href":"https:\/\/api.w.org\/{rel}","templated":true}]}}