{"id":33638,"date":"2026-02-27T00:22:11","date_gmt":"2026-02-27T00:22:11","guid":{"rendered":"https:\/\/nordicmart.andreevmaster.com\/product\/vasagle-yopoyta-kapea-sivupoyta-2-laatikkoa-ja-avoin-lokero\/"},"modified":"2026-02-27T09:42:41","modified_gmt":"2026-02-27T09:42:41","slug":"vasagle-yopoyta-kapea-sivupoyta-2-laatikkoa-ja-avoin-lokero","status":"publish","type":"product","link":"https:\/\/nordicmart.andreevmaster.com\/fi\/tuote\/vasagle-yopoyta-kapea-sivupoyta-2-laatikkoa-ja-avoin-lokero\/","title":{"rendered":"VASAGLE y\u00f6p\u00f6yt\u00e4, kapea, sivup\u00f6yt\u00e4, 2 laatikkoa ja avoin lokero"},"content":{"rendered":"<p>Y\u00f6p\u00f6yt\u00e4, 2 kpl, kapea, sivup\u00f6yt\u00e4 2 laatikolla, avoin lokero, joustava asennus, makuuhuoneeseen, olohuoneeseen, pilvinen valkoinen<br \/>\nTuotetiedot:<br \/>\n&#8211; V\u00e4ri: pilvinen valkoinen<br \/>\n&#8211; Materiaali: lastulevy, MDF (keskitihe\u00e4 kuitulevy)<br \/>\n&#8211; Koko: 30 x 25 x 65 cm (S x L x K)<br \/>\n&#8211; Paino: 9,6 kg<br \/>\n&#8211; P\u00f6yt\u00e4levyn maks. staattinen kantavuus: 45,4 kg<br \/>\n&#8211; Laatikosta maks. staattinen kantavuus: 4,5 kg<\/p>\n<p>Toimitus sis\u00e4lt\u00e4\u00e4:<br \/>\n&#8211; 1 x y\u00f6p\u00f6yt\u00e4<br \/>\n&#8211; 1 x lis\u00e4varustepaketti<br \/>\n&#8211; 1 x ohjeet<\/p>\n","protected":false},"excerpt":{"rendered":"<p>Y\u00f6p\u00f6yt\u00e4, 2 kpl, kapea, sivup\u00f6yt\u00e4 2 laatikolla, avoin lokero, joustava asennus, makuuhuoneeseen, olohuoneeseen, pilvinen valkoinen<\/p>\n","protected":false},"featured_media":42448,"comment_status":"open","ping_status":"closed","template":"","meta":[],"product_brand":[],"product_cat":[32],"product_tag":[],"class_list":{"0":"post-33638","1":"product","2":"type-product","3":"status-publish","4":"has-post-thumbnail","6":"product_cat-uncategorized-fi","8":"first","9":"instock","10":"shipping-taxable","11":"purchasable","12":"product-type-simple"},"_links":{"self":[{"href":"https:\/\/nordicmart.andreevmaster.com\/fi\/wp-json\/wp\/v2\/product\/33638","targetHints":{"allow":["GET"]}}],"collection":[{"href":"https:\/\/nordicmart.andreevmaster.com\/fi\/wp-json\/wp\/v2\/product"}],"about":[{"href":"https:\/\/nordicmart.andreevmaster.com\/fi\/wp-json\/wp\/v2\/types\/product"}],"replies":[{"embeddable":true,"href":"https:\/\/nordicmart.andreevmaster.com\/fi\/wp-json\/wp\/v2\/comments?post=33638"}],"wp:featuredmedia":[{"embeddable":true,"href":"https:\/\/nordicmart.andreevmaster.com\/fi\/wp-json\/wp\/v2\/media\/42448"}],"wp:attachment":[{"href":"https:\/\/nordicmart.andreevmaster.com\/fi\/wp-json\/wp\/v2\/media?parent=33638"}],"wp:term":[{"taxonomy":"product_brand","embeddable":true,"href":"https:\/\/nordicmart.andreevmaster.com\/fi\/wp-json\/wp\/v2\/product_brand?post=33638"},{"taxonomy":"product_cat","embeddable":true,"href":"https:\/\/nordicmart.andreevmaster.com\/fi\/wp-json\/wp\/v2\/product_cat?post=33638"},{"taxonomy":"product_tag","embeddable":true,"href":"https:\/\/nordicmart.andreevmaster.com\/fi\/wp-json\/wp\/v2\/product_tag?post=33638"}],"curies":[{"name":"wp","href":"https:\/\/api.w.org\/{rel}","templated":true}]}}