{"id":33637,"date":"2026-02-27T00:22:10","date_gmt":"2026-02-27T00:22:10","guid":{"rendered":"https:\/\/nordicmart.andreevmaster.com\/product\/vasagle-yopoyta-kapea-sivupoyta-2-laatikolla\/"},"modified":"2026-02-27T09:42:40","modified_gmt":"2026-02-27T09:42:40","slug":"vasagle-yopoyta-kapea-sivupoyta-2-laatikolla","status":"publish","type":"product","link":"https:\/\/nordicmart.andreevmaster.com\/fi\/tuote\/vasagle-yopoyta-kapea-sivupoyta-2-laatikolla\/","title":{"rendered":"VASAGLE y\u00f6p\u00f6yt\u00e4, kapea, sivup\u00f6yt\u00e4 2 laatikolla"},"content":{"rendered":"<p>Y\u00f6p\u00f6yt\u00e4, 2 kpl, kapea, sivup\u00f6yt\u00e4 2 laatikolla, avoin lokero, joustava asennus, makuuhuoneeseen, olohuoneeseen, pilvinen valkoinen<br \/>\nTekniset tiedot:<br \/>\n&#8211; Mitat: 30,1 x 25,1 x 65,1 cm (S x L x K)<br \/>\n&#8211; Paino: 9,6 kg<br \/>\n&#8211; P\u00f6yt\u00e4levyn maks. staattinen kantavuus: 45,4 kg<br \/>\n&#8211; Laatikosta maks. staattinen kantavuus: 4,5 kg<br \/>\n&#8211; Materiaali: lastulevy, MDF (keskitihe\u00e4 kuitulevy)<br \/>\n&#8211; V\u00e4rit: luonnonbeige-pilvinen valkoinen<\/p>\n","protected":false},"excerpt":{"rendered":"<p>Y\u00f6p\u00f6yt\u00e4, 2 kpl, kapea, sivup\u00f6yt\u00e4 2 laatikolla, avoin lokero, joustava asennus, makuuhuoneeseen, olohuoneeseen, pilvinen valkoinen<\/p>\n","protected":false},"featured_media":42447,"comment_status":"open","ping_status":"closed","template":"","meta":[],"product_brand":[],"product_cat":[32],"product_tag":[],"class_list":{"0":"post-33637","1":"product","2":"type-product","3":"status-publish","4":"has-post-thumbnail","6":"product_cat-uncategorized-fi","8":"first","9":"instock","10":"shipping-taxable","11":"purchasable","12":"product-type-simple"},"_links":{"self":[{"href":"https:\/\/nordicmart.andreevmaster.com\/fi\/wp-json\/wp\/v2\/product\/33637","targetHints":{"allow":["GET"]}}],"collection":[{"href":"https:\/\/nordicmart.andreevmaster.com\/fi\/wp-json\/wp\/v2\/product"}],"about":[{"href":"https:\/\/nordicmart.andreevmaster.com\/fi\/wp-json\/wp\/v2\/types\/product"}],"replies":[{"embeddable":true,"href":"https:\/\/nordicmart.andreevmaster.com\/fi\/wp-json\/wp\/v2\/comments?post=33637"}],"wp:featuredmedia":[{"embeddable":true,"href":"https:\/\/nordicmart.andreevmaster.com\/fi\/wp-json\/wp\/v2\/media\/42447"}],"wp:attachment":[{"href":"https:\/\/nordicmart.andreevmaster.com\/fi\/wp-json\/wp\/v2\/media?parent=33637"}],"wp:term":[{"taxonomy":"product_brand","embeddable":true,"href":"https:\/\/nordicmart.andreevmaster.com\/fi\/wp-json\/wp\/v2\/product_brand?post=33637"},{"taxonomy":"product_cat","embeddable":true,"href":"https:\/\/nordicmart.andreevmaster.com\/fi\/wp-json\/wp\/v2\/product_cat?post=33637"},{"taxonomy":"product_tag","embeddable":true,"href":"https:\/\/nordicmart.andreevmaster.com\/fi\/wp-json\/wp\/v2\/product_tag?post=33637"}],"curies":[{"name":"wp","href":"https:\/\/api.w.org\/{rel}","templated":true}]}}