{"id":33634,"date":"2026-02-27T00:22:09","date_gmt":"2026-02-27T00:22:09","guid":{"rendered":"https:\/\/nordicmart.andreevmaster.com\/product\/vasagle-moderni-yopoyta-3-laatikkoa-oljenkeltainen\/"},"modified":"2026-02-27T09:42:40","modified_gmt":"2026-02-27T09:42:40","slug":"vasagle-moderni-yopoyta-3-laatikkoa-oljenkeltainen","status":"publish","type":"product","link":"https:\/\/nordicmart.andreevmaster.com\/fi\/tuote\/vasagle-moderni-yopoyta-3-laatikkoa-oljenkeltainen\/","title":{"rendered":"VASAGLE moderni y\u00f6p\u00f6yt\u00e4, 3 laatikkoa, oljenkeltainen"},"content":{"rendered":"<p>Y\u00f6p\u00f6yt\u00e4 pistorasialistalla, sivup\u00f6yt\u00e4 3 laatikolla, 2 AC-pistorasiaa, 2 USB-A-liit\u00e4nt\u00e4\u00e4, moderni, pilvinen valkoinen<br \/>\nV\u00e4ri: eebenpuunmusta<br \/>\nMateriaali: lastulevy<br \/>\nKoko: 35 x 40 x 59 cm (S x L x K)<br \/>\nPaino: 13 kg<br \/>\nMaks. staattinen kokonaiskuormituskyky: 62 kg<\/p>\n","protected":false},"excerpt":{"rendered":"<p>Y\u00f6p\u00f6yt\u00e4 pistorasialistalla, sivup\u00f6yt\u00e4 3 laatikolla, 2 AC-pistorasiaa, 2 USB-A-liit\u00e4nt\u00e4\u00e4, moderni, pilvinen valkoinen<\/p>\n","protected":false},"featured_media":42444,"comment_status":"open","ping_status":"closed","template":"","meta":[],"product_brand":[],"product_cat":[32],"product_tag":[],"class_list":{"0":"post-33634","1":"product","2":"type-product","3":"status-publish","4":"has-post-thumbnail","6":"product_cat-uncategorized-fi","8":"first","9":"instock","10":"shipping-taxable","11":"purchasable","12":"product-type-simple"},"_links":{"self":[{"href":"https:\/\/nordicmart.andreevmaster.com\/fi\/wp-json\/wp\/v2\/product\/33634","targetHints":{"allow":["GET"]}}],"collection":[{"href":"https:\/\/nordicmart.andreevmaster.com\/fi\/wp-json\/wp\/v2\/product"}],"about":[{"href":"https:\/\/nordicmart.andreevmaster.com\/fi\/wp-json\/wp\/v2\/types\/product"}],"replies":[{"embeddable":true,"href":"https:\/\/nordicmart.andreevmaster.com\/fi\/wp-json\/wp\/v2\/comments?post=33634"}],"wp:featuredmedia":[{"embeddable":true,"href":"https:\/\/nordicmart.andreevmaster.com\/fi\/wp-json\/wp\/v2\/media\/42444"}],"wp:attachment":[{"href":"https:\/\/nordicmart.andreevmaster.com\/fi\/wp-json\/wp\/v2\/media?parent=33634"}],"wp:term":[{"taxonomy":"product_brand","embeddable":true,"href":"https:\/\/nordicmart.andreevmaster.com\/fi\/wp-json\/wp\/v2\/product_brand?post=33634"},{"taxonomy":"product_cat","embeddable":true,"href":"https:\/\/nordicmart.andreevmaster.com\/fi\/wp-json\/wp\/v2\/product_cat?post=33634"},{"taxonomy":"product_tag","embeddable":true,"href":"https:\/\/nordicmart.andreevmaster.com\/fi\/wp-json\/wp\/v2\/product_tag?post=33634"}],"curies":[{"name":"wp","href":"https:\/\/api.w.org\/{rel}","templated":true}]}}