{"id":33618,"date":"2026-02-27T00:22:05","date_gmt":"2026-02-27T00:22:05","guid":{"rendered":"https:\/\/nordicmart.andreevmaster.com\/product\/vasagle-sivupoyta-pieni-yopoyta-pistorasialistalla-kapea\/"},"modified":"2026-02-27T09:42:38","modified_gmt":"2026-02-27T09:42:38","slug":"vasagle-sivupoyta-pieni-yopoyta-pistorasialistalla-kapea","status":"publish","type":"product","link":"https:\/\/nordicmart.andreevmaster.com\/fi\/tuote\/vasagle-sivupoyta-pieni-yopoyta-pistorasialistalla-kapea\/","title":{"rendered":"VASAGLE sivup\u00f6yt\u00e4, pieni y\u00f6p\u00f6yt\u00e4 pistorasialistalla, kapea"},"content":{"rendered":"<p>VASAGLE sivup\u00f6yt\u00e4, y\u00f6p\u00f6yt\u00e4 pistorasialla, kapea, 2 AC-liit\u00e4nt\u00e4\u00e4, 2 USB-liit\u00e4nt\u00e4\u00e4, 30 x 34 x 58 cm, olohuoneeseen, makuuhuoneeseen, vintage-ruskea-musta LET375B01<br \/>\nTekniset tiedot:<br \/>\n&#8211; Mitat: 30 x 34 x 58 cm (S x L x K)<br \/>\n&#8211; Paino: 5,7 kg<br \/>\n&#8211; Maks. staattinen kantavuus hylly\u00e4 kohti: 10 kg<br \/>\n&#8211; Maks. staattinen kantavuus yhteens\u00e4: 30 kg<br \/>\n&#8211; Materiaali: lastulevy, ter\u00e4s<br \/>\n&#8211; V\u00e4rit: rustiikkinen ruskea ja musta<\/p>\n","protected":false},"excerpt":{"rendered":"<p>VASAGLE sivup\u00f6yt\u00e4, y\u00f6p\u00f6yt\u00e4 pistorasialla, kapea, 2 AC-liit\u00e4nt\u00e4\u00e4, 2 USB-liit\u00e4nt\u00e4\u00e4, 30 x 34 x 58 cm, olohuoneeseen, makuuhuoneeseen, vintage-ruskea-musta LET375B01<\/p>\n","protected":false},"featured_media":42428,"comment_status":"open","ping_status":"closed","template":"","meta":[],"product_brand":[],"product_cat":[32],"product_tag":[],"class_list":{"0":"post-33618","1":"product","2":"type-product","3":"status-publish","4":"has-post-thumbnail","6":"product_cat-uncategorized-fi","8":"first","9":"instock","10":"shipping-taxable","11":"purchasable","12":"product-type-simple"},"_links":{"self":[{"href":"https:\/\/nordicmart.andreevmaster.com\/fi\/wp-json\/wp\/v2\/product\/33618","targetHints":{"allow":["GET"]}}],"collection":[{"href":"https:\/\/nordicmart.andreevmaster.com\/fi\/wp-json\/wp\/v2\/product"}],"about":[{"href":"https:\/\/nordicmart.andreevmaster.com\/fi\/wp-json\/wp\/v2\/types\/product"}],"replies":[{"embeddable":true,"href":"https:\/\/nordicmart.andreevmaster.com\/fi\/wp-json\/wp\/v2\/comments?post=33618"}],"wp:featuredmedia":[{"embeddable":true,"href":"https:\/\/nordicmart.andreevmaster.com\/fi\/wp-json\/wp\/v2\/media\/42428"}],"wp:attachment":[{"href":"https:\/\/nordicmart.andreevmaster.com\/fi\/wp-json\/wp\/v2\/media?parent=33618"}],"wp:term":[{"taxonomy":"product_brand","embeddable":true,"href":"https:\/\/nordicmart.andreevmaster.com\/fi\/wp-json\/wp\/v2\/product_brand?post=33618"},{"taxonomy":"product_cat","embeddable":true,"href":"https:\/\/nordicmart.andreevmaster.com\/fi\/wp-json\/wp\/v2\/product_cat?post=33618"},{"taxonomy":"product_tag","embeddable":true,"href":"https:\/\/nordicmart.andreevmaster.com\/fi\/wp-json\/wp\/v2\/product_tag?post=33618"}],"curies":[{"name":"wp","href":"https:\/\/api.w.org\/{rel}","templated":true}]}}