{"id":33613,"date":"2026-02-27T00:22:04","date_gmt":"2026-02-27T00:22:04","guid":{"rendered":"https:\/\/nordicmart.andreevmaster.com\/product\/vasagle-sivupoyta-sohvapoyta-pieni-pyorea-poyta\/"},"modified":"2026-02-27T09:42:37","modified_gmt":"2026-02-27T09:42:37","slug":"vasagle-sivupoyta-sohvapoyta-pieni-pyorea-poyta","status":"publish","type":"product","link":"https:\/\/nordicmart.andreevmaster.com\/fi\/tuote\/vasagle-sivupoyta-sohvapoyta-pieni-pyorea-poyta\/","title":{"rendered":"VASAGLE sivup\u00f6yt\u00e4, sohvap\u00f6yt\u00e4, pieni py\u00f6re\u00e4 p\u00f6yt\u00e4"},"content":{"rendered":"<p>VASAGLE sivup\u00f6yt\u00e4, sohvap\u00f6yt\u00e4, pieni py\u00f6re\u00e4 p\u00f6yt\u00e4 olohuoneeseen, 40 x 50 cm, puulevy, y\u00f6p\u00f6yt\u00e4 pieniin tiloihin, alaosassa s\u00e4ilytystila, moderni tyyli, valkoinen LET283T14<br \/>\nTekniset tiedot:<br \/>\n&#8211; Mitat: 40 cm (syvyys), 50 cm (korkeus)<br \/>\n&#8211; Paino: 4,1 kg<br \/>\n&#8211; Maks. staattinen kantavuus: 90 kg<br \/>\n&#8211; Materiaali: lastulevy<br \/>\n&#8211; V\u00e4rit: savuharmaa<\/p>\n","protected":false},"excerpt":{"rendered":"<p>VASAGLE sivup\u00f6yt\u00e4, sohvap\u00f6yt\u00e4, pieni py\u00f6re\u00e4 p\u00f6yt\u00e4 olohuoneeseen, 40 x 50 cm, puulevy, y\u00f6p\u00f6yt\u00e4 pieniin tiloihin, alaosassa s\u00e4ilytystila, moderni tyyli, valkoinen LET283T14<\/p>\n","protected":false},"featured_media":42423,"comment_status":"open","ping_status":"closed","template":"","meta":[],"product_brand":[],"product_cat":[32],"product_tag":[],"class_list":{"0":"post-33613","1":"product","2":"type-product","3":"status-publish","4":"has-post-thumbnail","6":"product_cat-uncategorized-fi","8":"first","9":"instock","10":"shipping-taxable","11":"purchasable","12":"product-type-simple"},"_links":{"self":[{"href":"https:\/\/nordicmart.andreevmaster.com\/fi\/wp-json\/wp\/v2\/product\/33613","targetHints":{"allow":["GET"]}}],"collection":[{"href":"https:\/\/nordicmart.andreevmaster.com\/fi\/wp-json\/wp\/v2\/product"}],"about":[{"href":"https:\/\/nordicmart.andreevmaster.com\/fi\/wp-json\/wp\/v2\/types\/product"}],"replies":[{"embeddable":true,"href":"https:\/\/nordicmart.andreevmaster.com\/fi\/wp-json\/wp\/v2\/comments?post=33613"}],"wp:featuredmedia":[{"embeddable":true,"href":"https:\/\/nordicmart.andreevmaster.com\/fi\/wp-json\/wp\/v2\/media\/42423"}],"wp:attachment":[{"href":"https:\/\/nordicmart.andreevmaster.com\/fi\/wp-json\/wp\/v2\/media?parent=33613"}],"wp:term":[{"taxonomy":"product_brand","embeddable":true,"href":"https:\/\/nordicmart.andreevmaster.com\/fi\/wp-json\/wp\/v2\/product_brand?post=33613"},{"taxonomy":"product_cat","embeddable":true,"href":"https:\/\/nordicmart.andreevmaster.com\/fi\/wp-json\/wp\/v2\/product_cat?post=33613"},{"taxonomy":"product_tag","embeddable":true,"href":"https:\/\/nordicmart.andreevmaster.com\/fi\/wp-json\/wp\/v2\/product_tag?post=33613"}],"curies":[{"name":"wp","href":"https:\/\/api.w.org\/{rel}","templated":true}]}}