{"id":33609,"date":"2026-02-27T00:22:03","date_gmt":"2026-02-27T00:22:03","guid":{"rendered":"https:\/\/nordicmart.andreevmaster.com\/product\/vasagle-kulmainen-sivupoyta-pieni-poyta-pieni-sohvapoyta\/"},"modified":"2026-02-27T09:42:36","modified_gmt":"2026-02-27T09:42:36","slug":"vasagle-kulmainen-sivupoyta-pieni-poyta-pieni-sohvapoyta","status":"publish","type":"product","link":"https:\/\/nordicmart.andreevmaster.com\/fi\/tuote\/vasagle-kulmainen-sivupoyta-pieni-poyta-pieni-sohvapoyta\/","title":{"rendered":"VASAGLE kulmainen sivup\u00f6yt\u00e4, pieni p\u00f6yt\u00e4, pieni sohvap\u00f6yt\u00e4"},"content":{"rendered":"<p>VASAGLE sivup\u00f6yt\u00e4, sohvap\u00f6yt\u00e4 kangaskorilla, moderni olohuoneen p\u00f6yt\u00e4, neli\u00f6nmuotoinen p\u00f6yt\u00e4, olohuoneeseen, makuuhuoneeseen, mattavalkoinen-kamelinruskea LET229W10<br \/>\nTekniset tiedot:<br \/>\n&#8211; Mitat: 30 x 60 x 60 cm (S x L x K)<br \/>\n&#8211; Korin mitat: 25 x 54 x 18 cm (S x L x K)<br \/>\n&#8211; Paino: 4,1 kg<br \/>\n&#8211; P\u00f6yt\u00e4levyn maks. staattinen kantavuus: 25 kg<br \/>\n&#8211; Materiaali: lastulevy<br \/>\n&#8211; V\u00e4rit: savuharmaa<\/p>\n","protected":false},"excerpt":{"rendered":"<p>VASAGLE sivup\u00f6yt\u00e4, sohvap\u00f6yt\u00e4 kangaskorilla, moderni olohuoneen p\u00f6yt\u00e4, neli\u00f6nmuotoinen p\u00f6yt\u00e4, olohuoneeseen, makuuhuoneeseen, mattavalkoinen-kamelinruskea LET229W10<\/p>\n","protected":false},"featured_media":42420,"comment_status":"open","ping_status":"closed","template":"","meta":[],"product_brand":[],"product_cat":[32],"product_tag":[],"class_list":{"0":"post-33609","1":"product","2":"type-product","3":"status-publish","4":"has-post-thumbnail","6":"product_cat-uncategorized-fi","8":"first","9":"instock","10":"shipping-taxable","11":"purchasable","12":"product-type-simple"},"_links":{"self":[{"href":"https:\/\/nordicmart.andreevmaster.com\/fi\/wp-json\/wp\/v2\/product\/33609","targetHints":{"allow":["GET"]}}],"collection":[{"href":"https:\/\/nordicmart.andreevmaster.com\/fi\/wp-json\/wp\/v2\/product"}],"about":[{"href":"https:\/\/nordicmart.andreevmaster.com\/fi\/wp-json\/wp\/v2\/types\/product"}],"replies":[{"embeddable":true,"href":"https:\/\/nordicmart.andreevmaster.com\/fi\/wp-json\/wp\/v2\/comments?post=33609"}],"wp:featuredmedia":[{"embeddable":true,"href":"https:\/\/nordicmart.andreevmaster.com\/fi\/wp-json\/wp\/v2\/media\/42420"}],"wp:attachment":[{"href":"https:\/\/nordicmart.andreevmaster.com\/fi\/wp-json\/wp\/v2\/media?parent=33609"}],"wp:term":[{"taxonomy":"product_brand","embeddable":true,"href":"https:\/\/nordicmart.andreevmaster.com\/fi\/wp-json\/wp\/v2\/product_brand?post=33609"},{"taxonomy":"product_cat","embeddable":true,"href":"https:\/\/nordicmart.andreevmaster.com\/fi\/wp-json\/wp\/v2\/product_cat?post=33609"},{"taxonomy":"product_tag","embeddable":true,"href":"https:\/\/nordicmart.andreevmaster.com\/fi\/wp-json\/wp\/v2\/product_tag?post=33609"}],"curies":[{"name":"wp","href":"https:\/\/api.w.org\/{rel}","templated":true}]}}