{"id":33600,"date":"2026-02-27T00:22:01","date_gmt":"2026-02-27T00:22:01","guid":{"rendered":"https:\/\/nordicmart.andreevmaster.com\/product\/songmics-sivupoytasetti-pyorea-2-modernia-sohvapoytaa-minimalistinen\/"},"modified":"2026-02-27T09:42:35","modified_gmt":"2026-02-27T09:42:35","slug":"songmics-sivupoytasetti-pyorea-2-modernia-sohvapoytaa-minimalistinen","status":"publish","type":"product","link":"https:\/\/nordicmart.andreevmaster.com\/fi\/tuote\/songmics-sivupoytasetti-pyorea-2-modernia-sohvapoytaa-minimalistinen\/","title":{"rendered":"SONGMICS sivup\u00f6yt\u00e4setti, py\u00f6re\u00e4, 2 modernia sohvap\u00f6yt\u00e4\u00e4, minimalistinen"},"content":{"rendered":"<p>Yhdist\u00e4\u00e4 k\u00e4yt\u00e4nn\u00f6llisyyden ja kauneuden Verrattuna perinteiseen pitk\u00e4\u00e4n sivup\u00f6yt\u00e4\u00e4n, voit her\u00e4tt\u00e4\u00e4 kotisi eloon silmiinpist\u00e4v\u00e4ll\u00e4 skandinaavisella py\u00f6re\u00e4ll\u00e4 p\u00f6yd\u00e4ll\u00e4. Skandinaavinen tyyli on selke\u00e4 ja elegantti, ja se on saanut inspiraationsa luonnosta ja rakkaudesta yksinkertaisuuteen. Py\u00f6re\u00e4 p\u00f6yt\u00e4 onkin moderni ja yksinkertainen. Elegantti, yksinkertainen, tyylik\u00e4s. Toimitus sis\u00e4lt\u00e4\u00e4: 2 x p\u00f6yt\u00e4, 1 x kiinnityspussi, 1 x ohjeet. Huomautukset: V\u00e4lt\u00e4 asettamasta liian painavia esineit\u00e4 p\u00f6yd\u00e4n p\u00e4\u00e4lle. \u00c4l\u00e4 istu p\u00f6yd\u00e4ll\u00e4!<\/p>\n","protected":false},"excerpt":{"rendered":"<p>Sivup\u00f6yt\u00e4setti, py\u00f6re\u00e4, 2 modernia sohvap\u00f6yt\u00e4\u00e4, minimalistinen, skandinaavinen tyyli, jaloilla, massiivipuuta, olohuoneeseen, valkoinen-luonnonv\u00e4ri<\/p>\n","protected":false},"featured_media":42411,"comment_status":"open","ping_status":"closed","template":"","meta":[],"product_brand":[],"product_cat":[32],"product_tag":[],"class_list":{"0":"post-33600","1":"product","2":"type-product","3":"status-publish","4":"has-post-thumbnail","6":"product_cat-uncategorized-fi","8":"first","9":"instock","10":"shipping-taxable","11":"purchasable","12":"product-type-simple"},"_links":{"self":[{"href":"https:\/\/nordicmart.andreevmaster.com\/fi\/wp-json\/wp\/v2\/product\/33600","targetHints":{"allow":["GET"]}}],"collection":[{"href":"https:\/\/nordicmart.andreevmaster.com\/fi\/wp-json\/wp\/v2\/product"}],"about":[{"href":"https:\/\/nordicmart.andreevmaster.com\/fi\/wp-json\/wp\/v2\/types\/product"}],"replies":[{"embeddable":true,"href":"https:\/\/nordicmart.andreevmaster.com\/fi\/wp-json\/wp\/v2\/comments?post=33600"}],"wp:featuredmedia":[{"embeddable":true,"href":"https:\/\/nordicmart.andreevmaster.com\/fi\/wp-json\/wp\/v2\/media\/42411"}],"wp:attachment":[{"href":"https:\/\/nordicmart.andreevmaster.com\/fi\/wp-json\/wp\/v2\/media?parent=33600"}],"wp:term":[{"taxonomy":"product_brand","embeddable":true,"href":"https:\/\/nordicmart.andreevmaster.com\/fi\/wp-json\/wp\/v2\/product_brand?post=33600"},{"taxonomy":"product_cat","embeddable":true,"href":"https:\/\/nordicmart.andreevmaster.com\/fi\/wp-json\/wp\/v2\/product_cat?post=33600"},{"taxonomy":"product_tag","embeddable":true,"href":"https:\/\/nordicmart.andreevmaster.com\/fi\/wp-json\/wp\/v2\/product_tag?post=33600"}],"curies":[{"name":"wp","href":"https:\/\/api.w.org\/{rel}","templated":true}]}}